{"id":417,"date":"2024-08-20T18:55:18","date_gmt":"2024-08-20T18:55:18","guid":{"rendered":"https:\/\/deepseaousdev.wpenginepowered.com\/attistibas-un-epilepsijas-encefalopatijas\/"},"modified":"2026-03-03T14:35:21","modified_gmt":"2026-03-03T14:35:21","slug":"attistibas-un-epilepsijas-encefalopatijas","status":"publish","type":"page","link":"https:\/\/deepdsstudy.global\/lv-lv\/attistibas-un-epilepsijas-encefalopatijas\/","title":{"rendered":"Att\u012bst\u012bbas un epilepsijas encefalop\u0101tijas"},"content":{"rendered":"<p>[et_pb_section fb_built=&#8221;1&#8243; _builder_version=&#8221;4.27.0&#8243; _module_preset=&#8221;default&#8221; background_image=&#8221;https:\/\/deepdsstudy.global\/wp-content\/uploads\/2024\/09\/hero_2-1.png&#8221; background_size=&#8221;contain&#8221; background_position=&#8221;top_center&#8221; custom_padding=&#8221;20px||||false|false&#8221; global_colors_info=&#8221;{}&#8221;][et_pb_row _builder_version=&#8221;4.27.0&#8243; _module_preset=&#8221;default&#8221; custom_margin=&#8221;3.5vw||0px||false|false&#8221; custom_margin_tablet=&#8221;0vw||0px||false|false&#8221; custom_margin_phone=&#8221;0vw||0px||false|false&#8221; custom_margin_last_edited=&#8221;on|phone&#8221; custom_padding=&#8221;0px||0px||false|false&#8221; global_colors_info=&#8221;{}&#8221;][et_pb_column type=&#8221;4_4&#8243; _builder_version=&#8221;4.27.0&#8243; _module_preset=&#8221;default&#8221; global_colors_info=&#8221;{}&#8221;][et_pb_image src=&#8221;https:\/\/deepdsstudy.global\/wp-content\/uploads\/2024\/09\/turtle.png&#8221; title_text=&#8221;turtle&#8221; align=&#8221;right&#8221; _builder_version=&#8221;4.27.0&#8243; _module_preset=&#8221;default&#8221; width=&#8221;30%&#8221; width_tablet=&#8221;30%&#8221; width_phone=&#8221;40%&#8221; width_last_edited=&#8221;on|phone&#8221; max_width=&#8221;240px&#8221; custom_margin=&#8221;||0px||false|false&#8221; custom_padding=&#8221;0px||0px||false|false&#8221; global_colors_info=&#8221;{}&#8221;][\/et_pb_image][\/et_pb_column][\/et_pb_row][et_pb_row custom_padding_last_edited=&#8221;on|tablet&#8221; _builder_version=&#8221;4.27.0&#8243; _module_preset=&#8221;default&#8221; custom_margin_tablet=&#8221;&#8221; custom_margin_phone=&#8221;&#8221; custom_margin_last_edited=&#8221;on|phone&#8221; custom_padding=&#8221;||||false|false&#8221; custom_padding_tablet=&#8221;||0px||false|false&#8221; custom_padding_phone=&#8221;20px||0px||false|false&#8221; global_colors_info=&#8221;{}&#8221;][et_pb_column type=&#8221;4_4&#8243; _builder_version=&#8221;4.27.0&#8243; _module_preset=&#8221;default&#8221; global_colors_info=&#8221;{}&#8221;][et_pb_heading title=&#8221;KAS IR ATT\u012aST\u012aBAS UN EPILEPSIJAS ENCEFALOP\u0100TIJAS?&#8221; _builder_version=&#8221;4.27.0&#8243; _module_preset=&#8221;default&#8221; title_font=&#8221;|700|||||||&#8221; title_text_align=&#8221;center&#8221; title_text_color=&#8221;#44A083&#8243; title_font_size=&#8221;32px&#8221; custom_margin=&#8221;||10px||false|false&#8221; custom_margin_tablet=&#8221;||10px||false|false&#8221; custom_margin_phone=&#8221;||||false|false&#8221; custom_margin_last_edited=&#8221;on|phone&#8221; custom_padding=&#8221;||||false|false&#8221; title_font_size_tablet=&#8221;32px&#8221; title_font_size_phone=&#8221;&#8221; title_font_size_last_edited=&#8221;on|phone&#8221; global_colors_info=&#8221;{}&#8221;][\/et_pb_heading][et_pb_divider color=&#8221;#44A083&#8243; divider_weight=&#8221;1.5px&#8221; _builder_version=&#8221;4.27.0&#8243; _module_preset=&#8221;default&#8221; max_width=&#8221;560px&#8221; module_alignment=&#8221;center&#8221; custom_margin=&#8221;10px||0px||false|false&#8221; global_colors_info=&#8221;{}&#8221;][\/et_pb_divider][\/et_pb_column][\/et_pb_row][et_pb_row column_structure=&#8221;1_2,1_2&#8243; _builder_version=&#8221;4.27.0&#8243; _module_preset=&#8221;default&#8221; custom_margin=&#8221;||||false|false&#8221; custom_padding=&#8221;||||false|false&#8221; global_colors_info=&#8221;{}&#8221;][et_pb_column type=&#8221;1_2&#8243; _builder_version=&#8221;4.27.0&#8243; _module_preset=&#8221;default&#8221; global_colors_info=&#8221;{}&#8221;][et_pb_text _builder_version=&#8221;4.27.5&#8243; _module_preset=&#8221;default&#8221; header_3_font=&#8221;|700|||||||&#8221; global_colors_info=&#8221;{}&#8221;]<\/p>\n<h3>Att\u012bst\u012bbas un epilepsijas encefalop\u0101tijas (DEE) ir smaga epilepsijas forma, kas ietekm\u0113 m\u0101c\u012b\u0161anos un att\u012bst\u012bbu un bie\u017ei s\u0101kas z\u012bdai\u0146a vecum\u0101 vai b\u0113rn\u012bb\u0101. Lenoksa-Gasto sindroms (LGS) ir viens no DEE piem\u0113riem, ta\u010du ar\u012b daudzas citas diagnozes ietilpst \u0161aj\u0101 spektr\u0101. Skartajiem pacientiem un vi\u0146u \u0123imen\u0113m DEE simptomu izpra\u0161ana var b\u016bt emocion\u0101ls p\u0101rdz\u012bvojums. <\/h3>\n<p>[\/et_pb_text][\/et_pb_column][et_pb_column type=&#8221;1_2&#8243; _builder_version=&#8221;4.27.0&#8243; _module_preset=&#8221;default&#8221; global_colors_info=&#8221;{}&#8221;][et_pb_text ul_item_indent=&#8221;35px&#8221; ul_item_indent_tablet=&#8221;30px&#8221; ul_item_indent_phone=&#8221;20px&#8221; ul_item_indent_last_edited=&#8221;on|phone&#8221; _builder_version=&#8221;4.27.5&#8243; _module_preset=&#8221;default&#8221; link_font=&#8221;||||on||||&#8221; link_text_color=&#8221;#44A083&#8243; header_3_font=&#8221;|700|||||||&#8221; custom_margin=&#8221;||0px||false|false&#8221; custom_padding=&#8221;||0px||false|false&#8221; hover_enabled=&#8221;0&#8243; global_colors_info=&#8221;{}&#8221; link_text_color__hover_enabled=&#8221;on|hover&#8221; link_text_color__hover=&#8221;#213A70&#8243; sticky_enabled=&#8221;0&#8243;]<\/p>\n<h3><a href=\"https:\/\/dravet.eu\/\" target=\"_blank\" rel=\"noopener\">Epilepsijas fonds<\/a> ir nor\u0101d\u012bjis da\u017eus citus simptomus, kas saist\u012bti ar slim\u012bbu, piem\u0113ram:<\/h3>\n<ul>\n<li>uzved\u012bbas un att\u012bst\u012bbas kav\u0113\u0161an\u0101s;<\/li>\n<li>kust\u012bbu un l\u012bdzsvara probl\u0113mas;<\/li>\n<li>aizkav\u0113ta valodas un runas att\u012bst\u012bba un citi.<\/li>\n<\/ul>\n<p>[\/et_pb_text][\/et_pb_column][\/et_pb_row][\/et_pb_section][et_pb_section fb_built=&#8221;1&#8243; _builder_version=&#8221;4.27.0&#8243; _module_preset=&#8221;default&#8221; background_color=&#8221;#F6FAF6&#8243; global_colors_info=&#8221;{}&#8221;][et_pb_row _builder_version=&#8221;4.27.0&#8243; _module_preset=&#8221;default&#8221; custom_margin=&#8221;||||false|false&#8221; custom_padding=&#8221;10px||0px||false|false&#8221; global_colors_info=&#8221;{}&#8221;][et_pb_column type=&#8221;4_4&#8243; _builder_version=&#8221;4.27.0&#8243; _module_preset=&#8221;default&#8221; global_colors_info=&#8221;{}&#8221;][et_pb_text _builder_version=&#8221;4.27.5&#8243; _module_preset=&#8221;default&#8221; text_font=&#8221;||||||||&#8221; header_font=&#8221;||||||||&#8221; text_orientation=&#8221;center&#8221; custom_margin=&#8221;||||false|false&#8221; global_colors_info=&#8221;{}&#8221;]<\/p>\n<h2>DEE izaicin\u0101jumi var b\u016bt \u012bpa\u0161i sare\u017e\u0123\u012bti, un tiem nepiecie\u0161ama \u012bpa\u0161a apr\u016bpe un izpratne. Ir svar\u012bgi apzin\u0101ties, ka ikviens st\u0101sts ir unik\u0101ls un v\u0113r\u0161an\u0101s p\u0113c pal\u012bdz\u012bbas un saskarsmes var rad\u012bt b\u016btiskas p\u0101rmai\u0146as. <\/h2>\n<p>[\/et_pb_text][\/et_pb_column][\/et_pb_row][\/et_pb_section][et_pb_section fb_built=&#8221;1&#8243; _builder_version=&#8221;4.27.0&#8243; _module_preset=&#8221;default&#8221; background_color=&#8221;#FFFFFF&#8221; background_enable_image=&#8221;off&#8221; background_size=&#8221;contain&#8221; background_position=&#8221;top_center&#8221; background_vertical_offset=&#8221;-7%&#8221; custom_padding=&#8221;||||false|false&#8221; global_colors_info=&#8221;{}&#8221;][et_pb_row column_structure=&#8221;2_5,3_5&#8243; make_equal=&#8221;on&#8221; _builder_version=&#8221;4.27.0&#8243; _module_preset=&#8221;default&#8221; module_alignment=&#8221;center&#8221; custom_margin=&#8221;||||false|false&#8221; custom_css_main_element=&#8221;align-items: center;&#8221; global_colors_info=&#8221;{}&#8221;][et_pb_column type=&#8221;2_5&#8243; _builder_version=&#8221;4.27.0&#8243; _module_preset=&#8221;default&#8221; global_colors_info=&#8221;{}&#8221;][et_pb_image src=&#8221;https:\/\/deepdsstudy.global\/wp-content\/uploads\/2024\/09\/fish-seahorse-circle.png&#8221; title_text=&#8221;fish-seahorse-circle&#8221; _builder_version=&#8221;4.27.0&#8243; _module_preset=&#8221;default&#8221; max_width=&#8221;340px&#8221; module_alignment=&#8221;right&#8221; module_alignment_tablet=&#8221;center&#8221; module_alignment_phone=&#8221;center&#8221; module_alignment_last_edited=&#8221;on|tablet&#8221; global_colors_info=&#8221;{}&#8221;][\/et_pb_image][\/et_pb_column][et_pb_column type=&#8221;3_5&#8243; _builder_version=&#8221;4.27.0&#8243; _module_preset=&#8221;default&#8221; global_colors_info=&#8221;{}&#8221;][et_pb_text _builder_version=&#8221;4.27.5&#8243; _module_preset=&#8221;default&#8221; header_2_font=&#8221;|700|||||||&#8221; header_2_text_color=&#8221;#44A083&#8243; header_3_font=&#8221;|700|||||||&#8221; header_3_text_color=&#8221;#44A083&#8243; custom_margin=&#8221;||0px||false|false&#8221; global_colors_info=&#8221;{}&#8221;]<\/p>\n<h2>Dz\u012bve ar att\u012bst\u012bbas un epilepsijas encefalop\u0101tij\u0101m da\u017ek\u0101rt var \u0161\u0137ist nom\u0101co\u0161a, tom\u0113r \u0123imen\u0113m ir svar\u012bgi zin\u0101t, ka t\u0101s nav vienas.<\/h2>\n<p>[\/et_pb_text][et_pb_divider color=&#8221;#44A083&#8243; divider_weight=&#8221;1.5px&#8221; _builder_version=&#8221;4.27.0&#8243; _module_preset=&#8221;default&#8221; max_width=&#8221;99%&#8221; module_alignment=&#8221;left&#8221; custom_margin=&#8221;10px||0px||false|false&#8221; locked=&#8221;off&#8221; global_colors_info=&#8221;{}&#8221;][\/et_pb_divider][et_pb_text _builder_version=&#8221;4.27.5&#8243; _module_preset=&#8221;default&#8221; global_colors_info=&#8221;{}&#8221;]<\/p>\n<p>\u0122imenes resursi un atbalsts ir pieejams vietn\u0113 DEE-P Connections pieaugo\u0161ajai apr\u016bp\u0113t\u0101ju kopienai un person\u0101m, kuras saskaras ar l\u012bdz\u012bg\u0101m probl\u0113m\u0101m. Tiek p\u0113t\u012btas \u0101rst\u0113\u0161anas iesp\u0113jas, lai uzlabotu dz\u012bves kvalit\u0101ti gan b\u0113rniem, gan pieaugu\u0161ajiem. <\/p>\n<p>[\/et_pb_text][\/et_pb_column][\/et_pb_row][et_pb_row custom_padding_last_edited=&#8221;on|tablet&#8221; _builder_version=&#8221;4.27.0&#8243; _module_preset=&#8221;default&#8221; custom_padding_tablet=&#8221;0px||||false|false&#8221; custom_padding_phone=&#8221;0px||||false|false&#8221; global_colors_info=&#8221;{}&#8221;][et_pb_column type=&#8221;4_4&#8243; _builder_version=&#8221;4.27.0&#8243; _module_preset=&#8221;default&#8221; global_colors_info=&#8221;{}&#8221;][et_pb_text _builder_version=&#8221;4.27.5&#8243; _module_preset=&#8221;default&#8221; header_2_font=&#8221;|700|||||||&#8221; header_3_font=&#8221;|700|||||||&#8221; text_orientation=&#8221;center&#8221; custom_margin=&#8221;||0px||false|false&#8221; custom_padding=&#8221;||0px||false|false&#8221; global_colors_info=&#8221;{}&#8221;]<\/p>\n<h2>Kop\u0101 m\u0113s varam veicin\u0101t atbalsto\u0161u vidi, kur\u0101 kop\u012bga pieredze un resursi \u0123imen\u0113m var sniegt cer\u012bbu un iztur\u012bbu c\u012b\u0146\u0101 ar \u0161o slim\u012bbu.<\/h2>\n<p>[\/et_pb_text][et_pb_button button_url=&#8221;\/lv-lv\/#eligibility&#8221; button_text=&#8221;Piedalieties DEE p\u0113t\u012bjum\u0101&#8221; button_alignment=&#8221;center&#8221; _builder_version=&#8221;4.27.0&#8243; _module_preset=&#8221;default&#8221; custom_button=&#8221;on&#8221; button_text_size=&#8221;16px&#8221; button_text_color=&#8221;#FFFFFF&#8221; button_bg_color=&#8221;#043673&#8243; button_border_width=&#8221;0px&#8221; button_border_radius=&#8221;30px&#8221; button_font=&#8221;&#8211;et_global_heading_font|700|||||||&#8221; button_use_icon=&#8221;off&#8221; custom_margin=&#8221;20px||20px||false|false&#8221; custom_padding=&#8221;10px|45px|10px|45px|true|true&#8221; global_colors_info=&#8221;{}&#8221; button_bg_color__hover=&#8221;#44A083&#8243; button_bg_color__hover_enabled=&#8221;on|hover&#8221; button_icon_color__hover=&#8221;#043673&#8243; button_icon_color__hover_enabled=&#8221;on|hover&#8221;][\/et_pb_button][\/et_pb_column][\/et_pb_row][\/et_pb_section][et_pb_section fb_built=&#8221;1&#8243; next_background_color=&#8221;#ffffff&#8221; _builder_version=&#8221;4.27.0&#8243; _module_preset=&#8221;default&#8221; background_color=&#8221;#213A70&#8243; custom_padding=&#8221;54px||120px||false|false&#8221; bottom_divider_style=&#8221;wave&#8221; bottom_divider_height=&#8221;50px&#8221; global_colors_info=&#8221;{}&#8221;][et_pb_row custom_padding_last_edited=&#8221;on|phone&#8221; _builder_version=&#8221;4.27.0&#8243; _module_preset=&#8221;default&#8221; custom_padding_tablet=&#8221;&#8221; custom_padding_phone=&#8221;&#8221; global_colors_info=&#8221;{}&#8221;][et_pb_column type=&#8221;4_4&#8243; _builder_version=&#8221;4.27.0&#8243; _module_preset=&#8221;default&#8221; global_colors_info=&#8221;{}&#8221;][et_pb_heading title=&#8221;PAR P\u0112T\u0100M\u0100M Z\u0100L\u0112M&#8221; _builder_version=&#8221;4.27.0&#8243; _module_preset=&#8221;default&#8221; title_level=&#8221;h2&#8243; title_font=&#8221;|700|||||||&#8221; title_text_align=&#8221;center&#8221; title_text_color=&#8221;#A9D5C3&#8243; title_font_size=&#8221;32px&#8221; custom_margin=&#8221;||10px||false|false&#8221; title_font_size_tablet=&#8221;32px&#8221; title_font_size_phone=&#8221;26px&#8221; title_font_size_last_edited=&#8221;on|tablet&#8221; global_colors_info=&#8221;{}&#8221;][\/et_pb_heading][et_pb_divider color=&#8221;#A9D5C3&#8243; divider_weight=&#8221;1.5px&#8221; _builder_version=&#8221;4.27.0&#8243; _module_preset=&#8221;default&#8221; max_width=&#8221;670px&#8221; module_alignment=&#8221;center&#8221; custom_margin=&#8221;10px||20px||false|false&#8221; global_colors_info=&#8221;{}&#8221;][\/et_pb_divider][et_pb_text _builder_version=&#8221;4.27.5&#8243; _module_preset=&#8221;default&#8221; header_2_font=&#8221;|700|||||||&#8221; header_2_text_color=&#8221;#FFFFFF&#8221; header_3_font=&#8221;|700|||||||&#8221; header_3_text_color=&#8221;#44A083&#8243; text_orientation=&#8221;center&#8221; custom_margin=&#8221;||0px||false|false&#8221; global_colors_info=&#8221;{}&#8221;]<\/p>\n<h2>DEEp OCEAN kl\u012bniskaj\u0101 p\u0113t\u012bjum\u0101 tiek v\u0113rt\u0113ts p\u0113t\u0101mo z\u0101\u013cu dro\u0161ums un to potenci\u0101ls samazin\u0101t l\u0113kmju skaitu b\u0113rniem un pieaugu\u0161ajiem ar DEE.<\/h2>\n<p>[\/et_pb_text][\/et_pb_column][\/et_pb_row][et_pb_row column_structure=&#8221;3_5,2_5&#8243; make_equal=&#8221;on&#8221; _builder_version=&#8221;4.27.0&#8243; _module_preset=&#8221;default&#8221; custom_margin=&#8221;0px||||false|false&#8221; custom_padding=&#8221;0px||||false|false&#8221; custom_css_main_element=&#8221;align-items: center;&#8221; global_colors_info=&#8221;{}&#8221;][et_pb_column type=&#8221;3_5&#8243; _builder_version=&#8221;4.27.0&#8243; _module_preset=&#8221;default&#8221; global_colors_info=&#8221;{}&#8221;][et_pb_text _builder_version=&#8221;4.27.4&#8243; _module_preset=&#8221;default&#8221; text_text_color=&#8221;#FFFFFF&#8221; global_colors_info=&#8221;{}&#8221;]<\/p>\n<p>P\u0113t\u0101m\u0101s z\u0101les, kuras iepriek\u0161 tika nov\u0113rt\u0113tas 239 cilv\u0113kiem, ietverot tos, kuriem ir DEE, aktiviz\u0113 atsevi\u0161\u0137u neironu receptoru. T\u0101s izmaina \u0161\u016bnu uzved\u012bbu un da\u017eiem cilv\u0113kiem ir pal\u012bdz\u0113ju\u0161as mazin\u0101t l\u0113kmes. <\/p>\n<p>Termins \u201cp\u0113t\u0101m\u0101s z\u0101les\u201d attiecas uz p\u0113t\u0101maj\u0101m z\u0101l\u0113m vai placebo, abi \u0161\u0137\u012bdumi izskat\u012bsies un gar\u0161os vien\u0101di. P\u0113t\u0101m\u0101s z\u0101les tiks nodro\u0161in\u0101tas \u0161\u0137idruma form\u0101, un t\u0101s tiks ievad\u012btas iek\u0161\u0137\u012bgi vai caur baro\u0161anas zondi.  <\/p>\n<p>[\/et_pb_text][et_pb_button button_url=&#8221;\/lv-lv\/#eligibility&#8221; button_text=&#8221;Kas var piedal\u012bties?&#8221; button_alignment=&#8221;left&#8221; button_alignment_tablet=&#8221;center&#8221; button_alignment_phone=&#8221;center&#8221; button_alignment_last_edited=&#8221;on|tablet&#8221; _builder_version=&#8221;4.27.4&#8243; _module_preset=&#8221;default&#8221; custom_button=&#8221;on&#8221; button_text_size=&#8221;16px&#8221; button_text_color=&#8221;#FFFFFF&#8221; button_bg_color=&#8221;#44A083&#8243; button_border_width=&#8221;5px&#8221; button_border_radius=&#8221;30px&#8221; button_font=&#8221;&#8211;et_global_heading_font|700|||||||&#8221; button_use_icon=&#8221;off&#8221; custom_margin=&#8221;40px||||false|false&#8221; custom_padding=&#8221;10px|45px|10px|45px|true|true&#8221; global_colors_info=&#8221;{}&#8221; button_text_color__hover=&#8221;#00475B&#8221; button_text_color__hover_enabled=&#8221;on|desktop&#8221; button_bg_color__hover=&#8221;#A9D5C3&#8243; button_bg_color__hover_enabled=&#8221;on|hover&#8221; button_icon_color__hover=&#8221;#F4F8FA&#8221; button_icon_color__hover_enabled=&#8221;on|hover&#8221; custom_padding__hover=&#8221;|45px|||true|false&#8221; custom_padding__hover_enabled=&#8221;on|hover&#8221; button_border_color__hover_enabled=&#8221;on|hover&#8221; button_border_color__hover=&#8221;#FFFFFF&#8221;][\/et_pb_button][\/et_pb_column][et_pb_column type=&#8221;2_5&#8243; _builder_version=&#8221;4.27.0&#8243; _module_preset=&#8221;default&#8221; global_colors_info=&#8221;{}&#8221;][et_pb_image src=&#8221;https:\/\/deepdsstudy.global\/wp-content\/uploads\/2024\/09\/dolphin_check.png&#8221; title_text=&#8221;dolphin_check&#8221; align=&#8221;center&#8221; _builder_version=&#8221;4.27.0&#8243; _module_preset=&#8221;default&#8221; max_width_tablet=&#8221;280px&#8221; max_width_phone=&#8221;280px&#8221; max_width_last_edited=&#8221;on|tablet&#8221; module_alignment=&#8221;center&#8221; max_height=&#8221;310px&#8221; custom_margin=&#8221;||||false|false&#8221; custom_margin_tablet=&#8221;30px||||false|false&#8221; custom_margin_phone=&#8221;30px||||false|false&#8221; custom_margin_last_edited=&#8221;on|tablet&#8221; global_colors_info=&#8221;{}&#8221;][\/et_pb_image][\/et_pb_column][\/et_pb_row][\/et_pb_section][et_pb_section fb_built=&#8221;1&#8243; next_background_color=&#8221;#F4F8FA&#8221; _builder_version=&#8221;4.27.0&#8243; _module_preset=&#8221;default&#8221; bottom_divider_style=&#8221;wave2&#8243; bottom_divider_height=&#8221;50px&#8221; bottom_divider_flip=&#8221;horizontal&#8221; global_colors_info=&#8221;{}&#8221;][et_pb_row _builder_version=&#8221;4.27.0&#8243; _module_preset=&#8221;default&#8221; global_colors_info=&#8221;{}&#8221;][et_pb_column type=&#8221;4_4&#8243; _builder_version=&#8221;4.27.0&#8243; _module_preset=&#8221;default&#8221; global_colors_info=&#8221;{}&#8221;][et_pb_image src=&#8221;https:\/\/deepdsstudy.global\/wp-content\/uploads\/2024\/08\/cropped-DEEp_SEA-302_Icon-RGB.png&#8221; title_text=&#8221;cropped-DEEp_SEA-302_Icon-RGB.png&#8221; _builder_version=&#8221;4.27.0&#8243; _module_preset=&#8221;default&#8221; max_width=&#8221;100px&#8221; module_alignment=&#8221;center&#8221; global_colors_info=&#8221;{}&#8221;][\/et_pb_image][et_pb_heading title=&#8221;K\u0100P\u0112C PIEDAL\u012aTIES?&#8221; _builder_version=&#8221;4.27.0&#8243; _module_preset=&#8221;default&#8221; title_font=&#8221;|700||on|||||&#8221; title_text_align=&#8221;center&#8221; custom_margin=&#8221;||0px||false|false&#8221; global_colors_info=&#8221;{}&#8221;][\/et_pb_heading][et_pb_heading title=&#8221;Dal\u012bba kl\u012bniskaj\u0101 p\u0113t\u012bjum\u0101 ir noz\u012bm\u012bgs l\u0113mums, ta\u010du t\u0101 ir ar\u012b iesp\u0113ja pievienoties mums, lai pal\u012bdz\u0113tu uzlabot att\u012bst\u012bbas un epilepsijas encefalop\u0101tiju \u0101rst\u0113\u0161anu.&#8221; _builder_version=&#8221;4.27.4&#8243; _module_preset=&#8221;default&#8221; title_level=&#8221;h2&#8243; title_font=&#8221;|700|||||||&#8221; title_text_align=&#8221;center&#8221; title_text_color=&#8221;#44A083&#8243; title_font_size=&#8221;26px&#8221; custom_margin=&#8221;||10px||false|false&#8221; title_font_size_tablet=&#8221;26px&#8221; title_font_size_phone=&#8221;22px&#8221; title_font_size_last_edited=&#8221;on|phone&#8221; global_colors_info=&#8221;{}&#8221;][\/et_pb_heading][et_pb_divider color=&#8221;#44A083&#8243; divider_weight=&#8221;1.5px&#8221; _builder_version=&#8221;4.27.0&#8243; _module_preset=&#8221;default&#8221; max_width=&#8221;90%&#8221; module_alignment=&#8221;center&#8221; custom_margin=&#8221;10px||20px||false|false&#8221; global_colors_info=&#8221;{}&#8221;][\/et_pb_divider][et_pb_text _builder_version=&#8221;4.27.5&#8243; _module_preset=&#8221;default&#8221; global_colors_info=&#8221;{}&#8221;]<\/p>\n<p>Piedaloties kl\u012bniskajos p\u0113t\u012bjumos, J\u016bsu tuvinieks akt\u012bvi iesaist\u012bsies DEE \u0101rst\u0113\u0161anas iesp\u0113ju mekl\u0113\u0161an\u0101 un veicin\u0101s medic\u012bnas att\u012bst\u012bbu pa\u0161reiz\u0113jai un n\u0101kamaj\u0101m paaudz\u0113m.<\/p>\n<p>Dal\u012bbai kl\u012bniskaj\u0101 p\u0113t\u012bjum\u0101 nav pier\u0101d\u012btu ieguvumu. Tom\u0113r dal\u012bba DEEp OCEAN p\u0113t\u012bjum\u0101 var samazin\u0101t l\u0113kmju bie\u017eumu tiem dal\u012bbniekiem, kas iedal\u012bti p\u0113t\u012bjuma z\u0101\u013cu grup\u0101. Turkl\u0101t dal\u012bbnieki sa\u0146ems past\u0101v\u012bgu medic\u012bnisko uzraudz\u012bbu un nov\u0113rt\u0113jumus visa p\u0113t\u012bjuma laik\u0101, k\u0101 ar\u012b neoblig\u0101tu test\u0113\u0161anu, lai identific\u0113tu ar DEE saist\u012bt\u0101s mut\u0101cijas dal\u012bbniekiem.  <\/p>\n<p>L\u0113mums piedal\u012bties ir person\u012bgs, un tas ir piln\u012bb\u0101 atkar\u012bgs no Jums un J\u016bsu tuvinieka. Pirms pievieno\u0161an\u0101s kl\u012bniskajam p\u0113t\u012bjumam ir svar\u012bgi justies par to \u0113rti un b\u016bt inform\u0113tiem. L\u016bdzu, p\u0101rrun\u0101jiet visus jaut\u0101jumus ar savu vesel\u012bbas apr\u016bpes sniedz\u0113ju.  <\/p>\n<p>[\/et_pb_text][et_pb_button button_url=&#8221;\/lv-lv\/#eligibility&#8221; button_text=&#8221;Uzziniet, k\u0101 J\u016bsu tuvinieks var piedal\u012bties&#8221; button_alignment=&#8221;center&#8221; _builder_version=&#8221;4.27.0&#8243; _module_preset=&#8221;default&#8221; custom_button=&#8221;on&#8221; button_text_size=&#8221;18px&#8221; button_text_color=&#8221;#FFFFFF&#8221; button_bg_color=&#8221;#043673&#8243; button_border_width=&#8221;0px&#8221; button_border_radius=&#8221;30px&#8221; button_font=&#8221;&#8211;et_global_heading_font|700|||||||&#8221; button_use_icon=&#8221;off&#8221; custom_margin=&#8221;||40px||false|false&#8221; custom_padding=&#8221;10px|45px|10px|45px|true|true&#8221; global_colors_info=&#8221;{}&#8221; button_bg_color__hover=&#8221;#44A083&#8243; button_bg_color__hover_enabled=&#8221;on|hover&#8221; button_icon_color__hover=&#8221;#043673&#8243; button_icon_color__hover_enabled=&#8221;on|hover&#8221;][\/et_pb_button][\/et_pb_column][\/et_pb_row][\/et_pb_section]<\/p>\n","protected":false},"excerpt":{"rendered":"<p>Att\u012bst\u012bbas un epilepsijas encefalop\u0101tijas (DEE) ir smaga epilepsijas forma, kas ietekm\u0113 m\u0101c\u012b\u0161anos un att\u012bst\u012bbu un bie\u017ei s\u0101kas z\u012bdai\u0146a vecum\u0101 vai b\u0113rn\u012bb\u0101. Lenoksa-Gasto sindroms (LGS) ir viens no DEE piem\u0113riem, ta\u010du ar\u012b daudzas citas diagnozes ietilpst \u0161aj\u0101 spektr\u0101. Skartajiem pacientiem un vi\u0146u \u0123imen\u0113m DEE simptomu izpra\u0161ana var b\u016bt emocion\u0101ls p\u0101rdz\u012bvojums. Epilepsijas fonds ir nor\u0101d\u012bjis da\u017eus citus [&hellip;]<\/p>\n","protected":false},"author":2,"featured_media":0,"parent":0,"menu_order":0,"comment_status":"closed","ping_status":"closed","template":"","meta":{"_et_pb_use_builder":"on","_et_pb_old_content":"","_et_gb_content_width":"","footnotes":""},"class_list":["post-417","page","type-page","status-publish","hentry"],"_links":{"self":[{"href":"https:\/\/deepdsstudy.global\/lv-lv\/wp-json\/wp\/v2\/pages\/417","targetHints":{"allow":["GET"]}}],"collection":[{"href":"https:\/\/deepdsstudy.global\/lv-lv\/wp-json\/wp\/v2\/pages"}],"about":[{"href":"https:\/\/deepdsstudy.global\/lv-lv\/wp-json\/wp\/v2\/types\/page"}],"author":[{"embeddable":true,"href":"https:\/\/deepdsstudy.global\/lv-lv\/wp-json\/wp\/v2\/users\/2"}],"replies":[{"embeddable":true,"href":"https:\/\/deepdsstudy.global\/lv-lv\/wp-json\/wp\/v2\/comments?post=417"}],"version-history":[{"count":0,"href":"https:\/\/deepdsstudy.global\/lv-lv\/wp-json\/wp\/v2\/pages\/417\/revisions"}],"wp:attachment":[{"href":"https:\/\/deepdsstudy.global\/lv-lv\/wp-json\/wp\/v2\/media?parent=417"}],"curies":[{"name":"wp","href":"https:\/\/api.w.org\/{rel}","templated":true}]}}