{"id":335,"date":"2024-08-20T19:15:50","date_gmt":"2024-08-20T19:15:50","guid":{"rendered":"https:\/\/deepseaousdev.wpenginepowered.com\/informativa-sui-cookie\/"},"modified":"2026-02-16T16:54:04","modified_gmt":"2026-02-16T16:54:04","slug":"informativa-sui-cookie","status":"publish","type":"page","link":"https:\/\/deepdsstudy.global\/it-it\/informativa-sui-cookie\/","title":{"rendered":"Informativa sui cookie"},"content":{"rendered":"<p>[et_pb_section fb_built=&#8221;1&#8243; _builder_version=&#8221;4.27.0&#8243; _module_preset=&#8221;default&#8221; background_color=&#8221;#213A70&#8243; global_colors_info=&#8221;{}&#8221;][et_pb_row custom_padding_last_edited=&#8221;on|phone&#8221; _builder_version=&#8221;4.27.0&#8243; _module_preset=&#8221;default&#8221; custom_padding=&#8221;20px||20px||true|false&#8221; custom_padding_tablet=&#8221;20px||20px||true|false&#8221; custom_padding_phone=&#8221;0px||0px||true|false&#8221; global_colors_info=&#8221;{}&#8221;][et_pb_column type=&#8221;4_4&#8243; _builder_version=&#8221;4.27.0&#8243; _module_preset=&#8221;default&#8221; global_colors_info=&#8221;{}&#8221;][et_pb_heading title=&#8221;Informativa sui cookie&#8221; _builder_version=&#8221;4.27.0&#8243; _module_preset=&#8221;default&#8221; title_font=&#8221;|600|||||||&#8221; title_text_align=&#8221;center&#8221; title_text_color=&#8221;#FFFFFF&#8221; title_font_size=&#8221;42px&#8221; custom_margin=&#8221;||16px||false|false&#8221; custom_margin_tablet=&#8221;||16px||false|false&#8221; custom_margin_phone=&#8221;||10px||false|false&#8221; custom_margin_last_edited=&#8221;on|phone&#8221; title_font_size_tablet=&#8221;36px&#8221; title_font_size_phone=&#8221;32px&#8221; title_font_size_last_edited=&#8221;on|phone&#8221; global_colors_info=&#8221;{}&#8221;][\/et_pb_heading][et_pb_divider color=&#8221;#FFFFFF&#8221; divider_weight=&#8221;1.5px&#8221; _builder_version=&#8221;4.27.0&#8243; _module_preset=&#8221;default&#8221; max_width=&#8221;380px&#8221; max_width_tablet=&#8221;380px&#8221; max_width_phone=&#8221;&#8221; max_width_last_edited=&#8221;on|desktop&#8221; module_alignment=&#8221;center&#8221; global_colors_info=&#8221;{}&#8221;][\/et_pb_divider][\/et_pb_column][\/et_pb_row][\/et_pb_section][et_pb_section fb_built=&#8221;1&#8243; _builder_version=&#8221;4.27.0&#8243; _module_preset=&#8221;default&#8221; global_colors_info=&#8221;{}&#8221;][et_pb_row _builder_version=&#8221;4.27.0&#8243; _module_preset=&#8221;default&#8221; global_colors_info=&#8221;{}&#8221;][et_pb_column type=&#8221;4_4&#8243; _builder_version=&#8221;4.27.0&#8243; _module_preset=&#8221;default&#8221; global_colors_info=&#8221;{}&#8221;][et_pb_text _builder_version=&#8221;4.27.5&#8243; _module_preset=&#8221;default&#8221; hover_enabled=&#8221;0&#8243; global_colors_info=&#8221;{}&#8221; sticky_enabled=&#8221;0&#8243;]<\/p>\n<p>Ultimo aggiornamento: January 15, 2025<\/p>\n<p><strong><span>Elligo Health Research, Inc.<\/span><\/strong><span> (\u201c<strong>Elligo<\/strong>\u201d, \u201c<strong>noi<\/strong>\u201d o \u201c<strong>ci<\/strong>\u201d) assiste l\u2019Organizzazione di ricerca clinica (Clinical Research Organization, [CRO]) <strong>PPD, parte di Thermo Fisher Scientific<\/strong> (\u201c<strong>PPD<\/strong>\u201d) nell\u2019erogazione di determinati servizi, che potrebbero includere la pubblicit\u00e0 dello studio, l\u2019arruolamento nello studio, il supporto del centro dello studio e l\u2019hosting del sito Web dello studio <strong>DEEp SEA<\/strong> (i \u201c<strong>Servizi<\/strong>\u201d) per conto dello sponsor dello studio <strong>DEEp SEA<\/strong>, <strong>Longboard Pharmaceuticals, Inc. <\/strong>(\u201c<strong>Longboard<\/strong>\u201d). <strong>Longboard<\/strong> \u00e8 il titolare del trattamento dei dati personali trattati nell\u2019ambito dello studio <strong>DEEp SEA<\/strong>.<\/span><\/p>\n<p>La presente informativa descrive le modalit\u00e0 e i motivi per cui Elligo utilizza i cookie su questo sito Web https:\/\/deepdsstudy.global\/ per conto del titolare del trattamento dei dati, <strong>Longboard<\/strong>.<\/p>\n<p>[\/et_pb_text][et_pb_heading title=&#8221;Cosa sono i cookie&#8221; _builder_version=&#8221;4.27.0&#8243; _module_preset=&#8221;default&#8221; title_level=&#8221;h2&#8243; title_font=&#8221;|700|||||||&#8221; custom_margin=&#8221;||0px||false|false&#8221; global_colors_info=&#8221;{}&#8221;][\/et_pb_heading][et_pb_text _builder_version=&#8221;4.27.4&#8243; _module_preset=&#8221;default&#8221; global_colors_info=&#8221;{}&#8221;]<\/p>\n<p>Un cookie \u00e8 una piccola porzione di dati (file di testo) che un sito Web o un\u2019app, se visitati da un utente, chiede al browser di memorizzare sul dispositivo per ricordare informazioni sull\u2019utente, per esempio se ha acconsentito o meno all\u2019utilizzo dei cookie. Questi cookie sono impostati da noi e sono denominati cookie di prima parte. <\/p>\n<p>Utilizziamo anche cookie di terze parti, ovvero cookie provenienti da un dominio diverso da quello del sito Web che l\u2019utente sta visitando o da un dominio non gestito da noi, per esempio per finalit\u00e0 di marketing e pubblicit\u00e0.<\/p>\n<p>[\/et_pb_text][et_pb_heading title=&#8221;Come utilizziamo i cookie&#8221; _builder_version=&#8221;4.27.0&#8243; _module_preset=&#8221;default&#8221; title_level=&#8221;h2&#8243; title_font=&#8221;|700|||||||&#8221; custom_margin=&#8221;||0px||false|false&#8221; global_colors_info=&#8221;{}&#8221;][\/et_pb_heading][et_pb_text _builder_version=&#8221;4.27.5&#8243; _module_preset=&#8221;default&#8221; global_colors_info=&#8221;{}&#8221;]<\/p>\n<p>Questo sito Web utilizza due tipi di cookie: persistenti e di sessione. I cookie <strong>persistenti<\/strong> sono cookie che rimangono sul dispositivo dell\u2019utente per un certo periodo di tempo (come indicato nella tabella seguente) o fino a quando l\u2019utente non li elimina manualmente o vi si oppone. I cookie di <strong>sessione<\/strong> sono cookie che scadono al termine della sessione del browser (per es. quando l\u2019utente abbandona il nostro sito Web e chiude il browser).<\/p>\n<p>Usiamo i cookie <strong>strettamente necessari<\/strong> per (i) riconoscere un utente abituale, (ii) proteggere e offrire il nostro sito Web (per es. formattazione del sito Web e protezione del nostro sito Web da attacchi dannosi) e (iii) salvare alcune preferenze dell\u2019utente (per es. consenso ai cookie e impostazioni della lingua).   <\/p>\n<p>Usiamo i <strong>cookie non essenziali (non strettamente necessari) <\/strong>per (i) fornire pubblicit\u00e0 mirata sulla base del comportamento di navigazione dell\u2019utente e (ii) osservare e analizzare i livelli di traffico e altre metriche sul nostro sito Web, che ci aiutano a migliorare il sito e l\u2019esperienza complessiva dell\u2019utente. Utilizziamo i cookie non essenziali solo se otteniamo il consenso dell\u2019utente (vedere di seguito).   <\/p>\n<p>I cookie possono essere di <strong>prima parte<\/strong> o di <strong>terza parte<\/strong>, a seconda che siano gestiti da noi (prima parte) o da un\u2019altra parte (terza parte). Si prega di notare che le interazioni con i cookie di terze parti sul nostro sito Web sono regolate dalle informative sulla privacy e sui cookie della terza parte come indicato di seguito. <\/p>\n<p>Ulteriori informazioni sulle tipologie di cookie che utilizziamo sono riportate di seguito.<\/p>\n<p>[\/et_pb_text][et_pb_heading title=&#8221;Gestione dei cookie&#8221; _builder_version=&#8221;4.27.0&#8243; _module_preset=&#8221;default&#8221; title_level=&#8221;h2&#8243; title_font=&#8221;|700|||||||&#8221; custom_margin=&#8221;||0px||false|false&#8221; global_colors_info=&#8221;{}&#8221;][\/et_pb_heading][et_pb_text _builder_version=&#8221;4.27.4&#8243; _module_preset=&#8221;default&#8221; global_colors_info=&#8221;{}&#8221;]<\/p>\n<p>In occasione della prima visita dell\u2019utente sul nostro sito Web e successivamente ogni sei mesi, sulla home page verr\u00e0 visualizzato un banner dei cookie che informer\u00e0 l\u2019utente sul motivo per cui vengono utilizzati i cookie e chieder\u00e0 di acconsentire a ciascun cookie non essenziale se si \u00e8 d\u2019accordo sul loro utilizzo selezionando \u201cAccetta tutti\u201d. Se non si \u00e8 d\u2019accordo, si pu\u00f2 selezionare quali rifiutare o accettare oppure si pu\u00f2 scegliere l\u2019opzione \u201cRifiuta tutti\u201d. <\/p>\n<p>L\u2019utente pu\u00f2 modificare le proprie preferenze sui cookie attraverso il banner dei cookie, dove ha la possibilit\u00e0 di accettare o rifiutare l\u2019uso dei cookie non essenziali sul proprio dispositivo. L\u2019utente potr\u00e0 comunque aggiornare le preferenze sui cookie in qualsiasi momento utilizzando il seguente pulsante: <\/p>\n<p>[\/et_pb_text][et_pb_code _builder_version=&#8221;4.27.0&#8243; _module_preset=&#8221;default&#8221; global_colors_info=&#8221;{}&#8221;][wcc_preference_button][\/et_pb_code][et_pb_text _builder_version=&#8221;4.27.4&#8243; _module_preset=&#8221;default&#8221; global_colors_info=&#8221;{}&#8221;]<\/p>\n<p>Si tenga presente che non \u00e8 possibile disabilitare i cookie strettamente necessari poich\u00e9 influiscono sulla funzionalit\u00e0 del nostro sito Web e sulla capacit\u00e0 dell\u2019utente di utilizzare determinate caratteristiche e funzionalit\u00e0.<\/p>\n<p>[\/et_pb_text][et_pb_heading title=&#8221;Tipi di cookie utilizzati&#8221; _builder_version=&#8221;4.27.0&#8243; _module_preset=&#8221;default&#8221; title_level=&#8221;h2&#8243; title_font=&#8221;|700|||||||&#8221; custom_margin=&#8221;||0px||false|false&#8221; global_colors_info=&#8221;{}&#8221;][\/et_pb_heading][et_pb_text _builder_version=&#8221;4.27.5&#8243; _module_preset=&#8221;default&#8221; header_2_text_color=&#8221;#691F45&#8243; custom_padding=&#8221;1px|||||&#8221; custom_css_main_element=&#8221;overflow-x: auto;&#8221; global_colors_info=&#8221;{}&#8221;]<\/p>\n<table border=\"1\" style=\"border-collapse: collapse; width: 100%;\">\n<tbody>\n<tr>\n<td style=\"width: 15.9585%;\"><strong>Operatore<\/strong><\/td>\n<td style=\"width: 1.21359%;\"><strong>Nome del cookie<\/strong><\/td>\n<td style=\"width: 17.5261%;\"><strong>Di sessione o persistente <\/strong><\/td>\n<td style=\"width: 47.568%;\"><strong>Scopo<\/strong><\/td>\n<td style=\"width: 40.0688%;\"><strong>Durata<\/strong><\/td>\n<\/tr>\n<tr>\n<td style=\"text-align: center;\" colspan=\"5\">\n<h3 style=\"padding: 4px 0;\">Cookie strettamente necessari<\/h3>\n<\/td>\n<\/tr>\n<tr>\n<td style=\"width: 15.9585%;\"><em>Elligo<\/em><\/td>\n<td style=\"width: 1.21359%;\">PHPSESSID<\/td>\n<td style=\"width: 17.5261%;\">Di sessione<\/td>\n<td style=\"width: 47.568%;\">Questo cookie \u00e8 nativo delle applicazioni PHP. Il cookie viene utilizzato per memorizzare e identificare l\u2019ID di sessione univoco dell\u2019utente allo scopo di gestire la sessione dell\u2019utente sul sito Web. Si tratta di un cookie di sessione e viene cancellato alla chiusura di tutte le finestre del browser.  <\/td>\n<td style=\"width: 40.0688%;\">Sessione<\/td>\n<\/tr>\n<tr>\n<td style=\"width: 15.9585%;\"><em>WebToffee<\/em><\/td>\n<td style=\"width: 1.21359%;\">wt_consent<\/td>\n<td style=\"width: 17.5261%;\">Persistente<\/td>\n<td style=\"width: 47.568%;\">Utilizzato per ricordare le preferenze di consenso degli utenti da rispettare nelle visite successive al sito. Non raccoglie n\u00e9 memorizza informazioni personali sui visitatori del sito. <\/td>\n<td style=\"width: 40.0688%;\">1 anno<\/td>\n<\/tr>\n<tr>\n<td style=\"width: 15.9585%;\"><em>WebToffee<\/em><\/td>\n<td style=\"width: 1.21359%;\">viewed_cookie_policy<\/td>\n<td style=\"width: 17.5261%;\">Persistente<\/td>\n<td style=\"width: 47.568%;\">Questo cookie \u00e8 impostato dal plug-in GDPR Cookie Consent e viene utilizzato per memorizzare se l\u2019utente ha acconsentito o meno all\u2019uso dei cookie. Non memorizza alcun dato personale. <\/td>\n<td style=\"width: 40.0688%;\">6 mesi<\/td>\n<\/tr>\n<tr>\n<td style=\"width: 15.9585%;\"><em>WebToffee<\/em><\/td>\n<td style=\"width: 1.21359%;\">CookieLawInfoConsent<\/td>\n<td style=\"width: 17.5261%;\">Persistente<\/td>\n<td style=\"width: 47.568%;\">Questo cookie \u00e8 impostato dal plug-in GDPR Cookie Consent per registrare lo stato predefinito del pulsante della categoria corrispondente e lo stato del CCPA. Funziona solo in coordinamento con il cookie principale. <\/td>\n<td style=\"width: 40.0688%;\">1 anno<\/td>\n<\/tr>\n<tr>\n<td style=\"width: 15.9585%;\"><em>WebToffee<\/em><\/td>\n<td style=\"width: 1.21359%;\">cookielawinfo-checkbox-necessary<\/td>\n<td style=\"width: 17.5261%;\">Persistente<\/td>\n<td style=\"width: 47.568%;\">Questo cookie \u00e8 impostato dal plug-in GDPR Cookie Consent per memorizzare il consenso dell\u2019utente per i cookie nella categoria \u201cNecessari\u201d.<\/td>\n<td style=\"width: 40.0688%;\">1 anno<\/td>\n<\/tr>\n<tr>\n<td style=\"width: 15.9585%;\"><em>WebToffee<\/em><\/td>\n<td style=\"width: 1.21359%;\">cookielawinfo-checkbox-functional<\/td>\n<td style=\"width: 17.5261%;\">Persistente<\/td>\n<td style=\"width: 47.568%;\">Questo cookie \u00e8 impostato dal plug-in GDPR Cookie Consent per memorizzare il consenso dell\u2019utente per i cookie nella categoria \u201cFunzionali\u201d.<\/td>\n<td style=\"width: 40.0688%;\">1 anno<\/td>\n<\/tr>\n<tr>\n<td style=\"width: 15.9585%;\"><em>WebToffee<\/em><\/td>\n<td style=\"width: 1.21359%;\">cookielawinfo-checkbox-performance<\/td>\n<td style=\"width: 17.5261%;\">Persistente<\/td>\n<td style=\"width: 47.568%;\">Questo cookie \u00e8 impostato dal plug-in GDPR Cookie Consent per memorizzare il consenso dell\u2019utente per i cookie nella categoria \u201cPrestazioni\u201d.<\/td>\n<td style=\"width: 40.0688%;\">1 anno<\/td>\n<\/tr>\n<tr>\n<td style=\"width: 15.9585%;\"><em>WebToffee<\/em><\/td>\n<td style=\"width: 1.21359%;\">cookielawinfo-checkbox-analytics<\/td>\n<td style=\"width: 17.5261%;\">Persistente<\/td>\n<td style=\"width: 47.568%;\">Questo cookie \u00e8 impostato dal plug-in GDPR Cookie Consent per memorizzare il consenso dell\u2019utente per i cookie nella categoria \u201cAnalisi\u201d.<\/td>\n<td style=\"width: 40.0688%;\">1 anno<\/td>\n<\/tr>\n<tr>\n<td style=\"width: 15.9585%;\"><em>WebToffee<\/em><\/td>\n<td style=\"width: 1.21359%;\">cookielawinfo-checkbox-advertisement<\/td>\n<td style=\"width: 17.5261%;\">Persistente<\/td>\n<td style=\"width: 47.568%;\">Questo cookie \u00e8 impostato dal plug-in GDPR Cookie Consent per memorizzare il consenso dell\u2019utente per i cookie nella categoria \u201cPubblicit\u00e0\u201d.<\/td>\n<td style=\"width: 40.0688%;\">1 anno<\/td>\n<\/tr>\n<tr>\n<td style=\"width: 15.9585%;\"><em>WebToffee<\/em><\/td>\n<td style=\"width: 1.21359%;\">cookielawinfo-checkbox-others<\/td>\n<td style=\"width: 17.5261%;\">Persistente<\/td>\n<td style=\"width: 47.568%;\">Questo cookie \u00e8 impostato dal plug-in GDPR Cookie Consent per memorizzare il consenso dell\u2019utente per i cookie nella categoria \u201cAltro\u201d.<\/td>\n<td style=\"width: 40.0688%;\">1 anno<\/td>\n<\/tr>\n<tr>\n<td style=\"width: 15.9585%;\"><em>Elligo<\/em><\/td>\n<td style=\"width: 1.21359%;\">selected_language_url<\/td>\n<td style=\"width: 17.5261%;\">Persistente<\/td>\n<td style=\"width: 47.568%;\">Questo cookie viene utilizzato per visualizzare il sito Web nella lingua selezionata dall\u2019utente.<\/td>\n<td style=\"width: 40.0688%;\">6 mesi<\/td>\n<\/tr>\n<tr>\n<td style=\"width: 15.9585%;\"><em>WPML<\/em><\/td>\n<td style=\"width: 1.21359%;\">wp-wpml_current_language<\/td>\n<td style=\"width: 17.5261%;\">Persistente<\/td>\n<td style=\"width: 47.568%;\">Questo cookie viene impostato dal plug-in WPML per memorizzare la selezione della lingua dell\u2019utente corrente.<\/td>\n<td style=\"width: 40.0688%;\">24 ore<\/td>\n<\/tr>\n<tr>\n<td style=\"width: 15.9585%;\"><em>Matomo<\/em><\/td>\n<td style=\"width: 1.21359%;\">matomo_sessid<\/td>\n<td style=\"width: 17.5261%;\">Di sessione<\/td>\n<td style=\"width: 47.568%;\">Questo cookie non contiene alcun dato utilizzato per identificare i visitatori, ma \u00e8 considerato un cookie essenziale.<\/td>\n<td style=\"width: 40.0688%;\">14 giorni<\/td>\n<\/tr>\n<tr>\n<td style=\"text-align: center;\" colspan=\"5\">\n<h3 style=\"padding: 4px 0;\">Cookie non strettamente necessari<\/h3>\n<\/td>\n<\/tr>\n<tr>\n<td style=\"width: 15.9585%;\"><em>AppFromLab<\/em><\/td>\n<td style=\"width: 1.21359%;\">afl_wc_utm_sess_referer<\/td>\n<td style=\"width: 17.5261%;\">Di sessione<\/td>\n<td style=\"width: 47.568%;\">Impostato dal plug-in AFL UTM Tracker, questo cookie memorizza il primo sito Web di provenienza dell\u2019utente.<\/td>\n<td style=\"width: 40.0688%;\">Sessione<\/td>\n<\/tr>\n<tr>\n<td style=\"width: 15.9585%;\"><em>AppFromLab<\/em><\/td>\n<td style=\"width: 1.21359%;\">afl_wc_utm_utm_url<\/td>\n<td style=\"width: 17.5261%;\">Persistente<\/td>\n<td style=\"width: 47.568%;\">Impostato dal plug-in AFL UTM Tracker, questo cookie memorizza la visita di ultimo contatto all\u2019URL contenente il parametro UTM da parte del visitatore.<\/td>\n<td style=\"width: 40.0688%;\">3 mesi<\/td>\n<\/tr>\n<tr>\n<td style=\"width: 15.9585%;\"><em>AppFromLab<\/em><\/td>\n<td style=\"width: 1.21359%;\">afl_wc_utm_sess_landing<\/td>\n<td style=\"width: 17.5261%;\">Di sessione<\/td>\n<td style=\"width: 47.568%;\">Impostato dal plug-in AFL UTM Tracker, questo cookie memorizza l\u2019URL della prima pagina di destinazione dell\u2019utente.<\/td>\n<td style=\"width: 40.0688%;\">Sessione<\/td>\n<\/tr>\n<tr>\n<td style=\"width: 15.9585%;\"><em>AppFromLab<\/em><\/td>\n<td style=\"width: 1.21359%;\">afl_wc_utm_main<\/td>\n<td style=\"width: 17.5261%;\">Di sessione<\/td>\n<td style=\"width: 47.568%;\">Impostato dal plug-in AFL UTM Tracker, questo cookie memorizza il timestamp dell\u2019ultima comunicazione dal server aggiornata.<\/td>\n<td style=\"width: 40.0688%;\">Sessione<\/td>\n<\/tr>\n<tr>\n<td style=\"width: 15.9585%;\"><em>Cloudflare<\/em><\/td>\n<td style=\"width: 1.21359%;\">__cf_bm<\/td>\n<td style=\"width: 17.5261%;\">Persistente<\/td>\n<td style=\"width: 47.568%;\">Cloudflare imposta questo cookie per supportare Cloudflare Bot Management.<\/td>\n<td style=\"width: 40.0688%;\">30 minuti<\/td>\n<\/tr>\n<tr>\n<td style=\"width: 15.9585%;\"><em>Matomo<\/em><\/td>\n<td style=\"width: 1.21359%;\">_pk_id*<\/td>\n<td style=\"width: 17.5261%;\">Persistente<\/td>\n<td style=\"width: 47.568%;\">Utilizzato per memorizzare alcuni dettagli sull\u2019utente, come l\u2019ID visitatore univoco<\/td>\n<td style=\"width: 40.0688%;\">13 mesi<\/td>\n<\/tr>\n<tr>\n<td style=\"width: 15.9585%;\"><em>Matomo<\/em><\/td>\n<td style=\"width: 1.21359%;\">_pk_ref*<\/td>\n<td style=\"width: 17.5261%;\">Persistente<\/td>\n<td style=\"width: 47.568%;\">Utilizzato per memorizzare le informazioni di attribuzione<\/td>\n<td style=\"width: 40.0688%;\">6 mesi<\/td>\n<\/tr>\n<tr>\n<td style=\"width: 15.9585%;\"><em>Matomo<\/em><\/td>\n<td style=\"width: 1.21359%;\">_pk_ses*<\/td>\n<td style=\"width: 17.5261%;\">Di sessione<\/td>\n<td style=\"width: 47.568%;\">Utilizzato per memorizzare l\u2019ID di sessione univoco<\/td>\n<td style=\"width: 40.0688%;\">30 minuti<\/td>\n<\/tr>\n<tr>\n<td style=\"width: 15.9585%;\"><em>Matomo<\/em><\/td>\n<td style=\"width: 1.21359%;\">_pk_cvar<\/td>\n<td style=\"width: 17.5261%;\">Di sessione<\/td>\n<td style=\"width: 47.568%;\">Contiene le variabili personalizzate che sono state impostate durante la visualizzazione della pagina precedente.<\/td>\n<td style=\"width: 40.0688%;\">30 minuti<\/td>\n<\/tr>\n<tr>\n<td style=\"width: 15.9585%;\"><em>Matomo<\/em><\/td>\n<td style=\"width: 1.21359%;\">_pk_hsr<\/td>\n<td style=\"width: 17.5261%;\">Di sessione<\/td>\n<td style=\"width: 47.568%;\">Cookie di breve durata per la mappa di calore del sito Web <\/td>\n<td style=\"width: 40.0688%;\">30 minuti<\/td>\n<\/tr>\n<tr>\n<td style=\"width: 15.9585%;\"><em>Matomo<\/em><\/td>\n<td style=\"width: 1.21359%;\">_pk_testcookie<\/td>\n<td style=\"width: 17.5261%;\">Di sessione<\/td>\n<td style=\"width: 47.568%;\">Utilizzato per verificare se il browser del visitatore supporta i cookie<\/td>\n<td style=\"width: 40.0688%;\">&lt;5 minuti<\/td>\n<\/tr>\n<tr>\n<td style=\"width: 15.9585%;\"><em>Matomo<\/em><\/td>\n<td style=\"width: 1.21359%;\">mtm_consent or mtm_consent_removed<\/td>\n<td style=\"width: 17.5261%;\">Persistente<\/td>\n<td style=\"width: 47.568%;\">Creato per ricordare che l\u2019utente ha fornito (o revocato) il consenso<\/td>\n<td style=\"width: 40.0688%;\">2 anni<\/td>\n<\/tr>\n<tr>\n<td style=\"width: 15.9585%;\"><em>Matomo<\/em><\/td>\n<td style=\"width: 1.21359%;\">mtm_cookie_consent<\/td>\n<td style=\"width: 17.5261%;\">Persistente<\/td>\n<td style=\"width: 47.568%;\">Utilizzato per ricordare che l\u2019utente ha fornito il consenso alla memorizzazione e all\u2019utilizzo dei cookie<\/td>\n<td style=\"width: 40.0688%;\">2 anni<\/td>\n<\/tr>\n<tr>\n<td style=\"width: 15.9585%;\"><em>Matomo<\/em><\/td>\n<td style=\"width: 1.21359%;\">Matomo_ignore<\/td>\n<td style=\"width: 17.5261%;\">Persistente<\/td>\n<td style=\"width: 47.568%;\">Creato quando l\u2019utente rinuncia alla tracciabilit\u00e0<\/td>\n<td style=\"width: 40.0688%;\">30 anni<\/td>\n<\/tr>\n<tr>\n<td style=\"width: 15.9585%;\"><em>Google<\/em><\/td>\n<td style=\"width: 1.21359%;\">__gads<\/td>\n<td style=\"width: 1.21359%;\">Persistente<\/td>\n<td style=\"width: 47.568%;\">Google utilizza i cookie per la pubblicit\u00e0, tra cui la pubblicazione e la visualizzazione degli annunci, la personalizzazione degli annunci (a seconda delle impostazioni degli annunci in <a href=\"https:\/\/g.co\/adsettings\" target=\"_blank\" rel=\"noreferrer noopener\">g.co\/adsettings<\/a>), la limitazione del numero di volte in cui un annuncio viene mostrato a un utente, la disattivazione degli annunci che l\u2019utente ha scelto di non vedere pi\u00f9 e la misurazione dell\u2019efficacia degli annunci.<\/td>\n<td style=\"width: 40.0688%;\">13 mesi<\/td>\n<\/tr>\n<tr>\n<td style=\"width: 15.9585%;\"><em>Google<\/em><\/td>\n<td style=\"width: 1.21359%;\">_gcl_au,_gcl_aw<\/td>\n<td style=\"width: 17.5261%;\">Persistente<\/td>\n<td style=\"width: 47.568%;\">Google utilizza i cookie per la pubblicit\u00e0, tra cui la pubblicazione e la visualizzazione degli annunci, la personalizzazione degli annunci (a seconda delle impostazioni degli annunci in <a href=\"https:\/\/g.co\/adsettings\" target=\"_blank\" rel=\"noreferrer noopener\">g.co\/adsettings<\/a>), la limitazione del numero di volte in cui un annuncio viene mostrato a un utente, la disattivazione degli annunci che l\u2019utente ha scelto di non vedere pi\u00f9 e la misurazione dell\u2019efficacia degli annunci.<\/td>\n<td style=\"width: 40.0688%;\">90 giorni<\/td>\n<\/tr>\n<\/tbody>\n<\/table>\n<p>[\/et_pb_text][et_pb_heading title=&#8221;Contatti&#8221; _builder_version=&#8221;4.27.0&#8243; _module_preset=&#8221;default&#8221; title_level=&#8221;h2&#8243; global_colors_info=&#8221;{}&#8221;][\/et_pb_heading][et_pb_text _builder_version=&#8221;4.27.5&#8243; _module_preset=&#8221;default&#8221; global_colors_info=&#8221;{}&#8221;]<\/p>\n<p>Per ulteriori informazioni sull\u2019utilizzo dei cookie sul nostro sito Web, contattare:<\/p>\n<p>Elligo Health Research, Inc.<br \/>11612 Bee Cave Rd<br \/>Building 1, Suite 150<br \/>Austin, TX 78738, Stati Uniti<\/p>\n<p>Responsabile della protezione dei dati (Data Protection Officer, [DPO])<br \/><a href=\"mailto:privacy@elligodirect.com\">privacy@elligodirect.com<\/a><\/p>\n<p>Per ulteriori informazioni sulle nostre modalit\u00e0 di trattamento dei dati personali attraverso l\u2019uso dei cookie, consultare la nostra <a href=\"https:\/\/deepdsstudy.global\/it-it\/informativa-sulla-privacy\/\">Privacy Policy<\/a>.<\/p>\n<p>[\/et_pb_text][\/et_pb_column][\/et_pb_row][\/et_pb_section]<\/p>\n","protected":false},"excerpt":{"rendered":"<p>Ultimo aggiornamento: January 15, 2025 Elligo Health Research, Inc. (\u201cElligo\u201d, \u201cnoi\u201d o \u201cci\u201d) assiste l\u2019Organizzazione di ricerca clinica (Clinical Research Organization, [CRO]) PPD, parte di Thermo Fisher Scientific (\u201cPPD\u201d) nell\u2019erogazione di determinati servizi, che potrebbero includere la pubblicit\u00e0 dello studio, l\u2019arruolamento nello studio, il supporto del centro dello studio e l\u2019hosting del sito Web dello [&hellip;]<\/p>\n","protected":false},"author":2,"featured_media":0,"parent":0,"menu_order":0,"comment_status":"closed","ping_status":"closed","template":"","meta":{"_et_pb_use_builder":"on","_et_pb_old_content":"","_et_gb_content_width":"","footnotes":""},"class_list":["post-335","page","type-page","status-publish","hentry"],"_links":{"self":[{"href":"https:\/\/deepdsstudy.global\/it-it\/wp-json\/wp\/v2\/pages\/335","targetHints":{"allow":["GET"]}}],"collection":[{"href":"https:\/\/deepdsstudy.global\/it-it\/wp-json\/wp\/v2\/pages"}],"about":[{"href":"https:\/\/deepdsstudy.global\/it-it\/wp-json\/wp\/v2\/types\/page"}],"author":[{"embeddable":true,"href":"https:\/\/deepdsstudy.global\/it-it\/wp-json\/wp\/v2\/users\/2"}],"replies":[{"embeddable":true,"href":"https:\/\/deepdsstudy.global\/it-it\/wp-json\/wp\/v2\/comments?post=335"}],"version-history":[{"count":0,"href":"https:\/\/deepdsstudy.global\/it-it\/wp-json\/wp\/v2\/pages\/335\/revisions"}],"wp:attachment":[{"href":"https:\/\/deepdsstudy.global\/it-it\/wp-json\/wp\/v2\/media?parent=335"}],"curies":[{"name":"wp","href":"https:\/\/api.w.org\/{rel}","templated":true}]}}