{"id":330,"date":"2024-08-20T18:55:18","date_gmt":"2024-08-20T18:55:18","guid":{"rendered":"https:\/\/deepseaousdev.wpenginepowered.com\/sindrome-di-dravet\/"},"modified":"2026-02-16T17:30:52","modified_gmt":"2026-02-16T17:30:52","slug":"sindrome-di-dravet","status":"publish","type":"page","link":"https:\/\/deepdsstudy.global\/it-it\/sindrome-di-dravet\/","title":{"rendered":"Sindrome di Dravet"},"content":{"rendered":"<p>[et_pb_section fb_built=&#8221;1&#8243; _builder_version=&#8221;4.27.0&#8243; _module_preset=&#8221;default&#8221; background_image=&#8221;https:\/\/deepdsstudy.global\/wp-content\/uploads\/2024\/09\/hero_2-1.png&#8221; background_size=&#8221;contain&#8221; background_position=&#8221;top_center&#8221; custom_padding=&#8221;20px||||false|false&#8221; global_colors_info=&#8221;{}&#8221;][et_pb_row _builder_version=&#8221;4.27.0&#8243; _module_preset=&#8221;default&#8221; custom_margin=&#8221;3.5vw||0px||false|false&#8221; custom_margin_tablet=&#8221;0vw||0px||false|false&#8221; custom_margin_phone=&#8221;0vw||0px||false|false&#8221; custom_margin_last_edited=&#8221;on|phone&#8221; custom_padding=&#8221;0px||0px||false|false&#8221; global_colors_info=&#8221;{}&#8221;][et_pb_column type=&#8221;4_4&#8243; _builder_version=&#8221;4.27.0&#8243; _module_preset=&#8221;default&#8221; global_colors_info=&#8221;{}&#8221;][et_pb_image src=&#8221;https:\/\/deepdsstudy.global\/wp-content\/uploads\/2024\/09\/turtle.png&#8221; title_text=&#8221;turtle&#8221; align=&#8221;right&#8221; _builder_version=&#8221;4.27.0&#8243; _module_preset=&#8221;default&#8221; width=&#8221;30%&#8221; width_tablet=&#8221;30%&#8221; width_phone=&#8221;40%&#8221; width_last_edited=&#8221;on|phone&#8221; max_width=&#8221;240px&#8221; custom_margin=&#8221;||0px||false|false&#8221; custom_padding=&#8221;0px||0px||false|false&#8221; global_colors_info=&#8221;{}&#8221;][\/et_pb_image][\/et_pb_column][\/et_pb_row][et_pb_row custom_padding_last_edited=&#8221;on|tablet&#8221; _builder_version=&#8221;4.27.0&#8243; _module_preset=&#8221;default&#8221; custom_margin_tablet=&#8221;&#8221; custom_margin_phone=&#8221;&#8221; custom_margin_last_edited=&#8221;on|phone&#8221; custom_padding=&#8221;||||false|false&#8221; custom_padding_tablet=&#8221;||0px||false|false&#8221; custom_padding_phone=&#8221;20px||0px||false|false&#8221; global_colors_info=&#8221;{}&#8221;][et_pb_column type=&#8221;4_4&#8243; _builder_version=&#8221;4.27.0&#8243; _module_preset=&#8221;default&#8221; global_colors_info=&#8221;{}&#8221;][et_pb_heading title=&#8221;COS\u2019\u00c8 LA SINDROME DI DRAVET?&#8221; _builder_version=&#8221;4.27.0&#8243; _module_preset=&#8221;default&#8221; title_font=&#8221;|700|||||||&#8221; title_text_align=&#8221;center&#8221; title_text_color=&#8221;#44A083&#8243; title_font_size=&#8221;32px&#8221; custom_margin=&#8221;||10px||false|false&#8221; custom_margin_tablet=&#8221;||10px||false|false&#8221; custom_margin_phone=&#8221;||||false|false&#8221; custom_margin_last_edited=&#8221;on|phone&#8221; custom_padding=&#8221;||||false|false&#8221; title_font_size_tablet=&#8221;32px&#8221; title_font_size_phone=&#8221;&#8221; title_font_size_last_edited=&#8221;on|phone&#8221; global_colors_info=&#8221;{}&#8221;][\/et_pb_heading][et_pb_divider color=&#8221;#44A083&#8243; divider_weight=&#8221;1.5px&#8221; _builder_version=&#8221;4.27.0&#8243; _module_preset=&#8221;default&#8221; max_width=&#8221;560px&#8221; module_alignment=&#8221;center&#8221; custom_margin=&#8221;10px||0px||false|false&#8221; global_colors_info=&#8221;{}&#8221;][\/et_pb_divider][\/et_pb_column][\/et_pb_row][et_pb_row column_structure=&#8221;1_2,1_2&#8243; _builder_version=&#8221;4.27.0&#8243; _module_preset=&#8221;default&#8221; custom_margin=&#8221;||||false|false&#8221; custom_padding=&#8221;||||false|false&#8221; global_colors_info=&#8221;{}&#8221;][et_pb_column type=&#8221;1_2&#8243; _builder_version=&#8221;4.27.0&#8243; _module_preset=&#8221;default&#8221; global_colors_info=&#8221;{}&#8221;][et_pb_text _builder_version=&#8221;4.27.5&#8243; _module_preset=&#8221;default&#8221; header_3_font=&#8221;|700|||||||&#8221; global_colors_info=&#8221;{}&#8221;]<\/p>\n<h3>La sindrome di Dravet \u00e8 una forma di epilessia genetica estremamente problematica che spesso insorge durante l\u2019infanzia, portando con s\u00e9 il carico di crisi convulsive prolungate e altri sintomi correlati. Per le persone colpite e le rispettive famiglie, comprendere i sintomi della sindrome di Dravet pu\u00f2 essere un processo emotivo. <\/h3>\n<p>[\/et_pb_text][\/et_pb_column][et_pb_column type=&#8221;1_2&#8243; _builder_version=&#8221;4.27.0&#8243; _module_preset=&#8221;default&#8221; global_colors_info=&#8221;{}&#8221;][et_pb_text ul_item_indent=&#8221;35px&#8221; ul_item_indent_tablet=&#8221;30px&#8221; ul_item_indent_phone=&#8221;20px&#8221; ul_item_indent_last_edited=&#8221;on|phone&#8221; _builder_version=&#8221;4.27.5&#8243; _module_preset=&#8221;default&#8221; link_font=&#8221;||||on||||&#8221; link_text_color=&#8221;#44A083&#8243; header_3_font=&#8221;|700|||||||&#8221; custom_margin=&#8221;||0px||false|false&#8221; custom_padding=&#8221;||0px||false|false&#8221; hover_enabled=&#8221;0&#8243; global_colors_info=&#8221;{}&#8221; link_text_color__hover_enabled=&#8221;on|hover&#8221; link_text_color__hover=&#8221;#213A70&#8243; sticky_enabled=&#8221;0&#8243;]<\/p>\n<h3>La <a href=\"https:\/\/www.dravet.it\/\" target=\"_blank\" rel=\"noopener\">Dravet Syndrome Foundation<\/a> descrive alcuni altri sintomi correlati alla patologia come:<\/h3>\n<ul>\n<li>ritardi comportamentali e dello sviluppo;<\/li>\n<li>problemi legati al movimento e all\u2019equilibrio;<\/li>\n<li>ritardo del linguaggio e problemi legati alla capacit\u00e0 di parlare, per citarne solo alcuni.<\/li>\n<\/ul>\n<p>[\/et_pb_text][\/et_pb_column][\/et_pb_row][\/et_pb_section][et_pb_section fb_built=&#8221;1&#8243; _builder_version=&#8221;4.27.0&#8243; _module_preset=&#8221;default&#8221; background_color=&#8221;#F6FAF6&#8243; global_colors_info=&#8221;{}&#8221;][et_pb_row _builder_version=&#8221;4.27.0&#8243; _module_preset=&#8221;default&#8221; custom_margin=&#8221;||||false|false&#8221; custom_padding=&#8221;10px||0px||false|false&#8221; global_colors_info=&#8221;{}&#8221;][et_pb_column type=&#8221;4_4&#8243; _builder_version=&#8221;4.27.0&#8243; _module_preset=&#8221;default&#8221; global_colors_info=&#8221;{}&#8221;][et_pb_text _builder_version=&#8221;4.27.5&#8243; _module_preset=&#8221;default&#8221; text_font=&#8221;||||||||&#8221; header_font=&#8221;||||||||&#8221; text_orientation=&#8221;center&#8221; custom_margin=&#8221;||||false|false&#8221; global_colors_info=&#8221;{}&#8221;]<\/p>\n<h2>Le difficolt\u00e0 legate alla sindrome di Dravet negli adulti possono essere particolarmente impegnative e richiedono cure e conoscenze specialistiche. \u00c8 importante riconoscere che ogni storia \u00e8 unica e che cercare aiuto e vicinanza pu\u00f2 fare una profonda differenza. <\/h2>\n<p>[\/et_pb_text][\/et_pb_column][\/et_pb_row][\/et_pb_section][et_pb_section fb_built=&#8221;1&#8243; _builder_version=&#8221;4.27.0&#8243; _module_preset=&#8221;default&#8221; background_color=&#8221;#FFFFFF&#8221; background_enable_image=&#8221;off&#8221; background_size=&#8221;contain&#8221; background_position=&#8221;top_center&#8221; background_vertical_offset=&#8221;-7%&#8221; custom_padding=&#8221;||||false|false&#8221; global_colors_info=&#8221;{}&#8221;][et_pb_row column_structure=&#8221;2_5,3_5&#8243; make_equal=&#8221;on&#8221; _builder_version=&#8221;4.27.0&#8243; _module_preset=&#8221;default&#8221; module_alignment=&#8221;center&#8221; custom_margin=&#8221;||||false|false&#8221; custom_css_main_element=&#8221;align-items: center;&#8221; global_colors_info=&#8221;{}&#8221;][et_pb_column type=&#8221;2_5&#8243; _builder_version=&#8221;4.27.0&#8243; _module_preset=&#8221;default&#8221; global_colors_info=&#8221;{}&#8221;][et_pb_image src=&#8221;https:\/\/deepdsstudy.global\/wp-content\/uploads\/2024\/09\/fish-seahorse-circle.png&#8221; title_text=&#8221;fish-seahorse-circle&#8221; _builder_version=&#8221;4.27.0&#8243; _module_preset=&#8221;default&#8221; max_width=&#8221;340px&#8221; module_alignment=&#8221;right&#8221; module_alignment_tablet=&#8221;center&#8221; module_alignment_phone=&#8221;center&#8221; module_alignment_last_edited=&#8221;on|tablet&#8221; global_colors_info=&#8221;{}&#8221;][\/et_pb_image][\/et_pb_column][et_pb_column type=&#8221;3_5&#8243; _builder_version=&#8221;4.27.0&#8243; _module_preset=&#8221;default&#8221; global_colors_info=&#8221;{}&#8221;][et_pb_text _builder_version=&#8221;4.27.5&#8243; _module_preset=&#8221;default&#8221; header_2_font=&#8221;|700|||||||&#8221; header_2_text_color=&#8221;#44A083&#8243; header_3_font=&#8221;|700|||||||&#8221; header_3_text_color=&#8221;#44A083&#8243; custom_margin=&#8221;||0px||false|false&#8221; global_colors_info=&#8221;{}&#8221;]<\/p>\n<h2>Il percorso attraverso la sindrome di Dravet a volte pu\u00f2 sembrare opprimente, ma \u00e8 essenziale che le famiglie sappiano di non essere sole.<\/h2>\n<p>[\/et_pb_text][et_pb_divider color=&#8221;#44A083&#8243; divider_weight=&#8221;1.5px&#8221; _builder_version=&#8221;4.27.0&#8243; _module_preset=&#8221;default&#8221; max_width=&#8221;99%&#8221; module_alignment=&#8221;left&#8221; custom_margin=&#8221;10px||0px||false|false&#8221; locked=&#8221;off&#8221; global_colors_info=&#8221;{}&#8221;][\/et_pb_divider][et_pb_text _builder_version=&#8221;4.27.5&#8243; _module_preset=&#8221;default&#8221; global_colors_info=&#8221;{}&#8221;]<\/p>\n<p>Mentre la ricerca continua a far luce sulla malattia, cresce la comunit\u00e0 di caregiver e persone che affrontano sfide simili. Sono in fase di studio opzioni terapeutiche per migliorare la qualit\u00e0 della vita sia dei bambini sia degli adulti con sindrome di Dravet. <\/p>\n<p>[\/et_pb_text][\/et_pb_column][\/et_pb_row][et_pb_row custom_padding_last_edited=&#8221;on|tablet&#8221; _builder_version=&#8221;4.27.0&#8243; _module_preset=&#8221;default&#8221; custom_padding_tablet=&#8221;0px||||false|false&#8221; custom_padding_phone=&#8221;0px||||false|false&#8221; global_colors_info=&#8221;{}&#8221;][et_pb_column type=&#8221;4_4&#8243; _builder_version=&#8221;4.27.0&#8243; _module_preset=&#8221;default&#8221; global_colors_info=&#8221;{}&#8221;][et_pb_text _builder_version=&#8221;4.27.5&#8243; _module_preset=&#8221;default&#8221; header_2_font=&#8221;|700|||||||&#8221; header_3_font=&#8221;|700|||||||&#8221; text_orientation=&#8221;center&#8221; custom_margin=&#8221;||0px||false|false&#8221; custom_padding=&#8221;||0px||false|false&#8221; global_colors_info=&#8221;{}&#8221;]<\/p>\n<h2>Insieme, possiamo promuovere un ambiente di supporto in cui la condivisione di esperienze e risorse consenta alle famiglie di affrontare questo viaggio con speranza e resilienza.<\/h2>\n<p>[\/et_pb_text][et_pb_button button_url=&#8221;\/it-it\/#eligibility&#8221; button_text=&#8221;Contribuire alla ricerca sulla sindrome di Dravet&#8221; button_alignment=&#8221;center&#8221; _builder_version=&#8221;4.27.0&#8243; _module_preset=&#8221;default&#8221; custom_button=&#8221;on&#8221; button_text_size=&#8221;16px&#8221; button_text_color=&#8221;#FFFFFF&#8221; button_bg_color=&#8221;#043673&#8243; button_border_width=&#8221;0px&#8221; button_border_radius=&#8221;30px&#8221; button_font=&#8221;&#8211;et_global_heading_font|700|||||||&#8221; button_use_icon=&#8221;off&#8221; custom_margin=&#8221;20px||20px||false|false&#8221; custom_padding=&#8221;10px|45px|10px|45px|true|true&#8221; global_colors_info=&#8221;{}&#8221; button_bg_color__hover=&#8221;#44A083&#8243; button_bg_color__hover_enabled=&#8221;on|hover&#8221; button_icon_color__hover=&#8221;#043673&#8243; button_icon_color__hover_enabled=&#8221;on|hover&#8221;][\/et_pb_button][\/et_pb_column][\/et_pb_row][\/et_pb_section][et_pb_section fb_built=&#8221;1&#8243; next_background_color=&#8221;#ffffff&#8221; _builder_version=&#8221;4.27.0&#8243; _module_preset=&#8221;default&#8221; background_color=&#8221;#213A70&#8243; custom_padding=&#8221;54px||120px||false|false&#8221; bottom_divider_style=&#8221;wave&#8221; bottom_divider_height=&#8221;50px&#8221; global_colors_info=&#8221;{}&#8221;][et_pb_row custom_padding_last_edited=&#8221;on|phone&#8221; _builder_version=&#8221;4.27.0&#8243; _module_preset=&#8221;default&#8221; custom_padding_tablet=&#8221;&#8221; custom_padding_phone=&#8221;&#8221; global_colors_info=&#8221;{}&#8221;][et_pb_column type=&#8221;4_4&#8243; _builder_version=&#8221;4.27.0&#8243; _module_preset=&#8221;default&#8221; global_colors_info=&#8221;{}&#8221;][et_pb_heading title=&#8221;INFORMAZIONI SUL FARMACO SPERIMENTALE&#8221; _builder_version=&#8221;4.27.0&#8243; _module_preset=&#8221;default&#8221; title_level=&#8221;h2&#8243; title_font=&#8221;|700|||||||&#8221; title_text_align=&#8221;center&#8221; title_text_color=&#8221;#A9D5C3&#8243; title_font_size=&#8221;32px&#8221; custom_margin=&#8221;||10px||false|false&#8221; title_font_size_tablet=&#8221;32px&#8221; title_font_size_phone=&#8221;26px&#8221; title_font_size_last_edited=&#8221;on|tablet&#8221; global_colors_info=&#8221;{}&#8221;][\/et_pb_heading][et_pb_divider color=&#8221;#A9D5C3&#8243; divider_weight=&#8221;1.5px&#8221; _builder_version=&#8221;4.27.0&#8243; _module_preset=&#8221;default&#8221; max_width=&#8221;670px&#8221; module_alignment=&#8221;center&#8221; custom_margin=&#8221;10px||20px||false|false&#8221; global_colors_info=&#8221;{}&#8221;][\/et_pb_divider][et_pb_text _builder_version=&#8221;4.27.5&#8243; _module_preset=&#8221;default&#8221; header_2_font=&#8221;|700|||||||&#8221; header_2_text_color=&#8221;#FFFFFF&#8221; header_3_font=&#8221;|700|||||||&#8221; header_3_text_color=&#8221;#44A083&#8243; text_orientation=&#8221;center&#8221; custom_margin=&#8221;||0px||false|false&#8221; global_colors_info=&#8221;{}&#8221;]<\/p>\n<h2>Lo studio clinico DEEp SEA sta valutando la sicurezza del farmaco sperimentale e la sua potenziale capacit\u00e0 di ridurre il numero di crisi convulsive nei bambini e negli adulti con sindrome di Dravet. <\/p>\n<p>Sta inoltre esaminando misure relative al sonno, alla gravit\u00e0 e alla qualit\u00e0 della vita.<\/h2>\n<p>[\/et_pb_text][\/et_pb_column][\/et_pb_row][et_pb_row column_structure=&#8221;3_5,2_5&#8243; make_equal=&#8221;on&#8221; _builder_version=&#8221;4.27.0&#8243; _module_preset=&#8221;default&#8221; custom_margin=&#8221;0px||||false|false&#8221; custom_padding=&#8221;0px||||false|false&#8221; custom_css_main_element=&#8221;align-items: center;&#8221; global_colors_info=&#8221;{}&#8221;][et_pb_column type=&#8221;3_5&#8243; _builder_version=&#8221;4.27.0&#8243; _module_preset=&#8221;default&#8221; global_colors_info=&#8221;{}&#8221;][et_pb_text _builder_version=&#8221;4.27.4&#8243; _module_preset=&#8221;default&#8221; text_text_color=&#8221;#FFFFFF&#8221; global_colors_info=&#8221;{}&#8221;]<\/p>\n<p>Il farmaco sperimentale precedentemente valutato in 239 persone, comprese alcune con sindrome di Dravet, attiva uno specifico recettore neuronale. Ci\u00f2 cambia il comportamento delle cellule e contribuisce a ridurre le crisi convulsive in alcune persone. <\/p>\n<p>Il termine \u201cfarmaco in studio\u201d si riferir\u00e0 al farmaco sperimentale o al placebo ed entrambe le soluzioni avranno lo stesso aspetto e lo stesso sapore. Il farmaco in studio verr\u00e0 fornito sotto forma di liquido somministrato per via orale o attraverso un sondino.  <\/p>\n<p>[\/et_pb_text][et_pb_button button_url=&#8221;\/it-it\/#eligibility&#8221; button_text=&#8221;Chi pu\u00f2 partecipare?&#8221; button_alignment=&#8221;left&#8221; button_alignment_tablet=&#8221;center&#8221; button_alignment_phone=&#8221;center&#8221; button_alignment_last_edited=&#8221;on|tablet&#8221; _builder_version=&#8221;4.27.4&#8243; _module_preset=&#8221;default&#8221; custom_button=&#8221;on&#8221; button_text_size=&#8221;16px&#8221; button_text_color=&#8221;#FFFFFF&#8221; button_bg_color=&#8221;#44A083&#8243; button_border_width=&#8221;5px&#8221; button_border_radius=&#8221;30px&#8221; button_font=&#8221;&#8211;et_global_heading_font|700|||||||&#8221; button_use_icon=&#8221;off&#8221; custom_margin=&#8221;40px||||false|false&#8221; custom_padding=&#8221;10px|45px|10px|45px|true|true&#8221; global_colors_info=&#8221;{}&#8221; button_text_color__hover=&#8221;#00475B&#8221; button_text_color__hover_enabled=&#8221;on|desktop&#8221; button_bg_color__hover=&#8221;#A9D5C3&#8243; button_bg_color__hover_enabled=&#8221;on|hover&#8221; button_icon_color__hover=&#8221;#F4F8FA&#8221; button_icon_color__hover_enabled=&#8221;on|hover&#8221; custom_padding__hover=&#8221;|45px|||true|false&#8221; custom_padding__hover_enabled=&#8221;on|hover&#8221; button_border_color__hover_enabled=&#8221;on|hover&#8221; button_border_color__hover=&#8221;#FFFFFF&#8221;][\/et_pb_button][\/et_pb_column][et_pb_column type=&#8221;2_5&#8243; _builder_version=&#8221;4.27.0&#8243; _module_preset=&#8221;default&#8221; global_colors_info=&#8221;{}&#8221;][et_pb_image src=&#8221;https:\/\/deepdsstudy.global\/wp-content\/uploads\/2024\/09\/dolphin_check.png&#8221; title_text=&#8221;dolphin_check&#8221; align=&#8221;center&#8221; _builder_version=&#8221;4.27.0&#8243; _module_preset=&#8221;default&#8221; max_width_tablet=&#8221;280px&#8221; max_width_phone=&#8221;280px&#8221; max_width_last_edited=&#8221;on|tablet&#8221; module_alignment=&#8221;center&#8221; max_height=&#8221;310px&#8221; custom_margin=&#8221;||||false|false&#8221; custom_margin_tablet=&#8221;30px||||false|false&#8221; custom_margin_phone=&#8221;30px||||false|false&#8221; custom_margin_last_edited=&#8221;on|tablet&#8221; global_colors_info=&#8221;{}&#8221;][\/et_pb_image][\/et_pb_column][\/et_pb_row][\/et_pb_section][et_pb_section fb_built=&#8221;1&#8243; next_background_color=&#8221;#F4F8FA&#8221; _builder_version=&#8221;4.27.0&#8243; _module_preset=&#8221;default&#8221; bottom_divider_style=&#8221;wave2&#8243; bottom_divider_height=&#8221;50px&#8221; bottom_divider_flip=&#8221;horizontal&#8221; global_colors_info=&#8221;{}&#8221;][et_pb_row _builder_version=&#8221;4.27.0&#8243; _module_preset=&#8221;default&#8221; global_colors_info=&#8221;{}&#8221;][et_pb_column type=&#8221;4_4&#8243; _builder_version=&#8221;4.27.0&#8243; _module_preset=&#8221;default&#8221; global_colors_info=&#8221;{}&#8221;][et_pb_image src=&#8221;https:\/\/deepdsstudy.global\/wp-content\/uploads\/2024\/08\/cropped-DEEp_SEA-302_Icon-RGB.png&#8221; title_text=&#8221;cropped-DEEp_SEA-302_Icon-RGB.png&#8221; _builder_version=&#8221;4.27.0&#8243; _module_preset=&#8221;default&#8221; max_width=&#8221;100px&#8221; module_alignment=&#8221;center&#8221; global_colors_info=&#8221;{}&#8221;][\/et_pb_image][et_pb_heading title=&#8221;PERCH\u00c9 PARTECIPARE?&#8221; _builder_version=&#8221;4.27.0&#8243; _module_preset=&#8221;default&#8221; title_font=&#8221;|700||on|||||&#8221; title_text_align=&#8221;center&#8221; custom_margin=&#8221;||0px||false|false&#8221; global_colors_info=&#8221;{}&#8221;][\/et_pb_heading][et_pb_heading title=&#8221;Partecipare a uno studio clinico \u00e8 una decisione importante, ma \u00e8 anche un\u2019opportunit\u00e0 per prendere parte a un\u2019iniziativa finalizzata a far progredire il trattamento per la sindrome di Dravet.&#8221; _builder_version=&#8221;4.27.4&#8243; _module_preset=&#8221;default&#8221; title_level=&#8221;h2&#8243; title_font=&#8221;|700|||||||&#8221; title_text_align=&#8221;center&#8221; title_text_color=&#8221;#44A083&#8243; title_font_size=&#8221;26px&#8221; custom_margin=&#8221;||10px||false|false&#8221; title_font_size_tablet=&#8221;26px&#8221; title_font_size_phone=&#8221;22px&#8221; title_font_size_last_edited=&#8221;on|phone&#8221; global_colors_info=&#8221;{}&#8221;][\/et_pb_heading][et_pb_divider color=&#8221;#44A083&#8243; divider_weight=&#8221;1.5px&#8221; _builder_version=&#8221;4.27.0&#8243; _module_preset=&#8221;default&#8221; max_width=&#8221;90%&#8221; module_alignment=&#8221;center&#8221; custom_margin=&#8221;10px||20px||false|false&#8221; global_colors_info=&#8221;{}&#8221;][\/et_pb_divider][et_pb_text _builder_version=&#8221;4.27.5&#8243; _module_preset=&#8221;default&#8221; global_colors_info=&#8221;{}&#8221;]<\/p>\n<p>Partecipando alla ricerca clinica, la persona a Lei cara svolger\u00e0 un ruolo attivo nella definizione delle opzioni terapeutiche per la sindrome di Dravet e contribuir\u00e0 al progresso della medicina per le generazioni attuali e future.<\/p>\n<p>Non esistono benefici comprovati associati alla partecipazione a uno studio clinico. Tuttavia, la partecipazione allo studio DEEp SEA pu\u00f2 ridurre la frequenza delle crisi convulsive nei partecipanti assegnati al gruppo di trattamento con il farmaco in studio. Inoltre, durante lo studio e gli esami facoltativi, i partecipanti potranno contare su una continua gestione e valutazione medica finalizzata a identificare le mutazioni associate alla sindrome di Dravet nei partecipanti.  <\/p>\n<p>La decisione di partecipare \u00e8 personale e dipende interamente da Lei e dalla persona a Lei cara. \u00c8 essenziale sentirsi a proprio agio ed essere informati prima di partecipare a uno studio clinico. La invitiamo a rivolgere eventuali domande al Suo operatore sanitario.  <\/p>\n<p>[\/et_pb_text][et_pb_button button_url=&#8221;\/it-it\/#eligibility&#8221; button_text=&#8221;Scopra le modalit\u00e0 di partecipazione della persona a Lei cara&#8221; button_alignment=&#8221;center&#8221; _builder_version=&#8221;4.27.0&#8243; _module_preset=&#8221;default&#8221; custom_button=&#8221;on&#8221; button_text_size=&#8221;18px&#8221; button_text_color=&#8221;#FFFFFF&#8221; button_bg_color=&#8221;#043673&#8243; button_border_width=&#8221;0px&#8221; button_border_radius=&#8221;30px&#8221; button_font=&#8221;&#8211;et_global_heading_font|700|||||||&#8221; button_use_icon=&#8221;off&#8221; custom_margin=&#8221;||40px||false|false&#8221; custom_padding=&#8221;10px|45px|10px|45px|true|true&#8221; global_colors_info=&#8221;{}&#8221; button_bg_color__hover=&#8221;#44A083&#8243; button_bg_color__hover_enabled=&#8221;on|hover&#8221; button_icon_color__hover=&#8221;#043673&#8243; button_icon_color__hover_enabled=&#8221;on|hover&#8221;][\/et_pb_button][\/et_pb_column][\/et_pb_row][\/et_pb_section]<\/p>\n","protected":false},"excerpt":{"rendered":"<p>La sindrome di Dravet \u00e8 una forma di epilessia genetica estremamente problematica che spesso insorge durante l\u2019infanzia, portando con s\u00e9 il carico di crisi convulsive prolungate e altri sintomi correlati. Per le persone colpite e le rispettive famiglie, comprendere i sintomi della sindrome di Dravet pu\u00f2 essere un processo emotivo. La Dravet Syndrome Foundation descrive [&hellip;]<\/p>\n","protected":false},"author":2,"featured_media":0,"parent":0,"menu_order":0,"comment_status":"closed","ping_status":"closed","template":"","meta":{"_et_pb_use_builder":"on","_et_pb_old_content":"","_et_gb_content_width":"","footnotes":""},"class_list":["post-330","page","type-page","status-publish","hentry"],"_links":{"self":[{"href":"https:\/\/deepdsstudy.global\/it-it\/wp-json\/wp\/v2\/pages\/330","targetHints":{"allow":["GET"]}}],"collection":[{"href":"https:\/\/deepdsstudy.global\/it-it\/wp-json\/wp\/v2\/pages"}],"about":[{"href":"https:\/\/deepdsstudy.global\/it-it\/wp-json\/wp\/v2\/types\/page"}],"author":[{"embeddable":true,"href":"https:\/\/deepdsstudy.global\/it-it\/wp-json\/wp\/v2\/users\/2"}],"replies":[{"embeddable":true,"href":"https:\/\/deepdsstudy.global\/it-it\/wp-json\/wp\/v2\/comments?post=330"}],"version-history":[{"count":0,"href":"https:\/\/deepdsstudy.global\/it-it\/wp-json\/wp\/v2\/pages\/330\/revisions"}],"wp:attachment":[{"href":"https:\/\/deepdsstudy.global\/it-it\/wp-json\/wp\/v2\/media?parent=330"}],"curies":[{"name":"wp","href":"https:\/\/api.w.org\/{rel}","templated":true}]}}