{"id":405,"date":"2024-08-20T19:15:50","date_gmt":"2024-08-20T19:15:50","guid":{"rendered":"https:\/\/deepseaousdev.wpenginepowered.com\/politique-relative-aux-cookies\/"},"modified":"2026-03-02T13:31:37","modified_gmt":"2026-03-02T13:31:37","slug":"politique-relative-aux-cookies","status":"publish","type":"page","link":"https:\/\/deepdsstudy.global\/fr-fr\/politique-relative-aux-cookies\/","title":{"rendered":"Politique relative aux cookies"},"content":{"rendered":"<p>[et_pb_section fb_built=\u00a0\u00bb1&Prime; _builder_version=\u00a0\u00bb4.27.0&Prime; _module_preset=\u00a0\u00bbdefault\u00a0\u00bb background_color=\u00a0\u00bb#213A70&Prime; global_colors_info=\u00a0\u00bb{}\u00a0\u00bb][et_pb_row custom_padding_last_edited=\u00a0\u00bbon|phone\u00a0\u00bb _builder_version=\u00a0\u00bb4.27.0&Prime; _module_preset=\u00a0\u00bbdefault\u00a0\u00bb custom_padding=\u00a0\u00bb20px||20px||true|false\u00a0\u00bb custom_padding_tablet=\u00a0\u00bb20px||20px||true|false\u00a0\u00bb custom_padding_phone=\u00a0\u00bb0px||0px||true|false\u00a0\u00bb global_colors_info=\u00a0\u00bb{}\u00a0\u00bb][et_pb_column type=\u00a0\u00bb4_4&Prime; _builder_version=\u00a0\u00bb4.27.0&Prime; _module_preset=\u00a0\u00bbdefault\u00a0\u00bb global_colors_info=\u00a0\u00bb{}\u00a0\u00bb][et_pb_heading title=\u00a0\u00bbPolitique relative aux cookies\u00a0\u00bb _builder_version=\u00a0\u00bb4.27.0&Prime; _module_preset=\u00a0\u00bbdefault\u00a0\u00bb title_font=\u00a0\u00bb|600|||||||\u00a0\u00bb title_text_align=\u00a0\u00bbcenter\u00a0\u00bb title_text_color=\u00a0\u00bb#FFFFFF\u00a0\u00bb title_font_size=\u00a0\u00bb42px\u00a0\u00bb custom_margin=\u00a0\u00bb||16px||false|false\u00a0\u00bb custom_margin_tablet=\u00a0\u00bb||16px||false|false\u00a0\u00bb custom_margin_phone=\u00a0\u00bb||10px||false|false\u00a0\u00bb custom_margin_last_edited=\u00a0\u00bbon|phone\u00a0\u00bb title_font_size_tablet=\u00a0\u00bb36px\u00a0\u00bb title_font_size_phone=\u00a0\u00bb32px\u00a0\u00bb title_font_size_last_edited=\u00a0\u00bbon|phone\u00a0\u00bb global_colors_info=\u00a0\u00bb{}\u00a0\u00bb][\/et_pb_heading][et_pb_divider color=\u00a0\u00bb#FFFFFF\u00a0\u00bb divider_weight=\u00a0\u00bb1.5px\u00a0\u00bb _builder_version=\u00a0\u00bb4.27.0&Prime; _module_preset=\u00a0\u00bbdefault\u00a0\u00bb max_width=\u00a0\u00bb380px\u00a0\u00bb max_width_tablet=\u00a0\u00bb380px\u00a0\u00bb max_width_phone=\u00a0\u00bb\u00a0\u00bb max_width_last_edited=\u00a0\u00bbon|desktop\u00a0\u00bb module_alignment=\u00a0\u00bbcenter\u00a0\u00bb global_colors_info=\u00a0\u00bb{}\u00a0\u00bb][\/et_pb_divider][\/et_pb_column][\/et_pb_row][\/et_pb_section][et_pb_section fb_built=\u00a0\u00bb1&Prime; _builder_version=\u00a0\u00bb4.27.0&Prime; _module_preset=\u00a0\u00bbdefault\u00a0\u00bb global_colors_info=\u00a0\u00bb{}\u00a0\u00bb][et_pb_row _builder_version=\u00a0\u00bb4.27.0&Prime; _module_preset=\u00a0\u00bbdefault\u00a0\u00bb global_colors_info=\u00a0\u00bb{}\u00a0\u00bb][et_pb_column type=\u00a0\u00bb4_4&Prime; _builder_version=\u00a0\u00bb4.27.0&Prime; _module_preset=\u00a0\u00bbdefault\u00a0\u00bb global_colors_info=\u00a0\u00bb{}\u00a0\u00bb][et_pb_text _builder_version=\u00a0\u00bb4.27.5&Prime; _module_preset=\u00a0\u00bbdefault\u00a0\u00bb hover_enabled=\u00a0\u00bb0&Prime; global_colors_info=\u00a0\u00bb{}\u00a0\u00bb sticky_enabled=\u00a0\u00bb0&Prime;]<\/p>\n<p>Derni\u00e8re mise \u00e0 jour : January 15, 2025<\/p>\n<p><strong><span>Elligo Health Research, Inc.<\/span><\/strong><span> (<strong>\u00ab Elligo \u00bb<\/strong>, <strong>\u00ab nous \u00bb, \u00ab notre \u00bb<\/strong> ou <strong>\u00ab nos \u00bb<\/strong>) assiste l\u2019organisation de recherche clinique (ORC) <strong>PPD, appartenant \u00e0 Thermo Fisher Scientific<\/strong> (<strong>\u00ab PPD \u00bb<\/strong>) en fournissant certains services, qui peuvent inclure la publicit\u00e9 pour l\u2019\u00e9tude, le recrutement pour l\u2019\u00e9tude, le soutien au centre de l\u2019\u00e9tude et l\u2019h\u00e9bergement du site Web de l\u2019\u00e9tude <strong>DEEp SEA<\/strong> (les <strong>\u00ab services \u00bb<\/strong>) au nom du promoteur de l\u2019\u00e9tude <strong>DEEp SEA<\/strong>, <strong>Longboard Pharmaceuticals, Inc. <\/strong>(<strong>\u00ab Longboard \u00bb<\/strong>). Longboard est le responsable du traitement des donn\u00e9es personnelles trait\u00e9es dans le cadre de l\u2019\u00e9tude <strong>DEEp SEA<\/strong>.<\/span><\/p>\n<p>Cette politique d\u00e9crit comment et pourquoi Elligo utilise des cookies sur ce site Web www.deepdsstudy.global au nom du responsable du traitement, <strong>Longboard<\/strong>.<\/p>\n<p>[\/et_pb_text][et_pb_heading title=\u00a0\u00bbQue sont les cookies ?\u00a0\u00bb _builder_version=\u00a0\u00bb4.27.0&Prime; _module_preset=\u00a0\u00bbdefault\u00a0\u00bb title_level=\u00a0\u00bbh2&Prime; title_font=\u00a0\u00bb|700|||||||\u00a0\u00bb custom_margin=\u00a0\u00bb||0px||false|false\u00a0\u00bb global_colors_info=\u00a0\u00bb{}\u00a0\u00bb][\/et_pb_heading][et_pb_text _builder_version=\u00a0\u00bb4.27.4&Prime; _module_preset=\u00a0\u00bbdefault\u00a0\u00bb global_colors_info=\u00a0\u00bb{}\u00a0\u00bb]<\/p>\n<p>Un cookie est un petit \u00e9l\u00e9ment de donn\u00e9es (fichier texte) qu\u2019un site Web ou une application \u2014 lorsqu\u2019il est visit\u00e9 par un utilisateur \u2014 demande \u00e0 votre navigateur de stocker sur votre appareil afin de se souvenir d\u2019informations vous concernant, par exemple si vous avez consenti ou non \u00e0 notre utilisation de cookies. Ces cookies sont d\u00e9finis par nos soins et sont appel\u00e9s cookies internes. <\/p>\n<p>Nous utilisons \u00e9galement des cookies tiers \u2014 il s\u2019agit de cookies d\u2019un domaine diff\u00e9rent de celui du site Web que vous visitez ou d\u2019un domaine que nous n\u2019exploitons pas \u2014 par exemple \u00e0 des fins de marketing et de publicit\u00e9.<\/p>\n<p>[\/et_pb_text][et_pb_heading title=\u00a0\u00bbComment utilisons-nous les cookies ?\u00a0\u00bb _builder_version=\u00a0\u00bb4.27.0&Prime; _module_preset=\u00a0\u00bbdefault\u00a0\u00bb title_level=\u00a0\u00bbh2&Prime; title_font=\u00a0\u00bb|700|||||||\u00a0\u00bb custom_margin=\u00a0\u00bb||0px||false|false\u00a0\u00bb global_colors_info=\u00a0\u00bb{}\u00a0\u00bb][\/et_pb_heading][et_pb_text _builder_version=\u00a0\u00bb4.27.5&Prime; _module_preset=\u00a0\u00bbdefault\u00a0\u00bb global_colors_info=\u00a0\u00bb{}\u00a0\u00bb]<\/p>\n<p>Ce site Web utilise deux types de cookies : les cookies persistants et les cookies de session. Les cookies <strong>persistants<\/strong> sont des cookies qui restent sur votre appareil pendant un certain temps (comme indiqu\u00e9 dans le tableau ci-dessous) ou jusqu\u2019\u00e0 ce que vous les supprimiez manuellement ou que vous vous y opposiez. Les cookies de <strong>session<\/strong> sont des cookies qui expirent \u00e0 la fin de la session du navigateur (par exemple, lorsque vous quittez notre site Web et fermez votre navigateur).<\/p>\n<p>Nous utilisons les cookies <strong>strictement n\u00e9cessaires<\/strong> pour (i) vous reconna\u00eetre en tant qu\u2019utilisateur r\u00e9current, (ii) s\u00e9curiser et vous fournir notre site Web (par exemple, le formatage du site Web et la protection de notre site Web contre les attaques malveillantes) et (iii) enregistrer certaines de vos pr\u00e9f\u00e9rences (par exemple, l\u2019acceptation des cookies et les param\u00e8tres linguistiques).   <\/p>\n<p>Nous utilisons <strong>les cookies non essentiels (non strictement n\u00e9cessaires) <\/strong>pour (i) diffuser des publicit\u00e9s cibl\u00e9es en fonction de votre comportement de navigation et (ii) observer et analyser les niveaux de trafic et d\u2019autres mesures sur notre site Web, ce qui nous aide \u00e0 am\u00e9liorer notre site Web ainsi que votre exp\u00e9rience utilisateur globale. Nous n\u2019utilisons des cookies non essentiels que si nous avons votre consentement (voir ci-dessous).   <\/p>\n<p>Les cookies peuvent \u00eatre <strong>internes<\/strong> ou <strong>tiers<\/strong>, ce qui signifie qu\u2019ils sont exploit\u00e9s par nous (internes) ou par une autre partie (tiers). Veuillez noter que les interactions avec les cookies tiers sur notre site Web sont r\u00e9gies par les politiques de confidentialit\u00e9 et de cookies du tiers, comme indiqu\u00e9 ci-dessous. <\/p>\n<p>Vous trouverez ci-dessous de plus amples informations sur les types de cookies que nous utilisons.<\/p>\n<p>[\/et_pb_text][et_pb_heading title=\u00a0\u00bbGestion des cookies\u00a0\u00bb _builder_version=\u00a0\u00bb4.27.0&Prime; _module_preset=\u00a0\u00bbdefault\u00a0\u00bb title_level=\u00a0\u00bbh2&Prime; title_font=\u00a0\u00bb|700|||||||\u00a0\u00bb custom_margin=\u00a0\u00bb||0px||false|false\u00a0\u00bb global_colors_info=\u00a0\u00bb{}\u00a0\u00bb][\/et_pb_heading][et_pb_text _builder_version=\u00a0\u00bb4.27.4&Prime; _module_preset=\u00a0\u00bbdefault\u00a0\u00bb global_colors_info=\u00a0\u00bb{}\u00a0\u00bb]<\/p>\n<p>Lors de votre premi\u00e8re visite sur notre site Web et tous les six mois par la suite, sur la page d\u2019accueil, vous verrez une banni\u00e8re relative aux cookies vous expliquant pourquoi les cookies sont utilis\u00e9s et vous demandant de consentir \u00e0 chaque cookie non essentiel si vous acceptez que nous les utilisions en choisissant \u00ab Tout accepter \u00bb. Si vous n\u2019\u00eates pas d\u2019accord, vous pouvez s\u00e9lectionner ceux que vous souhaitez rejeter ou accepter, ou vous pouvez choisir de \u00ab Tout refuser \u00bb. <\/p>\n<p>Vous pouvez modifier vos pr\u00e9f\u00e9rences en mati\u00e8re de cookies via la banni\u00e8re relative aux cookies, qui vous permet d\u2019accepter ou de refuser l\u2019utilisation de cookies non essentiels sur votre appareil. Toutefois, vous pouvez \u00e9galement mettre \u00e0 jour vos pr\u00e9f\u00e9rences en mati\u00e8re de cookies \u00e0 tout moment en utilisant le bouton ci-dessous : <\/p>\n<p>[\/et_pb_text][et_pb_code _builder_version=\u00a0\u00bb4.27.0&Prime; _module_preset=\u00a0\u00bbdefault\u00a0\u00bb global_colors_info=\u00a0\u00bb{}\u00a0\u00bb][wcc_preference_button][\/et_pb_code][et_pb_text _builder_version=\u00a0\u00bb4.27.4&Prime; _module_preset=\u00a0\u00bbdefault\u00a0\u00bb global_colors_info=\u00a0\u00bb{}\u00a0\u00bb]<\/p>\n<p>Veuillez noter que vous ne pouvez pas d\u00e9sactiver les cookies strictement n\u00e9cessaires, car ils affectent la fonctionnalit\u00e9 de notre site Web et votre capacit\u00e9 \u00e0 utiliser certaines options et fonctionnalit\u00e9s.<\/p>\n<p>[\/et_pb_text][et_pb_heading title=\u00a0\u00bbTypes de cookies utilis\u00e9s\u00a0\u00bb _builder_version=\u00a0\u00bb4.27.0&Prime; _module_preset=\u00a0\u00bbdefault\u00a0\u00bb title_level=\u00a0\u00bbh2&Prime; title_font=\u00a0\u00bb|700|||||||\u00a0\u00bb custom_margin=\u00a0\u00bb||0px||false|false\u00a0\u00bb global_colors_info=\u00a0\u00bb{}\u00a0\u00bb][\/et_pb_heading][et_pb_text _builder_version=\u00a0\u00bb4.27.5&Prime; _module_preset=\u00a0\u00bbdefault\u00a0\u00bb header_2_text_color=\u00a0\u00bb#691F45&Prime; custom_padding=\u00a0\u00bb1px|||||\u00a0\u00bb custom_css_main_element=\u00a0\u00bboverflow-x: auto;\u00a0\u00bb global_colors_info=\u00a0\u00bb{}\u00a0\u00bb]<\/p>\n<table border=\"1\" style=\"border-collapse: collapse; width: 100%;\">\n<tbody>\n<tr>\n<td style=\"width: 15.9585%;\"><strong>Op\u00e9rateur<\/strong><\/td>\n<td style=\"width: 1.21359%;\"><strong>Nom du cookie<\/strong><\/td>\n<td style=\"width: 17.5261%;\"><strong>De session ou persistant <\/strong><\/td>\n<td style=\"width: 47.568%;\"><strong>Objectif<\/strong><\/td>\n<td style=\"width: 40.0688%;\"><strong>Dur\u00e9e de vie<\/strong><\/td>\n<\/tr>\n<tr>\n<td style=\"text-align: center;\" colspan=\"5\">\n<h3 style=\"padding: 4px 0;\">Cookies strictement n\u00e9cessaires<\/h3>\n<\/td>\n<\/tr>\n<tr>\n<td style=\"width: 15.9585%;\"><em>Elligo<\/em><\/td>\n<td style=\"width: 1.21359%;\">PHPSESSID<\/td>\n<td style=\"width: 17.5261%;\">De session<\/td>\n<td style=\"width: 47.568%;\">Ce cookie est natif des applications PHP. Le cookie est utilis\u00e9 pour stocker et identifier l\u2019ID de session unique d\u2019un utilisateur afin de g\u00e9rer la session de l\u2019utilisateur sur le site Web. Le cookie est un cookie de session et est supprim\u00e9 lorsque toutes les fen\u00eatres du navigateur sont ferm\u00e9es.  <\/td>\n<td style=\"width: 40.0688%;\">De session<\/td>\n<\/tr>\n<tr>\n<td style=\"width: 15.9585%;\"><em>WebToffee<\/em><\/td>\n<td style=\"width: 1.21359%;\">wt_consent<\/td>\n<td style=\"width: 17.5261%;\">Persistant<\/td>\n<td style=\"width: 47.568%;\">Utilis\u00e9 pour m\u00e9moriser les pr\u00e9f\u00e9rences des utilisateurs en mati\u00e8re de consentement afin qu\u2019elles soient respect\u00e9es lors des visites ult\u00e9rieures au site. Il ne recueille ni ne stocke d\u2019informations personnelles sur les visiteurs du site. <\/td>\n<td style=\"width: 40.0688%;\">1 an<\/td>\n<\/tr>\n<tr>\n<td style=\"width: 15.9585%;\"><em>WebToffee<\/em><\/td>\n<td style=\"width: 1.21359%;\">viewed_cookie_policy<\/td>\n<td style=\"width: 17.5261%;\">Persistant<\/td>\n<td style=\"width: 47.568%;\">Ce cookie est d\u00e9fini par le module d\u2019extension GDPR Cookie Consent (Consentement aux cookies selon le RGPD) et est utilis\u00e9 pour enregistrer si l\u2019utilisateur a consenti ou non \u00e0 l\u2019utilisation de cookies. Il ne stocke aucune donn\u00e9e personnelle. <\/td>\n<td style=\"width: 40.0688%;\">6 mois<\/td>\n<\/tr>\n<tr>\n<td style=\"width: 15.9585%;\"><em>WebToffee<\/em><\/td>\n<td style=\"width: 1.21359%;\">CookieLawInfoConsent<\/td>\n<td style=\"width: 17.5261%;\">Persistant<\/td>\n<td style=\"width: 47.568%;\">Ce cookie est d\u00e9fini par le module d\u2019extension GDPR Cookie Consent (Consentement aux cookies selon le RGPD) pour enregistrer l\u2019\u00e9tat du bouton par d\u00e9faut de la cat\u00e9gorie correspondante et le statut de la CCPA. Il fonctionne uniquement en coordination avec le cookie principal. <\/td>\n<td style=\"width: 40.0688%;\">1 an<\/td>\n<\/tr>\n<tr>\n<td style=\"width: 15.9585%;\"><em>WebToffee<\/em><\/td>\n<td style=\"width: 1.21359%;\">cookielawinfo-checkbox-necessary<\/td>\n<td style=\"width: 17.5261%;\">Persistant<\/td>\n<td style=\"width: 47.568%;\">Ce cookie est d\u00e9fini par le module d\u2019extension GDPR Cookie Consent pour stocker le consentement de l\u2019utilisateur pour les cookies de type \u00ab N\u00e9cessaire \u00bb.<\/td>\n<td style=\"width: 40.0688%;\">1 an<\/td>\n<\/tr>\n<tr>\n<td style=\"width: 15.9585%;\"><em>WebToffee<\/em><\/td>\n<td style=\"width: 1.21359%;\">cookielawinfo-checkbox-functional<\/td>\n<td style=\"width: 17.5261%;\">Persistant<\/td>\n<td style=\"width: 47.568%;\">Ce cookie est d\u00e9fini par le module d\u2019extension GDPR Cookie Consent pour stocker le consentement de l\u2019utilisateur pour les cookies de type \u00ab Fonctionnel \u00bb.<\/td>\n<td style=\"width: 40.0688%;\">1 an<\/td>\n<\/tr>\n<tr>\n<td style=\"width: 15.9585%;\"><em>WebToffee<\/em><\/td>\n<td style=\"width: 1.21359%;\">cookielawinfo-checkbox-performance<\/td>\n<td style=\"width: 17.5261%;\">Persistant<\/td>\n<td style=\"width: 47.568%;\">Ce cookie est d\u00e9fini par le module d\u2019extension GDPR Cookie Consent pour stocker le consentement de l\u2019utilisateur pour les cookies de type \u00ab Performance \u00bb.<\/td>\n<td style=\"width: 40.0688%;\">1 an<\/td>\n<\/tr>\n<tr>\n<td style=\"width: 15.9585%;\"><em>WebToffee<\/em><\/td>\n<td style=\"width: 1.21359%;\">cookielawinfo-checkbox-analytics<\/td>\n<td style=\"width: 17.5261%;\">Persistant<\/td>\n<td style=\"width: 47.568%;\">Ce cookie est d\u00e9fini par le module d\u2019extension GDPR Cookie Consent pour stocker le consentement de l\u2019utilisateur pour les cookies de type \u00ab Analytique \u00bb.<\/td>\n<td style=\"width: 40.0688%;\">1 an<\/td>\n<\/tr>\n<tr>\n<td style=\"width: 15.9585%;\"><em>WebToffee<\/em><\/td>\n<td style=\"width: 1.21359%;\">cookielawinfo-checkbox-advertisement<\/td>\n<td style=\"width: 17.5261%;\">Persistant<\/td>\n<td style=\"width: 47.568%;\">Ce cookie est d\u00e9fini par le module d\u2019extension GDPR Cookie Consent pour stocker le consentement de l\u2019utilisateur pour les cookies de type \u00ab Publicitaire \u00bb.<\/td>\n<td style=\"width: 40.0688%;\">1 an<\/td>\n<\/tr>\n<tr>\n<td style=\"width: 15.9585%;\"><em>WebToffee<\/em><\/td>\n<td style=\"width: 1.21359%;\">cookielawinfo-checkbox-others<\/td>\n<td style=\"width: 17.5261%;\">Persistant<\/td>\n<td style=\"width: 47.568%;\">Ce cookie est d\u00e9fini par le module d\u2019extension GDPR Cookie Consent pour stocker le consentement de l\u2019utilisateur pour les cookies de type \u00ab Autres \u00bb.<\/td>\n<td style=\"width: 40.0688%;\">1 an<\/td>\n<\/tr>\n<tr>\n<td style=\"width: 15.9585%;\"><em>Elligo<\/em><\/td>\n<td style=\"width: 1.21359%;\">selected_language_url<\/td>\n<td style=\"width: 17.5261%;\">Persistant<\/td>\n<td style=\"width: 47.568%;\">Ce cookie est utilis\u00e9 pour afficher la langue choisie par un utilisateur sur le site Web.<\/td>\n<td style=\"width: 40.0688%;\">6 mois<\/td>\n<\/tr>\n<tr>\n<td style=\"width: 15.9585%;\"><em>WPML<\/em><\/td>\n<td style=\"width: 1.21359%;\">wp-wpml_current_language<\/td>\n<td style=\"width: 17.5261%;\">Persistant<\/td>\n<td style=\"width: 47.568%;\">Ce cookie est d\u00e9fini par le module d\u2019extension WPML pour enregistrer la s\u00e9lection de langue de l\u2019utilisateur actuel.<\/td>\n<td style=\"width: 40.0688%;\">24 heures<\/td>\n<\/tr>\n<tr>\n<td style=\"width: 15.9585%;\"><em>Matomo<\/em><\/td>\n<td style=\"width: 1.21359%;\">matomo_sessid<\/td>\n<td style=\"width: 17.5261%;\">De session<\/td>\n<td style=\"width: 47.568%;\">Ce cookie ne contient aucune donn\u00e9e utilis\u00e9e pour identifier les visiteurs, mais est consid\u00e9r\u00e9 comme un cookie essentiel.<\/td>\n<td style=\"width: 40.0688%;\">14 jours<\/td>\n<\/tr>\n<tr>\n<td style=\"text-align: center;\" colspan=\"5\">\n<h3 style=\"padding: 4px 0;\">Cookies non strictement n\u00e9cessaires<\/h3>\n<\/td>\n<\/tr>\n<tr>\n<td style=\"width: 15.9585%;\"><em>AppFromLab<\/em><\/td>\n<td style=\"width: 1.21359%;\">afl_wc_utm_sess_referer<\/td>\n<td style=\"width: 17.5261%;\">De session<\/td>\n<td style=\"width: 47.568%;\">D\u00e9fini par le module d\u2019extension AFL UTM Tracker, ce cookie stocke le premier r\u00e9f\u00e9rent du site Web de l\u2019utilisateur.<\/td>\n<td style=\"width: 40.0688%;\">De session<\/td>\n<\/tr>\n<tr>\n<td style=\"width: 15.9585%;\"><em>AppFromLab<\/em><\/td>\n<td style=\"width: 1.21359%;\">afl_wc_utm_utm_url<\/td>\n<td style=\"width: 17.5261%;\">Persistant<\/td>\n<td style=\"width: 47.568%;\">D\u00e9fini par le module d\u2019extension AFL UTM Tracker, ce cookie stocke la derni\u00e8re visite de l\u2019URL de contact du visiteur contenant le param\u00e8tre UTM.<\/td>\n<td style=\"width: 40.0688%;\">3 mois<\/td>\n<\/tr>\n<tr>\n<td style=\"width: 15.9585%;\"><em>AppFromLab<\/em><\/td>\n<td style=\"width: 1.21359%;\">afl_wc_utm_sess_landing<\/td>\n<td style=\"width: 17.5261%;\">De session<\/td>\n<td style=\"width: 47.568%;\">D\u00e9fini par le module d\u2019extension AFL UTM Tracker, ce cookie stocke l\u2019URL de la premi\u00e8re visite de l\u2019utilisateur sur la page d\u2019accueil.<\/td>\n<td style=\"width: 40.0688%;\">De session<\/td>\n<\/tr>\n<tr>\n<td style=\"width: 15.9585%;\"><em>AppFromLab<\/em><\/td>\n<td style=\"width: 1.21359%;\">afl_wc_utm_main<\/td>\n<td style=\"width: 17.5261%;\">De session<\/td>\n<td style=\"width: 47.568%;\">D\u00e9fini par le module d\u2019extension AFL UTM Tracker, ce cookie stocke l\u2019horodatage de la derni\u00e8re communication c\u00f4t\u00e9 serveur mise \u00e0 jour.<\/td>\n<td style=\"width: 40.0688%;\">De session<\/td>\n<\/tr>\n<tr>\n<td style=\"width: 15.9585%;\"><em>Cloudflare<\/em><\/td>\n<td style=\"width: 1.21359%;\">__cf_bm<\/td>\n<td style=\"width: 17.5261%;\">Persistant<\/td>\n<td style=\"width: 47.568%;\">Cloudflare d\u00e9finit ce cookie pour prendre en charge Cloudflare Bot Management.<\/td>\n<td style=\"width: 40.0688%;\">30 minutes<\/td>\n<\/tr>\n<tr>\n<td style=\"width: 15.9585%;\"><em>Matomo<\/em><\/td>\n<td style=\"width: 1.21359%;\">_pk_id*<\/td>\n<td style=\"width: 17.5261%;\">Persistant<\/td>\n<td style=\"width: 47.568%;\">Utilis\u00e9 pour stocker quelques d\u00e9tails sur l\u2019utilisateur tels que l\u2019ID unique du visiteur.<\/td>\n<td style=\"width: 40.0688%;\">13 mois<\/td>\n<\/tr>\n<tr>\n<td style=\"width: 15.9585%;\"><em>Matomo<\/em><\/td>\n<td style=\"width: 1.21359%;\">_pk_ref*<\/td>\n<td style=\"width: 17.5261%;\">Persistant<\/td>\n<td style=\"width: 47.568%;\">Utilis\u00e9 pour stocker les informations d\u2019attribution.<\/td>\n<td style=\"width: 40.0688%;\">6 mois<\/td>\n<\/tr>\n<tr>\n<td style=\"width: 15.9585%;\"><em>Matomo<\/em><\/td>\n<td style=\"width: 1.21359%;\">_pk_ses*<\/td>\n<td style=\"width: 17.5261%;\">De session<\/td>\n<td style=\"width: 47.568%;\">Utilis\u00e9 pour stocker l\u2019ID de session unique.<\/td>\n<td style=\"width: 40.0688%;\">30 minutes<\/td>\n<\/tr>\n<tr>\n<td style=\"width: 15.9585%;\"><em>Matomo<\/em><\/td>\n<td style=\"width: 1.21359%;\">_pk_cvar<\/td>\n<td style=\"width: 17.5261%;\">De session<\/td>\n<td style=\"width: 47.568%;\">Contient les variables personnalis\u00e9es qui ont \u00e9t\u00e9 d\u00e9finies lors de l\u2019affichage de la page pr\u00e9c\u00e9dente.<\/td>\n<td style=\"width: 40.0688%;\">30 minutes<\/td>\n<\/tr>\n<tr>\n<td style=\"width: 15.9585%;\"><em>Matomo<\/em><\/td>\n<td style=\"width: 1.21359%;\">_pk_hsr<\/td>\n<td style=\"width: 17.5261%;\">De session<\/td>\n<td style=\"width: 47.568%;\">Cookie de courte dur\u00e9e pour la cartographie thermique des sites Web. <\/td>\n<td style=\"width: 40.0688%;\">30 minutes<\/td>\n<\/tr>\n<tr>\n<td style=\"width: 15.9585%;\"><em>Matomo<\/em><\/td>\n<td style=\"width: 1.21359%;\">_pk_testcookie<\/td>\n<td style=\"width: 17.5261%;\">De session<\/td>\n<td style=\"width: 47.568%;\">Utilis\u00e9 pour v\u00e9rifier si le navigateur du visiteur prend en charge les cookies.<\/td>\n<td style=\"width: 40.0688%;\">&lt;5 minutes<\/td>\n<\/tr>\n<tr>\n<td style=\"width: 15.9585%;\"><em>Matomo<\/em><\/td>\n<td style=\"width: 1.21359%;\">mtm_consent or mtm_consent_removed<\/td>\n<td style=\"width: 17.5261%;\">Persistant<\/td>\n<td style=\"width: 47.568%;\">Cr\u00e9\u00e9 pour se rappeler que le consentement a \u00e9t\u00e9 donn\u00e9 (ou retir\u00e9) par l\u2019utilisateur.<\/td>\n<td style=\"width: 40.0688%;\">2 ans<\/td>\n<\/tr>\n<tr>\n<td style=\"width: 15.9585%;\"><em>Matomo<\/em><\/td>\n<td style=\"width: 1.21359%;\">mtm_cookie_consent<\/td>\n<td style=\"width: 17.5261%;\">Persistant<\/td>\n<td style=\"width: 47.568%;\">Utilis\u00e9 pour se rappeler que le consentement pour le stockage et l\u2019utilisation des cookies a \u00e9t\u00e9 donn\u00e9 par l\u2019utilisateur.<\/td>\n<td style=\"width: 40.0688%;\">2 ans<\/td>\n<\/tr>\n<tr>\n<td style=\"width: 15.9585%;\"><em>Matomo<\/em><\/td>\n<td style=\"width: 1.21359%;\">Matomo_ignore<\/td>\n<td style=\"width: 17.5261%;\">Persistant<\/td>\n<td style=\"width: 47.568%;\">Cr\u00e9\u00e9 lorsque l\u2019utilisateur refuse d\u2019\u00eatre suivi.<\/td>\n<td style=\"width: 40.0688%;\">30 ans<\/td>\n<\/tr>\n<tr>\n<td style=\"width: 15.9585%;\"><em>Google<\/em><\/td>\n<td style=\"width: 1.21359%;\">__gads<\/td>\n<td style=\"width: 1.21359%;\">Persistant<\/td>\n<td style=\"width: 47.568%;\">Google utilise des cookies \u00e0 des fins publicitaires, notamment pour diffuser et afficher des annonces, personnaliser les annonces (en fonction de vos param\u00e8tres publicitaires sur <a href=\"https:\/\/g.co\/adsettings\" target=\"_blank\" rel=\"noreferrer noopener\">g.co\/adsettings<\/a>), limiter le nombre de fois qu\u2019une annonce est diffus\u00e9e \u00e0 un utilisateur, d\u00e9sactiver les annonces que vous avez choisi de ne plus voir et mesurer l\u2019efficacit\u00e9 des annonces.<\/td>\n<td style=\"width: 40.0688%;\">13 mois<\/td>\n<\/tr>\n<tr>\n<td style=\"width: 15.9585%;\"><em>Google<\/em><\/td>\n<td style=\"width: 1.21359%;\">_gcl_au,_gcl_aw<\/td>\n<td style=\"width: 17.5261%;\">Persistant<\/td>\n<td style=\"width: 47.568%;\">Google utilise des cookies \u00e0 des fins publicitaires, notamment pour diffuser et afficher des annonces, personnaliser les annonces (en fonction de vos param\u00e8tres publicitaires sur <a href=\"https:\/\/g.co\/adsettings\" target=\"_blank\" rel=\"noreferrer noopener\">g.co\/adsettings<\/a>), limiter le nombre de fois qu\u2019une annonce est diffus\u00e9e \u00e0 un utilisateur, d\u00e9sactiver les annonces que vous avez choisi de ne plus voir et mesurer l\u2019efficacit\u00e9 des annonces.<\/td>\n<td style=\"width: 40.0688%;\">90 jours <\/td>\n<\/tr>\n<\/tbody>\n<\/table>\n<p>[\/et_pb_text][et_pb_heading title=\u00a0\u00bbCommuniquez avec nous\u00a0\u00bb _builder_version=\u00a0\u00bb4.27.0&Prime; _module_preset=\u00a0\u00bbdefault\u00a0\u00bb title_level=\u00a0\u00bbh2&Prime; global_colors_info=\u00a0\u00bb{}\u00a0\u00bb][\/et_pb_heading][et_pb_text _builder_version=\u00a0\u00bb4.27.5&Prime; _module_preset=\u00a0\u00bbdefault\u00a0\u00bb global_colors_info=\u00a0\u00bb{}\u00a0\u00bb]<\/p>\n<p>Pour plus d\u2019informations sur l\u2019utilisation des cookies de notre site Web, veuillez nous contacter \u00e0 l\u2019adresse suivante :<\/p>\n<p>Elligo Health Research, Inc. <br \/>11612 Bee Cave Rd <br \/>Building 1, Suite 150<br \/>Austin, TX 78738<\/p>\n<p>D\u00e9l\u00e9gu\u00e9 \u00e0 la protection des donn\u00e9es (DPD)<br \/><a href=\"mailto:privacy@elligodirect.com\">privacy@elligodirect.com<\/a><\/p>\n<p>Pour plus d\u2019informations sur la mani\u00e8re dont nous traitons les donn\u00e9es personnelles par l\u2019utilisation de cookies, veuillez consulter notre site Web <a href=\"https:\/\/deepdsstudy.global\/fr-fr\/politique-de-confidentialite\/\">Privacy Policy<\/a>.<\/p>\n<p>[\/et_pb_text][\/et_pb_column][\/et_pb_row][\/et_pb_section]<\/p>\n","protected":false},"excerpt":{"rendered":"<p>Derni\u00e8re mise \u00e0 jour : January 15, 2025 Elligo Health Research, Inc. (\u00ab Elligo \u00bb, \u00ab nous \u00bb, \u00ab notre \u00bb ou \u00ab nos \u00bb) assiste l\u2019organisation de recherche clinique (ORC) PPD, appartenant \u00e0 Thermo Fisher Scientific (\u00ab PPD \u00bb) en fournissant certains services, qui peuvent inclure la publicit\u00e9 pour l\u2019\u00e9tude, le recrutement pour l\u2019\u00e9tude, [&hellip;]<\/p>\n","protected":false},"author":2,"featured_media":0,"parent":0,"menu_order":0,"comment_status":"closed","ping_status":"closed","template":"","meta":{"_et_pb_use_builder":"on","_et_pb_old_content":"","_et_gb_content_width":"","footnotes":""},"class_list":["post-405","page","type-page","status-publish","hentry"],"_links":{"self":[{"href":"https:\/\/deepdsstudy.global\/fr-fr\/wp-json\/wp\/v2\/pages\/405","targetHints":{"allow":["GET"]}}],"collection":[{"href":"https:\/\/deepdsstudy.global\/fr-fr\/wp-json\/wp\/v2\/pages"}],"about":[{"href":"https:\/\/deepdsstudy.global\/fr-fr\/wp-json\/wp\/v2\/types\/page"}],"author":[{"embeddable":true,"href":"https:\/\/deepdsstudy.global\/fr-fr\/wp-json\/wp\/v2\/users\/2"}],"replies":[{"embeddable":true,"href":"https:\/\/deepdsstudy.global\/fr-fr\/wp-json\/wp\/v2\/comments?post=405"}],"version-history":[{"count":0,"href":"https:\/\/deepdsstudy.global\/fr-fr\/wp-json\/wp\/v2\/pages\/405\/revisions"}],"wp:attachment":[{"href":"https:\/\/deepdsstudy.global\/fr-fr\/wp-json\/wp\/v2\/media?parent=405"}],"curies":[{"name":"wp","href":"https:\/\/api.w.org\/{rel}","templated":true}]}}