{"id":357,"date":"2024-08-20T19:15:50","date_gmt":"2024-08-20T19:15:50","guid":{"rendered":"https:\/\/deepseaousdev.wpenginepowered.com\/politica-de-cookies\/"},"modified":"2026-02-17T17:18:12","modified_gmt":"2026-02-17T17:18:12","slug":"politica-de-cookies","status":"publish","type":"page","link":"https:\/\/deepdsstudy.global\/es-es\/politica-de-cookies\/","title":{"rendered":"Pol\u00edtica de cookies"},"content":{"rendered":"<p>[et_pb_section fb_built=\u00bb1&#8243; _builder_version=\u00bb4.27.0&#8243; _module_preset=\u00bbdefault\u00bb background_color=\u00bb#213A70&#8243; global_colors_info=\u00bb{}\u00bb][et_pb_row custom_padding_last_edited=\u00bbon|phone\u00bb _builder_version=\u00bb4.27.0&#8243; _module_preset=\u00bbdefault\u00bb custom_padding=\u00bb20px||20px||true|false\u00bb custom_padding_tablet=\u00bb20px||20px||true|false\u00bb custom_padding_phone=\u00bb0px||0px||true|false\u00bb global_colors_info=\u00bb{}\u00bb][et_pb_column type=\u00bb4_4&#8243; _builder_version=\u00bb4.27.0&#8243; _module_preset=\u00bbdefault\u00bb global_colors_info=\u00bb{}\u00bb][et_pb_heading title=\u00bbPol\u00edtica de cookies\u00bb _builder_version=\u00bb4.27.0&#8243; _module_preset=\u00bbdefault\u00bb title_font=\u00bb|600|||||||\u00bb title_text_align=\u00bbcenter\u00bb title_text_color=\u00bb#FFFFFF\u00bb title_font_size=\u00bb42px\u00bb custom_margin=\u00bb||16px||false|false\u00bb custom_margin_tablet=\u00bb||16px||false|false\u00bb custom_margin_phone=\u00bb||10px||false|false\u00bb custom_margin_last_edited=\u00bbon|phone\u00bb title_font_size_tablet=\u00bb36px\u00bb title_font_size_phone=\u00bb32px\u00bb title_font_size_last_edited=\u00bbon|phone\u00bb global_colors_info=\u00bb{}\u00bb][\/et_pb_heading][et_pb_divider color=\u00bb#FFFFFF\u00bb divider_weight=\u00bb1.5px\u00bb _builder_version=\u00bb4.27.0&#8243; _module_preset=\u00bbdefault\u00bb max_width=\u00bb380px\u00bb max_width_tablet=\u00bb380px\u00bb max_width_phone=\u00bb\u00bb max_width_last_edited=\u00bbon|desktop\u00bb module_alignment=\u00bbcenter\u00bb global_colors_info=\u00bb{}\u00bb][\/et_pb_divider][\/et_pb_column][\/et_pb_row][\/et_pb_section][et_pb_section fb_built=\u00bb1&#8243; _builder_version=\u00bb4.27.0&#8243; _module_preset=\u00bbdefault\u00bb global_colors_info=\u00bb{}\u00bb][et_pb_row _builder_version=\u00bb4.27.0&#8243; _module_preset=\u00bbdefault\u00bb global_colors_info=\u00bb{}\u00bb][et_pb_column type=\u00bb4_4&#8243; _builder_version=\u00bb4.27.0&#8243; _module_preset=\u00bbdefault\u00bb global_colors_info=\u00bb{}\u00bb][et_pb_text _builder_version=\u00bb4.27.5&#8243; _module_preset=\u00bbdefault\u00bb hover_enabled=\u00bb0&#8243; global_colors_info=\u00bb{}\u00bb sticky_enabled=\u00bb0&#8243;]<\/p>\n<p>\u00daltima actualizaci\u00f3n: January 15, 2025<\/p>\n<p><strong><span>Elligo Health Research, Inc.<\/span><\/strong><span> (\u00abElligo\u00bb o \u00ab<strong>nos<\/strong><strong>otros<\/strong>\u00bb) est\u00e1 ayudando a la organizaci\u00f3n de investigaci\u00f3n por contrato (CRO) <strong>PPD, parte de Thermo Fisher Scientific <\/strong>(\u00ab<strong>PPD<\/strong>\u00bb) en la prestaci\u00f3n de ciertos servicios, entre los que podr\u00edan incluirse publicidad del estudio, reclutamiento del estudio, asistencia al centro del estudio y alojamiento del sitio web del estudio <strong>DEEp SEA<\/strong> (los \u00ab<strong>servicios<\/strong>), en nombre del promotor del estudio <strong>DEEp SEA<\/strong>, <strong>Longboard Pharmaceuticals, Inc. <\/strong>(\u00ab<strong>Longboard<\/strong>\u00bb). <strong>Longboard<\/strong> es el responsable del tratamiento de los datos personales tratados en el estudio <strong>DEEp SEA<\/strong>.<\/span><\/p>\n<p>En esta pol\u00edtica se describe c\u00f3mo y por qu\u00e9 Elligo utiliza cookies en este sitio web https:\/\/deepdsstudy.global\/ en nombre del responsable del tratamiento de los datos, <strong>Longboard<\/strong>.<\/p>\n<p>[\/et_pb_text][et_pb_heading title=\u00bb\u00bfQu\u00e9 son las cookies?\u00bb _builder_version=\u00bb4.27.0&#8243; _module_preset=\u00bbdefault\u00bb title_level=\u00bbh2&#8243; title_font=\u00bb|700|||||||\u00bb custom_margin=\u00bb||0px||false|false\u00bb global_colors_info=\u00bb{}\u00bb][\/et_pb_heading][et_pb_text _builder_version=\u00bb4.27.4&#8243; _module_preset=\u00bbdefault\u00bb global_colors_info=\u00bb{}\u00bb]<\/p>\n<p>Una cookie es un peque\u00f1o fragmento de datos (archivo de texto) que un sitio web o una aplicaci\u00f3n solicita a su navegador que guarde en su dispositivo cuando usted los visita. Este archivo almacena informaci\u00f3n sobre usted, como si ha dado su consentimiento para el uso de cookies o no. Esas cookies las establecemos nosotros y se llaman cookies de primera parte. <\/p>\n<p>Tambi\u00e9n utilizamos cookies de terceros, que son cookies de un dominio diferente al del sitio web que est\u00e1 visitando o de un dominio que no operamos nosotros, por ejemplo, para fines de marketing y publicidad.<\/p>\n<p>[\/et_pb_text][et_pb_heading title=\u00bbC\u00f3mo utilizamos las cookies\u00bb _builder_version=\u00bb4.27.0&#8243; _module_preset=\u00bbdefault\u00bb title_level=\u00bbh2&#8243; title_font=\u00bb|700|||||||\u00bb custom_margin=\u00bb||0px||false|false\u00bb global_colors_info=\u00bb{}\u00bb][\/et_pb_heading][et_pb_text _builder_version=\u00bb4.27.5&#8243; _module_preset=\u00bbdefault\u00bb global_colors_info=\u00bb{}\u00bb]<\/p>\n<p>Este sitio web utiliza dos tipos de cookies: persistentes y de sesi\u00f3n. Las cookies <strong>persistentes<\/strong> son cookies que permanecen en su dispositivo durante un cierto per\u00edodo de tiempo (como se indica en la tabla a continuaci\u00f3n) o hasta que las elimine de forma manual o se oponga a ellas. Las cookies <strong>de sesi\u00f3n<\/strong> son cookies que caducan al final de la sesi\u00f3n del navegador (por ejemplo, cuando abandona nuestro sitio web y cierra el navegador).<\/p>\n<p>Utilizamos cookies <strong>estrictamente necesarias<\/strong> para (i) reconocerle como usuario recurrente, (ii) proteger y proporcionarle nuestro sitio web (p. ej., formatear el sitio web y proteger nuestro sitio web contra ataques maliciosos) y (iii) guardar algunas de sus preferencias (p. ej., consentimiento de cookies y ajustes del idioma).   <\/p>\n<p>Utilizamos <strong>cookies no esenciales (no estrictamente necesarias)<\/strong> para (i) ofrecerle publicidad dirigida en funci\u00f3n de su comportamiento de navegaci\u00f3n y (ii) observar y analizar los niveles de tr\u00e1fico y otras m\u00e9tricas en nuestro sitio web, lo que nos ayuda a mejorar nuestro sitio web, as\u00ed como su experiencia general como usuario. Solo utilizamos cookies no esenciales si contamos con su consentimiento (v\u00e9ase a continuaci\u00f3n).   <\/p>\n<p>Las cookies pueden ser de <strong>primera parte<\/strong> o de <strong>terceros<\/strong>, lo que significa que son operadas por nosotros (primera parte) o por un tercero (de terceros). Tenga en cuenta que las interacciones con las cookies de terceros en nuestro sitio web est\u00e1n regidas por las pol\u00edticas de privacidad y cookies de dichos terceros, seg\u00fan se detalla a continuaci\u00f3n. <\/p>\n<p>A continuaci\u00f3n, encontrar\u00e1 m\u00e1s informaci\u00f3n sobre los tipos de cookies que utilizamos.<\/p>\n<p>[\/et_pb_text][et_pb_heading title=\u00bbGesti\u00f3n de las cookies\u00bb _builder_version=\u00bb4.27.0&#8243; _module_preset=\u00bbdefault\u00bb title_level=\u00bbh2&#8243; title_font=\u00bb|700|||||||\u00bb custom_margin=\u00bb||0px||false|false\u00bb global_colors_info=\u00bb{}\u00bb][\/et_pb_heading][et_pb_text _builder_version=\u00bb4.27.4&#8243; _module_preset=\u00bbdefault\u00bb global_colors_info=\u00bb{}\u00bb]<\/p>\n<p>En su primera visita a nuestro sitio web y cada seis meses a partir de entonces, en la p\u00e1gina de inicio ver\u00e1 un aviso de cookies que le informar\u00e1 sobre por qu\u00e9 se utilizan cookies y le pedir\u00e1 que d\u00e9 su consentimiento para cada una de las cookies no esenciales si acepta que las usemos seleccionando \u00abAceptar todas\u00bb. Si no est\u00e1 de acuerdo, puede seleccionar cu\u00e1les desea rechazar o aceptar, o puede elegir \u00abRechazar todas\u00bb. <\/p>\n<p>Puede cambiar sus preferencias de cookies mediante el aviso de cookies, donde tiene la opci\u00f3n de aceptar o rechazar el uso de cookies no esenciales en su dispositivo. Sin embargo, tambi\u00e9n puede actualizar sus preferencias de cookies en cualquier momento utilizando este bot\u00f3n a continuaci\u00f3n: <\/p>\n<p>[\/et_pb_text][et_pb_code _builder_version=\u00bb4.27.0&#8243; _module_preset=\u00bbdefault\u00bb global_colors_info=\u00bb{}\u00bb][wcc_preference_button][\/et_pb_code][et_pb_text _builder_version=\u00bb4.27.4&#8243; _module_preset=\u00bbdefault\u00bb global_colors_info=\u00bb{}\u00bb]<\/p>\n<p>Tenga en cuenta que no puede deshabilitar las cookies estrictamente necesarias, ya que afectan a la funcionalidad de nuestro sitio web y a su capacidad para utilizar ciertas caracter\u00edsticas y funciones.<\/p>\n<p>[\/et_pb_text][et_pb_heading title=\u00bbTipos de cookies utilizadas\u00bb _builder_version=\u00bb4.27.0&#8243; _module_preset=\u00bbdefault\u00bb title_level=\u00bbh2&#8243; title_font=\u00bb|700|||||||\u00bb custom_margin=\u00bb||0px||false|false\u00bb global_colors_info=\u00bb{}\u00bb][\/et_pb_heading][et_pb_text _builder_version=\u00bb4.27.5&#8243; _module_preset=\u00bbdefault\u00bb header_2_text_color=\u00bb#691F45&#8243; custom_padding=\u00bb1px|||||\u00bb custom_css_main_element=\u00bboverflow-x: auto;\u00bb global_colors_info=\u00bb{}\u00bb]<\/p>\n<table border=\"1\" style=\"border-collapse: collapse; width: 100%;\">\n<tbody>\n<tr>\n<td style=\"width: 15.9585%;\"><strong>Operador<\/strong><\/td>\n<td style=\"width: 1.21359%;\"><strong>Nombre de la cookie<\/strong><\/td>\n<td style=\"width: 17.5261%;\"><strong>De sesi\u00f3n o persistente <\/strong><\/td>\n<td style=\"width: 47.568%;\"><strong>Finalidad<\/strong><\/td>\n<td style=\"width: 40.0688%;\"><strong>Duraci\u00f3n<\/strong><\/td>\n<\/tr>\n<tr>\n<td style=\"text-align: center;\" colspan=\"5\">\n<h3 style=\"padding: 4px 0;\">Cookies estrictamente necesarias<\/h3>\n<\/td>\n<\/tr>\n<tr>\n<td style=\"width: 15.9585%;\"><em>Elligo<\/em><\/td>\n<td style=\"width: 1.21359%;\">PHPSESSID<\/td>\n<td style=\"width: 17.5261%;\">De sesi\u00f3n<\/td>\n<td style=\"width: 47.568%;\">Esta cookie es nativa de las aplicaciones PHP. La cookie se utiliza para almacenar e identificar el n\u00famero de identificaci\u00f3n de sesi\u00f3n \u00fanica de los usuarios con el fin de gestionar la sesi\u00f3n del usuario en el sitio web. La cookie es una cookie de sesi\u00f3n y se elimina cuando se cierran todas las ventanas del navegador.  <\/td>\n<td style=\"width: 40.0688%;\">De sesi\u00f3n<\/td>\n<\/tr>\n<tr>\n<td style=\"width: 15.9585%;\"><em>WebToffee<\/em><\/td>\n<td style=\"width: 1.21359%;\">wt_consent<\/td>\n<td style=\"width: 17.5261%;\">Persistente<\/td>\n<td style=\"width: 47.568%;\">Se utiliza para recordar las preferencias de consentimiento de los usuarios, que deben respetarse en las visitas posteriores al sitio. No recopila ni almacena informaci\u00f3n personal sobre los visitantes del sitio. <\/td>\n<td style=\"width: 40.0688%;\">1 a\u00f1o<\/td>\n<\/tr>\n<tr>\n<td style=\"width: 15.9585%;\"><em>WebToffee<\/em><\/td>\n<td style=\"width: 1.21359%;\">viewed_cookie_policy<\/td>\n<td style=\"width: 17.5261%;\">Persistente<\/td>\n<td style=\"width: 47.568%;\">Esta cookie se establece mediante el plugin Cookie Consent del RGPD y se utiliza para almacenar si el usuario ha otorgado su consentimiento o no para el uso de cookies. No almacena ning\u00fan dato personal. <\/td>\n<td style=\"width: 40.0688%;\">6 meses<\/td>\n<\/tr>\n<tr>\n<td style=\"width: 15.9585%;\"><em>WebToffee<\/em><\/td>\n<td style=\"width: 1.21359%;\">CookieLawInfoConsent<\/td>\n<td style=\"width: 17.5261%;\">Persistente<\/td>\n<td style=\"width: 47.568%;\">Esta cookie se establece mediante el plugin Cookie Consent del RGPD para registrar el estado predeterminado del bot\u00f3n de la categor\u00eda correspondiente y el estado de la CCPA. Solo funciona en coordinaci\u00f3n con la cookie principal. <\/td>\n<td style=\"width: 40.0688%;\">1 a\u00f1o<\/td>\n<\/tr>\n<tr>\n<td style=\"width: 15.9585%;\"><em>WebToffee<\/em><\/td>\n<td style=\"width: 1.21359%;\">cookielawinfo-checkbox-necessary<\/td>\n<td style=\"width: 17.5261%;\">Persistente<\/td>\n<td style=\"width: 47.568%;\">Esta cookie se establece mediante el plugin Cookie Consent del RGPD para almacenar el consentimiento del usuario para las cookies de la categor\u00eda \u00abNecesarias\u00bb.<\/td>\n<td style=\"width: 40.0688%;\">1 a\u00f1o<\/td>\n<\/tr>\n<tr>\n<td style=\"width: 15.9585%;\"><em>WebToffee<\/em><\/td>\n<td style=\"width: 1.21359%;\">cookielawinfo-checkbox-functional<\/td>\n<td style=\"width: 17.5261%;\">Persistente<\/td>\n<td style=\"width: 47.568%;\">Esta cookie se establece mediante el plugin Cookie Consent del RGPD para almacenar el consentimiento del usuario para las cookies de la categor\u00eda \u00abFuncionales\u00bb.<\/td>\n<td style=\"width: 40.0688%;\">1 a\u00f1o<\/td>\n<\/tr>\n<tr>\n<td style=\"width: 15.9585%;\"><em>WebToffee<\/em><\/td>\n<td style=\"width: 1.21359%;\">cookielawinfo-checkbox-performance<\/td>\n<td style=\"width: 17.5261%;\">Persistente<\/td>\n<td style=\"width: 47.568%;\">Esta cookie se establece mediante el plugin Cookie Consent del RGPD para almacenar el consentimiento del usuario para las cookies de la categor\u00eda \u00abRendimiento\u00bb.<\/td>\n<td style=\"width: 40.0688%;\">1 a\u00f1o<\/td>\n<\/tr>\n<tr>\n<td style=\"width: 15.9585%;\"><em>WebToffee<\/em><\/td>\n<td style=\"width: 1.21359%;\">cookielawinfo-checkbox-analytics<\/td>\n<td style=\"width: 17.5261%;\">Persistente<\/td>\n<td style=\"width: 47.568%;\">Esta cookie se establece mediante el plugin Cookie Consent del RGPD para almacenar el consentimiento del usuario para las cookies de la categor\u00eda \u00abAnal\u00edticas\u00bb.<\/td>\n<td style=\"width: 40.0688%;\">1 a\u00f1o<\/td>\n<\/tr>\n<tr>\n<td style=\"width: 15.9585%;\"><em>WebToffee<\/em><\/td>\n<td style=\"width: 1.21359%;\">cookielawinfo-checkbox-advertisement<\/td>\n<td style=\"width: 17.5261%;\">Persistente<\/td>\n<td style=\"width: 47.568%;\">Esta cookie se establece mediante el plugin Cookie Consent del RGPD para almacenar el consentimiento del usuario para las cookies de la categor\u00eda \u00abPublicidad\u00bb.<\/td>\n<td style=\"width: 40.0688%;\">1 a\u00f1o<\/td>\n<\/tr>\n<tr>\n<td style=\"width: 15.9585%;\"><em>WebToffee<\/em><\/td>\n<td style=\"width: 1.21359%;\">cookielawinfo-checkbox-others<\/td>\n<td style=\"width: 17.5261%;\">Persistente<\/td>\n<td style=\"width: 47.568%;\">Esta cookie se establece mediante el plugin Cookie Consent del RGPD para almacenar el consentimiento del usuario para las cookies de la categor\u00eda \u00abOtras\u00bb.<\/td>\n<td style=\"width: 40.0688%;\">1 a\u00f1o<\/td>\n<\/tr>\n<tr>\n<td style=\"width: 15.9585%;\"><em>Elligo<\/em><\/td>\n<td style=\"width: 1.21359%;\">selected_language_url<\/td>\n<td style=\"width: 17.5261%;\">Persistente<\/td>\n<td style=\"width: 47.568%;\">Esta cookie se utiliza para mostrar el idioma elegido por el usuario en el sitio web.<\/td>\n<td style=\"width: 40.0688%;\">6 meses<\/td>\n<\/tr>\n<tr>\n<td style=\"width: 15.9585%;\"><em>WPML<\/em><\/td>\n<td style=\"width: 1.21359%;\">wp-wpml_current_language<\/td>\n<td style=\"width: 17.5261%;\">Persistente<\/td>\n<td style=\"width: 47.568%;\">Esta cookie se establece mediante el plugin WPML para almacenar la selecci\u00f3n de idioma del usuario actual.<\/td>\n<td style=\"width: 40.0688%;\">24 horas<\/td>\n<\/tr>\n<tr>\n<td style=\"width: 15.9585%;\"><em>Matomo<\/em><\/td>\n<td style=\"width: 1.21359%;\">matomo_sessid<\/td>\n<td style=\"width: 17.5261%;\">De sesi\u00f3n<\/td>\n<td style=\"width: 47.568%;\">Esta cookie no contiene ning\u00fan dato que se utilice para identificar a los visitantes, pero se considera una cookie esencial.<\/td>\n<td style=\"width: 40.0688%;\">14 d\u00edas<\/td>\n<\/tr>\n<tr>\n<td style=\"text-align: center;\" colspan=\"5\">\n<h3 style=\"padding: 4px 0;\">Cookies no estrictamente necesarias<\/h3>\n<\/td>\n<\/tr>\n<tr>\n<td style=\"width: 15.9585%;\"><em>AppFromLab<\/em><\/td>\n<td style=\"width: 1.21359%;\">afl_wc_utm_sess_referer<\/td>\n<td style=\"width: 17.5261%;\">De sesi\u00f3n<\/td>\n<td style=\"width: 47.568%;\">Establecida mediante el plugin AFL UTM Tracker, esta cookie almacena el primer referente del sitio web del usuario.<\/td>\n<td style=\"width: 40.0688%;\">De sesi\u00f3n<\/td>\n<\/tr>\n<tr>\n<td style=\"width: 15.9585%;\"><em>AppFromLab<\/em><\/td>\n<td style=\"width: 1.21359%;\">afl_wc_utm_utm_url<\/td>\n<td style=\"width: 17.5261%;\">Persistente<\/td>\n<td style=\"width: 47.568%;\">Establecida mediante el plugin AFL UTM Tracker, esta cookie almacena la visita de URL de \u00faltimo toque del visitante que contiene el par\u00e1metro UTM.<\/td>\n<td style=\"width: 40.0688%;\">3 meses<\/td>\n<\/tr>\n<tr>\n<td style=\"width: 15.9585%;\"><em>AppFromLab<\/em><\/td>\n<td style=\"width: 1.21359%;\">afl_wc_utm_sess_landing<\/td>\n<td style=\"width: 17.5261%;\">De sesi\u00f3n<\/td>\n<td style=\"width: 47.568%;\">Establecida mediante el plugin AFL UTM Tracker, esta cookie almacena la URL de la primera p\u00e1gina de destino del usuario.<\/td>\n<td style=\"width: 40.0688%;\">De sesi\u00f3n<\/td>\n<\/tr>\n<tr>\n<td style=\"width: 15.9585%;\"><em>AppFromLab<\/em><\/td>\n<td style=\"width: 1.21359%;\">afl_wc_utm_main<\/td>\n<td style=\"width: 17.5261%;\">De sesi\u00f3n<\/td>\n<td style=\"width: 47.568%;\">Establecida mediante el plugin AFL UTM Tracker, esta cookie almacena la marca de tiempo de la \u00faltima comunicaci\u00f3n actualizada del servidor.<\/td>\n<td style=\"width: 40.0688%;\">De sesi\u00f3n<\/td>\n<\/tr>\n<tr>\n<td style=\"width: 15.9585%;\"><em>Cloudflare<\/em><\/td>\n<td style=\"width: 1.21359%;\">__cf_bm<\/td>\n<td style=\"width: 17.5261%;\">Persistente<\/td>\n<td style=\"width: 47.568%;\">Cloudflare establece esta cookie para apoyar la gesti\u00f3n de bots de Cloudflare.<\/td>\n<td style=\"width: 40.0688%;\">30 minutos<\/td>\n<\/tr>\n<tr>\n<td style=\"width: 15.9585%;\"><em>Matomo<\/em><\/td>\n<td style=\"width: 1.21359%;\">_pk_id*<\/td>\n<td style=\"width: 17.5261%;\">Persistente<\/td>\n<td style=\"width: 47.568%;\">Se utiliza para almacenar algunos datos sobre el usuario, como el n\u00famero de identificaci\u00f3n de visitante \u00fanico.<\/td>\n<td style=\"width: 40.0688%;\">13 meses<\/td>\n<\/tr>\n<tr>\n<td style=\"width: 15.9585%;\"><em>Matomo<\/em><\/td>\n<td style=\"width: 1.21359%;\">_pk_ref*<\/td>\n<td style=\"width: 17.5261%;\">Persistente<\/td>\n<td style=\"width: 47.568%;\">Se utiliza para almacenar la informaci\u00f3n de atribuci\u00f3n.<\/td>\n<td style=\"width: 40.0688%;\">6 meses<\/td>\n<\/tr>\n<tr>\n<td style=\"width: 15.9585%;\"><em>Matomo<\/em><\/td>\n<td style=\"width: 1.21359%;\">_pk_ses*<\/td>\n<td style=\"width: 17.5261%;\">De sesi\u00f3n<\/td>\n<td style=\"width: 47.568%;\">Se utiliza para almacenar un n\u00famero de identificaci\u00f3n de sesi\u00f3n \u00fanico<\/td>\n<td style=\"width: 40.0688%;\">30 minutos<\/td>\n<\/tr>\n<tr>\n<td style=\"width: 15.9585%;\"><em>Matomo<\/em><\/td>\n<td style=\"width: 1.21359%;\">_pk_cvar<\/td>\n<td style=\"width: 17.5261%;\">De sesi\u00f3n<\/td>\n<td style=\"width: 47.568%;\">Almacena variables personalizadas que se establecieron durante la visita a la p\u00e1gina anterior.<\/td>\n<td style=\"width: 40.0688%;\">30 minutos<\/td>\n<\/tr>\n<tr>\n<td style=\"width: 15.9585%;\"><em>Matomo<\/em><\/td>\n<td style=\"width: 1.21359%;\">_pk_hsr<\/td>\n<td style=\"width: 17.5261%;\">De sesi\u00f3n<\/td>\n<td style=\"width: 47.568%;\">Cookie de corta duraci\u00f3n para el an\u00e1lisis de mapas de calor del sitio web. <\/td>\n<td style=\"width: 40.0688%;\">30 minutos<\/td>\n<\/tr>\n<tr>\n<td style=\"width: 15.9585%;\"><em>Matomo<\/em><\/td>\n<td style=\"width: 1.21359%;\">_pk_testcookie<\/td>\n<td style=\"width: 17.5261%;\">De sesi\u00f3n<\/td>\n<td style=\"width: 47.568%;\">Se utiliza para comprobar si el navegador del visitante admite cookies.<\/td>\n<td style=\"width: 40.0688%;\">&lt;5 minutos<\/td>\n<\/tr>\n<tr>\n<td style=\"width: 15.9585%;\"><em>Matomo<\/em><\/td>\n<td style=\"width: 1.21359%;\">mtm_consent or mtm_consent_removed<\/td>\n<td style=\"width: 17.5261%;\">Persistente<\/td>\n<td style=\"width: 47.568%;\">Creada para recordar que el usuario otorg\u00f3 (o retir\u00f3) su consentimiento.<\/td>\n<td style=\"width: 40.0688%;\">2 a\u00f1os<\/td>\n<\/tr>\n<tr>\n<td style=\"width: 15.9585%;\"><em>Matomo<\/em><\/td>\n<td style=\"width: 1.21359%;\">mtm_cookie_consent<\/td>\n<td style=\"width: 17.5261%;\">Persistente<\/td>\n<td style=\"width: 47.568%;\">Se utiliza para recordar que el usuario otorg\u00f3 su consentimiento para el almacenamiento y el uso de cookies.<\/td>\n<td style=\"width: 40.0688%;\">2 a\u00f1os<\/td>\n<\/tr>\n<tr>\n<td style=\"width: 15.9585%;\"><em>Matomo<\/em><\/td>\n<td style=\"width: 1.21359%;\">Matomo_ignore<\/td>\n<td style=\"width: 17.5261%;\">Persistente<\/td>\n<td style=\"width: 47.568%;\">Se crea cuando el usuario opta por no ser rastreado.<\/td>\n<td style=\"width: 40.0688%;\">30 a\u00f1os<\/td>\n<\/tr>\n<tr>\n<td style=\"width: 15.9585%;\"><em>Google<\/em><\/td>\n<td style=\"width: 1.21359%;\">__gads<\/td>\n<td style=\"width: 1.21359%;\">Persistente<\/td>\n<td style=\"width: 47.568%;\">Google utiliza cookies para publicidad, lo que incluye mostrar y publicar anuncios, personalizar anuncios (seg\u00fan la configuraci\u00f3n de anuncios en <a href=\"https:\/\/g.co\/adsettings\" target=\"_blank\" rel=\"noreferrer noopener\">g.co\/adsettings<\/a>), limitar el n\u00famero de veces que se muestra un anuncio a un usuario, silenciar los anuncios que haya decidido dejar de ver y medir la eficacia de los anuncios.<\/td>\n<td style=\"width: 40.0688%;\">13 meses<\/td>\n<\/tr>\n<tr>\n<td style=\"width: 15.9585%;\"><em>Google<\/em><\/td>\n<td style=\"width: 1.21359%;\">_gcl_au,_gcl_aw<\/td>\n<td style=\"width: 17.5261%;\">Persistente<\/td>\n<td style=\"width: 47.568%;\">Google utiliza cookies para publicidad, lo que incluye mostrar y publicar anuncios, personalizar anuncios (seg\u00fan la configuraci\u00f3n de anuncios en <a href=\"https:\/\/g.co\/adsettings\" target=\"_blank\" rel=\"noreferrer noopener\">g.co\/adsettings<\/a>), limitar el n\u00famero de veces que se muestra un anuncio a un usuario, silenciar los anuncios que haya decidido dejar de ver y medir la eficacia de los anuncios.<\/td>\n<td style=\"width: 40.0688%;\">90 d\u00edas<\/td>\n<\/tr>\n<\/tbody>\n<\/table>\n<p>[\/et_pb_text][et_pb_heading title=\u00bbContacte con nosotros\u00bb _builder_version=\u00bb4.27.0&#8243; _module_preset=\u00bbdefault\u00bb title_level=\u00bbh2&#8243; global_colors_info=\u00bb{}\u00bb][\/et_pb_heading][et_pb_text _builder_version=\u00bb4.27.5&#8243; _module_preset=\u00bbdefault\u00bb global_colors_info=\u00bb{}\u00bb]<\/p>\n<p>Para obtener m\u00e1s informaci\u00f3n sobre el uso de cookies en nuestro sitio web, p\u00f3ngase en contacto con nosotros en:<\/p>\n<p>Elligo Health Research, Inc. <br \/>11612 Bee Cave Rd <br \/>Building 1, Suite 150<br \/>Austin, TX 78738<\/p>\n<p>Delegado de protecci\u00f3n de datos (DPD)<br \/><a href=\"mailto:privacy@elligodirect.com\">privacy@elligodirect.com<\/a><\/p>\n<p>Para obtener m\u00e1s informaci\u00f3n sobre c\u00f3mo tratamos los datos personales mediante el uso de cookies, visite nuestra <a href=\"https:\/\/deepdsstudy.global\/es-es\/politica-de-privacidad\/\">Privacy Policy<\/a>.<\/p>\n<p>[\/et_pb_text][\/et_pb_column][\/et_pb_row][\/et_pb_section]<\/p>\n","protected":false},"excerpt":{"rendered":"<p>\u00daltima actualizaci\u00f3n: January 15, 2025 Elligo Health Research, Inc. (\u00abElligo\u00bb o \u00abnosotros\u00bb) est\u00e1 ayudando a la organizaci\u00f3n de investigaci\u00f3n por contrato (CRO) PPD, parte de Thermo Fisher Scientific (\u00abPPD\u00bb) en la prestaci\u00f3n de ciertos servicios, entre los que podr\u00edan incluirse publicidad del estudio, reclutamiento del estudio, asistencia al centro del estudio y alojamiento del sitio [&hellip;]<\/p>\n","protected":false},"author":2,"featured_media":0,"parent":0,"menu_order":0,"comment_status":"closed","ping_status":"closed","template":"","meta":{"_et_pb_use_builder":"on","_et_pb_old_content":"","_et_gb_content_width":"","footnotes":""},"class_list":["post-357","page","type-page","status-publish","hentry"],"_links":{"self":[{"href":"https:\/\/deepdsstudy.global\/es-es\/wp-json\/wp\/v2\/pages\/357","targetHints":{"allow":["GET"]}}],"collection":[{"href":"https:\/\/deepdsstudy.global\/es-es\/wp-json\/wp\/v2\/pages"}],"about":[{"href":"https:\/\/deepdsstudy.global\/es-es\/wp-json\/wp\/v2\/types\/page"}],"author":[{"embeddable":true,"href":"https:\/\/deepdsstudy.global\/es-es\/wp-json\/wp\/v2\/users\/2"}],"replies":[{"embeddable":true,"href":"https:\/\/deepdsstudy.global\/es-es\/wp-json\/wp\/v2\/comments?post=357"}],"version-history":[{"count":0,"href":"https:\/\/deepdsstudy.global\/es-es\/wp-json\/wp\/v2\/pages\/357\/revisions"}],"wp:attachment":[{"href":"https:\/\/deepdsstudy.global\/es-es\/wp-json\/wp\/v2\/media?parent=357"}],"curies":[{"name":"wp","href":"https:\/\/api.w.org\/{rel}","templated":true}]}}