{"id":350,"date":"2024-08-20T18:55:18","date_gmt":"2024-08-20T18:55:18","guid":{"rendered":"https:\/\/deepseaousdev.wpenginepowered.com\/sindrome-de-dravet\/"},"modified":"2026-02-24T14:02:32","modified_gmt":"2026-02-24T14:02:32","slug":"sindrome-de-dravet","status":"publish","type":"page","link":"https:\/\/deepdsstudy.global\/es-es\/sindrome-de-dravet\/","title":{"rendered":"S\u00edndrome de Dravet"},"content":{"rendered":"<p>[et_pb_section fb_built=\u00bb1&#8243; _builder_version=\u00bb4.27.0&#8243; _module_preset=\u00bbdefault\u00bb background_image=\u00bbhttps:\/\/deepdsstudy.global\/wp-content\/uploads\/2024\/09\/hero_2-1.png\u00bb background_size=\u00bbcontain\u00bb background_position=\u00bbtop_center\u00bb custom_padding=\u00bb20px||||false|false\u00bb global_colors_info=\u00bb{}\u00bb][et_pb_row _builder_version=\u00bb4.27.0&#8243; _module_preset=\u00bbdefault\u00bb custom_margin=\u00bb3.5vw||0px||false|false\u00bb custom_margin_tablet=\u00bb0vw||0px||false|false\u00bb custom_margin_phone=\u00bb0vw||0px||false|false\u00bb custom_margin_last_edited=\u00bbon|phone\u00bb custom_padding=\u00bb0px||0px||false|false\u00bb global_colors_info=\u00bb{}\u00bb][et_pb_column type=\u00bb4_4&#8243; _builder_version=\u00bb4.27.0&#8243; _module_preset=\u00bbdefault\u00bb global_colors_info=\u00bb{}\u00bb][et_pb_image src=\u00bbhttps:\/\/deepdsstudy.global\/wp-content\/uploads\/2024\/09\/turtle.png\u00bb title_text=\u00bbturtle\u00bb align=\u00bbright\u00bb _builder_version=\u00bb4.27.0&#8243; _module_preset=\u00bbdefault\u00bb width=\u00bb30%\u00bb width_tablet=\u00bb30%\u00bb width_phone=\u00bb40%\u00bb width_last_edited=\u00bbon|phone\u00bb max_width=\u00bb240px\u00bb custom_margin=\u00bb||0px||false|false\u00bb custom_padding=\u00bb0px||0px||false|false\u00bb global_colors_info=\u00bb{}\u00bb][\/et_pb_image][\/et_pb_column][\/et_pb_row][et_pb_row custom_padding_last_edited=\u00bbon|tablet\u00bb _builder_version=\u00bb4.27.0&#8243; _module_preset=\u00bbdefault\u00bb custom_margin_tablet=\u00bb\u00bb custom_margin_phone=\u00bb\u00bb custom_margin_last_edited=\u00bbon|phone\u00bb custom_padding=\u00bb||||false|false\u00bb custom_padding_tablet=\u00bb||0px||false|false\u00bb custom_padding_phone=\u00bb20px||0px||false|false\u00bb global_colors_info=\u00bb{}\u00bb][et_pb_column type=\u00bb4_4&#8243; _builder_version=\u00bb4.27.0&#8243; _module_preset=\u00bbdefault\u00bb global_colors_info=\u00bb{}\u00bb][et_pb_heading title=\u00bb\u00bfQU\u00c9 ES EL S\u00cdNDROME DE DRAVET?\u00bb _builder_version=\u00bb4.27.0&#8243; _module_preset=\u00bbdefault\u00bb title_font=\u00bb|700|||||||\u00bb title_text_align=\u00bbcenter\u00bb title_text_color=\u00bb#44A083&#8243; title_font_size=\u00bb32px\u00bb custom_margin=\u00bb||10px||false|false\u00bb custom_margin_tablet=\u00bb||10px||false|false\u00bb custom_margin_phone=\u00bb||||false|false\u00bb custom_margin_last_edited=\u00bbon|phone\u00bb custom_padding=\u00bb||||false|false\u00bb title_font_size_tablet=\u00bb32px\u00bb title_font_size_phone=\u00bb\u00bb title_font_size_last_edited=\u00bbon|phone\u00bb global_colors_info=\u00bb{}\u00bb][\/et_pb_heading][et_pb_divider color=\u00bb#44A083&#8243; divider_weight=\u00bb1.5px\u00bb _builder_version=\u00bb4.27.0&#8243; _module_preset=\u00bbdefault\u00bb max_width=\u00bb560px\u00bb module_alignment=\u00bbcenter\u00bb custom_margin=\u00bb10px||0px||false|false\u00bb global_colors_info=\u00bb{}\u00bb][\/et_pb_divider][\/et_pb_column][\/et_pb_row][et_pb_row column_structure=\u00bb1_2,1_2&#8243; _builder_version=\u00bb4.27.0&#8243; _module_preset=\u00bbdefault\u00bb custom_margin=\u00bb||||false|false\u00bb custom_padding=\u00bb||||false|false\u00bb global_colors_info=\u00bb{}\u00bb][et_pb_column type=\u00bb1_2&#8243; _builder_version=\u00bb4.27.0&#8243; _module_preset=\u00bbdefault\u00bb global_colors_info=\u00bb{}\u00bb][et_pb_text _builder_version=\u00bb4.27.5&#8243; _module_preset=\u00bbdefault\u00bb header_3_font=\u00bb|700|||||||\u00bb global_colors_info=\u00bb{}\u00bb]<\/p>\n<h3>El s\u00edndrome de Dravet es una epilepsia gen\u00e9tica incre\u00edblemente desafiante que suele aparecer durante la infancia, trayendo consigo la carga de crisis convulsivas prolongadas y otros s\u00edntomas relacionados. Para las personas que lo padecen y sus familiares, entender los s\u00edntomas del s\u00edndrome de Dravet puede suponer toda una traves\u00eda emocional. <\/h3>\n<p>[\/et_pb_text][\/et_pb_column][et_pb_column type=\u00bb1_2&#8243; _builder_version=\u00bb4.27.0&#8243; _module_preset=\u00bbdefault\u00bb global_colors_info=\u00bb{}\u00bb][et_pb_text ul_item_indent=\u00bb35px\u00bb ul_item_indent_tablet=\u00bb30px\u00bb ul_item_indent_phone=\u00bb20px\u00bb ul_item_indent_last_edited=\u00bbon|phone\u00bb _builder_version=\u00bb4.27.5&#8243; _module_preset=\u00bbdefault\u00bb link_font=\u00bb||||on||||\u00bb link_text_color=\u00bb#44A083&#8243; header_3_font=\u00bb|700|||||||\u00bb custom_margin=\u00bb||0px||false|false\u00bb custom_padding=\u00bb||0px||false|false\u00bb hover_enabled=\u00bb0&#8243; global_colors_info=\u00bb{}\u00bb link_text_color__hover_enabled=\u00bbon|hover\u00bb link_text_color__hover=\u00bb#213A70&#8243; sticky_enabled=\u00bb0&#8243;]<\/p>\n<h3>La <a href=\"https:\/\/dravetfoundation.eu\/\" target=\"_blank\" rel=\"noopener\">Fundaci\u00f3n S\u00edndrome de Dravet<\/a> comparte algunos otros s\u00edntomas relacionados con la afecci\u00f3n, como:<\/h3>\n<ul>\n<li>retrasos en el comportamiento y el desarrollo<\/li>\n<li>problemas de movimiento y equilibrio<\/li>\n<li>y retrasos en el lenguaje y el habla, entre otros.<\/li>\n<\/ul>\n<p>[\/et_pb_text][\/et_pb_column][\/et_pb_row][\/et_pb_section][et_pb_section fb_built=\u00bb1&#8243; _builder_version=\u00bb4.27.0&#8243; _module_preset=\u00bbdefault\u00bb background_color=\u00bb#F6FAF6&#8243; global_colors_info=\u00bb{}\u00bb][et_pb_row _builder_version=\u00bb4.27.0&#8243; _module_preset=\u00bbdefault\u00bb custom_margin=\u00bb||||false|false\u00bb custom_padding=\u00bb10px||0px||false|false\u00bb global_colors_info=\u00bb{}\u00bb][et_pb_column type=\u00bb4_4&#8243; _builder_version=\u00bb4.27.0&#8243; _module_preset=\u00bbdefault\u00bb global_colors_info=\u00bb{}\u00bb][et_pb_text _builder_version=\u00bb4.27.5&#8243; _module_preset=\u00bbdefault\u00bb text_font=\u00bb||||||||\u00bb header_font=\u00bb||||||||\u00bb text_orientation=\u00bbcenter\u00bb custom_margin=\u00bb||||false|false\u00bb global_colors_info=\u00bb{}\u00bb]<\/p>\n<h2>Los desaf\u00edos del s\u00edndrome de Dravet en adultos pueden ser particularmente dif\u00edciles y requieren una atenci\u00f3n y comprensi\u00f3n especializadas. Es importante reconocer que cada historia es \u00fanica y que buscar ayuda y conexi\u00f3n puede marcar una gran diferencia. <\/h2>\n<p>[\/et_pb_text][\/et_pb_column][\/et_pb_row][\/et_pb_section][et_pb_section fb_built=\u00bb1&#8243; _builder_version=\u00bb4.27.0&#8243; _module_preset=\u00bbdefault\u00bb background_color=\u00bb#FFFFFF\u00bb background_enable_image=\u00bboff\u00bb background_size=\u00bbcontain\u00bb background_position=\u00bbtop_center\u00bb background_vertical_offset=\u00bb-7%\u00bb custom_padding=\u00bb||||false|false\u00bb global_colors_info=\u00bb{}\u00bb][et_pb_row column_structure=\u00bb2_5,3_5&#8243; make_equal=\u00bbon\u00bb _builder_version=\u00bb4.27.0&#8243; _module_preset=\u00bbdefault\u00bb module_alignment=\u00bbcenter\u00bb custom_margin=\u00bb||||false|false\u00bb custom_css_main_element=\u00bbalign-items: center;\u00bb global_colors_info=\u00bb{}\u00bb][et_pb_column type=\u00bb2_5&#8243; _builder_version=\u00bb4.27.0&#8243; _module_preset=\u00bbdefault\u00bb global_colors_info=\u00bb{}\u00bb][et_pb_image src=\u00bbhttps:\/\/deepdsstudy.global\/wp-content\/uploads\/2024\/09\/fish-seahorse-circle.png\u00bb title_text=\u00bbfish-seahorse-circle\u00bb _builder_version=\u00bb4.27.0&#8243; _module_preset=\u00bbdefault\u00bb max_width=\u00bb340px\u00bb module_alignment=\u00bbright\u00bb module_alignment_tablet=\u00bbcenter\u00bb module_alignment_phone=\u00bbcenter\u00bb module_alignment_last_edited=\u00bbon|tablet\u00bb global_colors_info=\u00bb{}\u00bb][\/et_pb_image][\/et_pb_column][et_pb_column type=\u00bb3_5&#8243; _builder_version=\u00bb4.27.0&#8243; _module_preset=\u00bbdefault\u00bb global_colors_info=\u00bb{}\u00bb][et_pb_text _builder_version=\u00bb4.27.5&#8243; _module_preset=\u00bbdefault\u00bb header_2_font=\u00bb|700|||||||\u00bb header_2_text_color=\u00bb#44A083&#8243; header_3_font=\u00bb|700|||||||\u00bb header_3_text_color=\u00bb#44A083&#8243; custom_margin=\u00bb||0px||false|false\u00bb global_colors_info=\u00bb{}\u00bb]<\/p>\n<h2>El viaje a trav\u00e9s del s\u00edndrome de Dravet a veces puede resultar abrumador, pero es esencial que las familias sepan que no est\u00e1n solas.<\/h2>\n<p>[\/et_pb_text][et_pb_divider color=\u00bb#44A083&#8243; divider_weight=\u00bb1.5px\u00bb _builder_version=\u00bb4.27.0&#8243; _module_preset=\u00bbdefault\u00bb max_width=\u00bb99%\u00bb module_alignment=\u00bbleft\u00bb custom_margin=\u00bb10px||0px||false|false\u00bb locked=\u00bboff\u00bb global_colors_info=\u00bb{}\u00bb][\/et_pb_divider][et_pb_text _builder_version=\u00bb4.27.5&#8243; _module_preset=\u00bbdefault\u00bb global_colors_info=\u00bb{}\u00bb]<\/p>\n<p>A medida que la investigaci\u00f3n contin\u00faa arrojando luz sobre la enfermedad, existe una comunidad creciente de cuidadores y personas que hacen frente a desaf\u00edos similares. Actualmente, se est\u00e1n explorando opciones de tratamiento para mejorar la calidad de vida de ni\u00f1os y adultos con s\u00edndrome de Dravet. <\/p>\n<p>[\/et_pb_text][\/et_pb_column][\/et_pb_row][et_pb_row custom_padding_last_edited=\u00bbon|tablet\u00bb _builder_version=\u00bb4.27.0&#8243; _module_preset=\u00bbdefault\u00bb custom_padding_tablet=\u00bb0px||||false|false\u00bb custom_padding_phone=\u00bb0px||||false|false\u00bb global_colors_info=\u00bb{}\u00bb][et_pb_column type=\u00bb4_4&#8243; _builder_version=\u00bb4.27.0&#8243; _module_preset=\u00bbdefault\u00bb global_colors_info=\u00bb{}\u00bb][et_pb_text _builder_version=\u00bb4.27.5&#8243; _module_preset=\u00bbdefault\u00bb header_2_font=\u00bb|700|||||||\u00bb header_3_font=\u00bb|700|||||||\u00bb text_orientation=\u00bbcenter\u00bb custom_margin=\u00bb||0px||false|false\u00bb custom_padding=\u00bb||0px||false|false\u00bb global_colors_info=\u00bb{}\u00bb]<\/p>\n<h2>Juntos, podemos fomentar un entorno de apoyo donde las experiencias y los recursos compartidos puedan empoderar a las familias para realizar esta traves\u00eda con esperanza y resiliencia.<\/h2>\n<p>[\/et_pb_text][et_pb_button button_url=\u00bb\/es-es\/#eligibility\u00bb button_text=\u00bbContribuya a la investigaci\u00f3n del s\u00edndrome de Dravet\u00bb button_alignment=\u00bbcenter\u00bb _builder_version=\u00bb4.27.0&#8243; _module_preset=\u00bbdefault\u00bb custom_button=\u00bbon\u00bb button_text_size=\u00bb16px\u00bb button_text_color=\u00bb#FFFFFF\u00bb button_bg_color=\u00bb#043673&#8243; button_border_width=\u00bb0px\u00bb button_border_radius=\u00bb30px\u00bb button_font=\u00bb&#8211;et_global_heading_font|700|||||||\u00bb button_use_icon=\u00bboff\u00bb custom_margin=\u00bb20px||20px||false|false\u00bb custom_padding=\u00bb10px|45px|10px|45px|true|true\u00bb global_colors_info=\u00bb{}\u00bb button_bg_color__hover=\u00bb#44A083&#8243; button_bg_color__hover_enabled=\u00bbon|hover\u00bb button_icon_color__hover=\u00bb#043673&#8243; button_icon_color__hover_enabled=\u00bbon|hover\u00bb][\/et_pb_button][\/et_pb_column][\/et_pb_row][\/et_pb_section][et_pb_section fb_built=\u00bb1&#8243; next_background_color=\u00bb#ffffff\u00bb _builder_version=\u00bb4.27.0&#8243; _module_preset=\u00bbdefault\u00bb background_color=\u00bb#213A70&#8243; custom_padding=\u00bb54px||120px||false|false\u00bb bottom_divider_style=\u00bbwave\u00bb bottom_divider_height=\u00bb50px\u00bb global_colors_info=\u00bb{}\u00bb][et_pb_row custom_padding_last_edited=\u00bbon|phone\u00bb _builder_version=\u00bb4.27.0&#8243; _module_preset=\u00bbdefault\u00bb custom_padding_tablet=\u00bb\u00bb custom_padding_phone=\u00bb\u00bb global_colors_info=\u00bb{}\u00bb][et_pb_column type=\u00bb4_4&#8243; _builder_version=\u00bb4.27.0&#8243; _module_preset=\u00bbdefault\u00bb global_colors_info=\u00bb{}\u00bb][et_pb_heading title=\u00bbACERCA DEL F\u00c1RMACO EN INVESTIGACI\u00d3N\u00bb _builder_version=\u00bb4.27.0&#8243; _module_preset=\u00bbdefault\u00bb title_level=\u00bbh2&#8243; title_font=\u00bb|700|||||||\u00bb title_text_align=\u00bbcenter\u00bb title_text_color=\u00bb#A9D5C3&#8243; title_font_size=\u00bb32px\u00bb custom_margin=\u00bb||10px||false|false\u00bb title_font_size_tablet=\u00bb32px\u00bb title_font_size_phone=\u00bb26px\u00bb title_font_size_last_edited=\u00bbon|tablet\u00bb global_colors_info=\u00bb{}\u00bb][\/et_pb_heading][et_pb_divider color=\u00bb#A9D5C3&#8243; divider_weight=\u00bb1.5px\u00bb _builder_version=\u00bb4.27.0&#8243; _module_preset=\u00bbdefault\u00bb max_width=\u00bb670px\u00bb module_alignment=\u00bbcenter\u00bb custom_margin=\u00bb10px||20px||false|false\u00bb global_colors_info=\u00bb{}\u00bb][\/et_pb_divider][et_pb_text _builder_version=\u00bb4.27.5&#8243; _module_preset=\u00bbdefault\u00bb header_2_font=\u00bb|700|||||||\u00bb header_2_text_color=\u00bb#FFFFFF\u00bb header_3_font=\u00bb|700|||||||\u00bb header_3_text_color=\u00bb#44A083&#8243; text_orientation=\u00bbcenter\u00bb custom_margin=\u00bb||0px||false|false\u00bb global_colors_info=\u00bb{}\u00bb]<\/p>\n<h2>En el estudio cl\u00ednico DEEp SEA se est\u00e1 evaluando la seguridad del f\u00e1rmaco en investigaci\u00f3n y su capacidad para reducir el n\u00famero de crisis convulsivas en ni\u00f1os y adultos con s\u00edndrome de Dravet.<\/p>\n<p>Tambi\u00e9n se est\u00e1n evaluando par\u00e1metros relacionados con el sue\u00f1o, la gravedad y la calidad de vida.<\/h2>\n<p>[\/et_pb_text][\/et_pb_column][\/et_pb_row][et_pb_row column_structure=\u00bb3_5,2_5&#8243; make_equal=\u00bbon\u00bb _builder_version=\u00bb4.27.0&#8243; _module_preset=\u00bbdefault\u00bb custom_margin=\u00bb0px||||false|false\u00bb custom_padding=\u00bb0px||||false|false\u00bb custom_css_main_element=\u00bbalign-items: center;\u00bb global_colors_info=\u00bb{}\u00bb][et_pb_column type=\u00bb3_5&#8243; _builder_version=\u00bb4.27.0&#8243; _module_preset=\u00bbdefault\u00bb global_colors_info=\u00bb{}\u00bb][et_pb_text _builder_version=\u00bb4.27.4&#8243; _module_preset=\u00bbdefault\u00bb text_text_color=\u00bb#FFFFFF\u00bb global_colors_info=\u00bb{}\u00bb]<\/p>\n<p>El f\u00e1rmaco en investigaci\u00f3n, que se ha evaluado previamente en 239 personas, incluidas algunas con s\u00edndrome de Dravet, activa un receptor neuronal espec\u00edfico. Esta activaci\u00f3n cambia el comportamiento de las c\u00e9lulas y ayuda a disminuir las crisis convulsivas en algunas personas. <\/p>\n<p>El t\u00e9rmino \u00abf\u00e1rmaco del estudio\u00bb har\u00e1 referencia tanto al f\u00e1rmaco en investigaci\u00f3n como al placebo, y las dos soluciones tendr\u00e1n el mismo aspecto y sabor. El f\u00e1rmaco del estudio se suministrar\u00e1 en forma de l\u00edquido que se administrar\u00e1 por v\u00eda oral o mediante una sonda de alimentaci\u00f3n.  <\/p>\n<p>[\/et_pb_text][et_pb_button button_url=\u00bb\/es-es\/#eligibility\u00bb button_text=\u00bb\u00bfQui\u00e9n puede participar?\u00bb button_alignment=\u00bbleft\u00bb button_alignment_tablet=\u00bbcenter\u00bb button_alignment_phone=\u00bbcenter\u00bb button_alignment_last_edited=\u00bbon|tablet\u00bb _builder_version=\u00bb4.27.4&#8243; _module_preset=\u00bbdefault\u00bb custom_button=\u00bbon\u00bb button_text_size=\u00bb16px\u00bb button_text_color=\u00bb#FFFFFF\u00bb button_bg_color=\u00bb#44A083&#8243; button_border_width=\u00bb5px\u00bb button_border_radius=\u00bb30px\u00bb button_font=\u00bb&#8211;et_global_heading_font|700|||||||\u00bb button_use_icon=\u00bboff\u00bb custom_margin=\u00bb40px||||false|false\u00bb custom_padding=\u00bb10px|45px|10px|45px|true|true\u00bb global_colors_info=\u00bb{}\u00bb button_text_color__hover=\u00bb#00475B\u00bb button_text_color__hover_enabled=\u00bbon|desktop\u00bb button_bg_color__hover=\u00bb#A9D5C3&#8243; button_bg_color__hover_enabled=\u00bbon|hover\u00bb button_icon_color__hover=\u00bb#F4F8FA\u00bb button_icon_color__hover_enabled=\u00bbon|hover\u00bb custom_padding__hover=\u00bb|45px|||true|false\u00bb custom_padding__hover_enabled=\u00bbon|hover\u00bb button_border_color__hover_enabled=\u00bbon|hover\u00bb button_border_color__hover=\u00bb#FFFFFF\u00bb][\/et_pb_button][\/et_pb_column][et_pb_column type=\u00bb2_5&#8243; _builder_version=\u00bb4.27.0&#8243; _module_preset=\u00bbdefault\u00bb global_colors_info=\u00bb{}\u00bb][et_pb_image src=\u00bbhttps:\/\/deepdsstudy.global\/wp-content\/uploads\/2024\/09\/dolphin_check.png\u00bb title_text=\u00bbdolphin_check\u00bb align=\u00bbcenter\u00bb _builder_version=\u00bb4.27.0&#8243; _module_preset=\u00bbdefault\u00bb max_width_tablet=\u00bb280px\u00bb max_width_phone=\u00bb280px\u00bb max_width_last_edited=\u00bbon|tablet\u00bb module_alignment=\u00bbcenter\u00bb max_height=\u00bb310px\u00bb custom_margin=\u00bb||||false|false\u00bb custom_margin_tablet=\u00bb30px||||false|false\u00bb custom_margin_phone=\u00bb30px||||false|false\u00bb custom_margin_last_edited=\u00bbon|tablet\u00bb global_colors_info=\u00bb{}\u00bb][\/et_pb_image][\/et_pb_column][\/et_pb_row][\/et_pb_section][et_pb_section fb_built=\u00bb1&#8243; next_background_color=\u00bb#F4F8FA\u00bb _builder_version=\u00bb4.27.0&#8243; _module_preset=\u00bbdefault\u00bb bottom_divider_style=\u00bbwave2&#8243; bottom_divider_height=\u00bb50px\u00bb bottom_divider_flip=\u00bbhorizontal\u00bb global_colors_info=\u00bb{}\u00bb][et_pb_row _builder_version=\u00bb4.27.0&#8243; _module_preset=\u00bbdefault\u00bb global_colors_info=\u00bb{}\u00bb][et_pb_column type=\u00bb4_4&#8243; _builder_version=\u00bb4.27.0&#8243; _module_preset=\u00bbdefault\u00bb global_colors_info=\u00bb{}\u00bb][et_pb_image src=\u00bbhttps:\/\/deepdsstudy.global\/wp-content\/uploads\/2024\/08\/cropped-DEEp_SEA-302_Icon-RGB.png\u00bb title_text=\u00bbcropped-DEEp_SEA-302_Icon-RGB.png\u00bb _builder_version=\u00bb4.27.0&#8243; _module_preset=\u00bbdefault\u00bb max_width=\u00bb100px\u00bb module_alignment=\u00bbcenter\u00bb global_colors_info=\u00bb{}\u00bb][\/et_pb_image][et_pb_heading title=\u00bb\u00bfPOR QU\u00c9 PARTICIPAR?\u00bb _builder_version=\u00bb4.27.0&#8243; _module_preset=\u00bbdefault\u00bb title_font=\u00bb|700||on|||||\u00bb title_text_align=\u00bbcenter\u00bb custom_margin=\u00bb||0px||false|false\u00bb global_colors_info=\u00bb{}\u00bb][\/et_pb_heading][et_pb_heading title=\u00bbParticipar en un estudio cl\u00ednico es una gran decisi\u00f3n, pero tambi\u00e9n es una oportunidad de unirse a nosotros en la b\u00fasqueda para ayudar a avanzar en el tratamiento del s\u00edndrome de Dravet.\u00bb _builder_version=\u00bb4.27.4&#8243; _module_preset=\u00bbdefault\u00bb title_level=\u00bbh2&#8243; title_font=\u00bb|700|||||||\u00bb title_text_align=\u00bbcenter\u00bb title_text_color=\u00bb#44A083&#8243; title_font_size=\u00bb26px\u00bb custom_margin=\u00bb||10px||false|false\u00bb title_font_size_tablet=\u00bb26px\u00bb title_font_size_phone=\u00bb22px\u00bb title_font_size_last_edited=\u00bbon|phone\u00bb global_colors_info=\u00bb{}\u00bb][\/et_pb_heading][et_pb_divider color=\u00bb#44A083&#8243; divider_weight=\u00bb1.5px\u00bb _builder_version=\u00bb4.27.0&#8243; _module_preset=\u00bbdefault\u00bb max_width=\u00bb90%\u00bb module_alignment=\u00bbcenter\u00bb custom_margin=\u00bb10px||20px||false|false\u00bb global_colors_info=\u00bb{}\u00bb][\/et_pb_divider][et_pb_text _builder_version=\u00bb4.27.5&#8243; _module_preset=\u00bbdefault\u00bb global_colors_info=\u00bb{}\u00bb]<\/p>\n<p>Al formar parte de la investigaci\u00f3n cl\u00ednica, su ser querido contribuir\u00e1 de manera activa a mejorar las opciones de tratamiento para el S\u00edndrome de Dravet y ayudar\u00e1 a impulsar los avances m\u00e9dicos para las generaciones actuales y futuras.<\/p>\n<p>No existen beneficios garantizados por participar en un estudio cl\u00ednico. No obstante, la participaci\u00f3n en el estudio DEEp SEA podr\u00eda disminuir la frecuencia de las crisis convulsivas en los participantes que se asignen al grupo del f\u00e1rmaco del estudio. Adem\u00e1s, los participantes recibir\u00e1n atenci\u00f3n y evaluaciones m\u00e9dicas continuas durante todo el estudio, as\u00ed como pruebas opcionales que podr\u00edan identificar mutaciones asociadas al s\u00edndrome de Dravet en los participantes.  <\/p>\n<p>La decisi\u00f3n de participar es personal y depende completamente de usted y su ser querido. Antes de participar en un estudio cl\u00ednico, es fundamental sentirse c\u00f3modo e informado. Comente cualquier duda que tenga con el profesional de la salud que le atienda.  <\/p>\n<p>[\/et_pb_text][et_pb_button button_url=\u00bb\/es-es\/#eligibility\u00bb button_text=\u00bbAverig\u00fce c\u00f3mo puede participar su ser querido\u00bb button_alignment=\u00bbcenter\u00bb _builder_version=\u00bb4.27.0&#8243; _module_preset=\u00bbdefault\u00bb custom_button=\u00bbon\u00bb button_text_size=\u00bb18px\u00bb button_text_color=\u00bb#FFFFFF\u00bb button_bg_color=\u00bb#043673&#8243; button_border_width=\u00bb0px\u00bb button_border_radius=\u00bb30px\u00bb button_font=\u00bb&#8211;et_global_heading_font|700|||||||\u00bb button_use_icon=\u00bboff\u00bb custom_margin=\u00bb||40px||false|false\u00bb custom_padding=\u00bb10px|45px|10px|45px|true|true\u00bb global_colors_info=\u00bb{}\u00bb button_bg_color__hover=\u00bb#44A083&#8243; button_bg_color__hover_enabled=\u00bbon|hover\u00bb button_icon_color__hover=\u00bb#043673&#8243; button_icon_color__hover_enabled=\u00bbon|hover\u00bb][\/et_pb_button][\/et_pb_column][\/et_pb_row][\/et_pb_section]<\/p>\n","protected":false},"excerpt":{"rendered":"<p>El s\u00edndrome de Dravet es una epilepsia gen\u00e9tica incre\u00edblemente desafiante que suele aparecer durante la infancia, trayendo consigo la carga de crisis convulsivas prolongadas y otros s\u00edntomas relacionados. Para las personas que lo padecen y sus familiares, entender los s\u00edntomas del s\u00edndrome de Dravet puede suponer toda una traves\u00eda emocional. La Fundaci\u00f3n S\u00edndrome de Dravet [&hellip;]<\/p>\n","protected":false},"author":2,"featured_media":0,"parent":0,"menu_order":0,"comment_status":"closed","ping_status":"closed","template":"","meta":{"_et_pb_use_builder":"on","_et_pb_old_content":"","_et_gb_content_width":"","footnotes":""},"class_list":["post-350","page","type-page","status-publish","hentry"],"_links":{"self":[{"href":"https:\/\/deepdsstudy.global\/es-es\/wp-json\/wp\/v2\/pages\/350","targetHints":{"allow":["GET"]}}],"collection":[{"href":"https:\/\/deepdsstudy.global\/es-es\/wp-json\/wp\/v2\/pages"}],"about":[{"href":"https:\/\/deepdsstudy.global\/es-es\/wp-json\/wp\/v2\/types\/page"}],"author":[{"embeddable":true,"href":"https:\/\/deepdsstudy.global\/es-es\/wp-json\/wp\/v2\/users\/2"}],"replies":[{"embeddable":true,"href":"https:\/\/deepdsstudy.global\/es-es\/wp-json\/wp\/v2\/comments?post=350"}],"version-history":[{"count":0,"href":"https:\/\/deepdsstudy.global\/es-es\/wp-json\/wp\/v2\/pages\/350\/revisions"}],"wp:attachment":[{"href":"https:\/\/deepdsstudy.global\/es-es\/wp-json\/wp\/v2\/media?parent=350"}],"curies":[{"name":"wp","href":"https:\/\/api.w.org\/{rel}","templated":true}]}}