{"id":298,"date":"2024-08-20T18:55:18","date_gmt":"2024-08-20T18:55:18","guid":{"rendered":"https:\/\/deepseaousdev.wpenginepowered.com\/dravet-syndrom\/"},"modified":"2026-02-12T15:39:28","modified_gmt":"2026-02-12T15:39:28","slug":"dravet-syndrom","status":"publish","type":"page","link":"https:\/\/deepdsstudy.global\/de-de\/dravet-syndrom\/","title":{"rendered":"Dravet-Syndrom"},"content":{"rendered":"<p>[et_pb_section fb_built=&#8220;1&#8243; _builder_version=&#8220;4.27.0&#8243; _module_preset=&#8220;default&#8220; background_image=&#8220;https:\/\/deepdsstudy.global\/wp-content\/uploads\/2024\/09\/hero_2-1.png&#8220; background_size=&#8220;contain&#8220; background_position=&#8220;top_center&#8220; custom_padding=&#8220;20px||||false|false&#8220; global_colors_info=&#8220;{}&#8220;][et_pb_row _builder_version=&#8220;4.27.0&#8243; _module_preset=&#8220;default&#8220; custom_margin=&#8220;3.5vw||0px||false|false&#8220; custom_margin_tablet=&#8220;0vw||0px||false|false&#8220; custom_margin_phone=&#8220;0vw||0px||false|false&#8220; custom_margin_last_edited=&#8220;on|phone&#8220; custom_padding=&#8220;0px||0px||false|false&#8220; global_colors_info=&#8220;{}&#8220;][et_pb_column type=&#8220;4_4&#8243; _builder_version=&#8220;4.27.0&#8243; _module_preset=&#8220;default&#8220; global_colors_info=&#8220;{}&#8220;][et_pb_image src=&#8220;https:\/\/deepdsstudy.global\/wp-content\/uploads\/2024\/09\/turtle.png&#8220; title_text=&#8220;turtle&#8220; align=&#8220;right&#8220; _builder_version=&#8220;4.27.0&#8243; _module_preset=&#8220;default&#8220; width=&#8220;30%&#8220; width_tablet=&#8220;30%&#8220; width_phone=&#8220;40%&#8220; width_last_edited=&#8220;on|phone&#8220; max_width=&#8220;240px&#8220; custom_margin=&#8220;||0px||false|false&#8220; custom_padding=&#8220;0px||0px||false|false&#8220; global_colors_info=&#8220;{}&#8220;][\/et_pb_image][\/et_pb_column][\/et_pb_row][et_pb_row custom_padding_last_edited=&#8220;on|tablet&#8220; _builder_version=&#8220;4.27.0&#8243; _module_preset=&#8220;default&#8220; custom_margin_tablet=&#8220;&#8220; custom_margin_phone=&#8220;&#8220; custom_margin_last_edited=&#8220;on|phone&#8220; custom_padding=&#8220;||||false|false&#8220; custom_padding_tablet=&#8220;||0px||false|false&#8220; custom_padding_phone=&#8220;20px||0px||false|false&#8220; global_colors_info=&#8220;{}&#8220;][et_pb_column type=&#8220;4_4&#8243; _builder_version=&#8220;4.27.0&#8243; _module_preset=&#8220;default&#8220; global_colors_info=&#8220;{}&#8220;][et_pb_heading title=&#8220;WAS IST DAS DRAVET-SYNDROM?&#8220; _builder_version=&#8220;4.27.0&#8243; _module_preset=&#8220;default&#8220; title_font=&#8220;|700|||||||&#8220; title_text_align=&#8220;center&#8220; title_text_color=&#8220;#44A083&#8243; title_font_size=&#8220;32px&#8220; custom_margin=&#8220;||10px||false|false&#8220; custom_margin_tablet=&#8220;||10px||false|false&#8220; custom_margin_phone=&#8220;||||false|false&#8220; custom_margin_last_edited=&#8220;on|phone&#8220; custom_padding=&#8220;||||false|false&#8220; title_font_size_tablet=&#8220;32px&#8220; title_font_size_phone=&#8220;&#8220; title_font_size_last_edited=&#8220;on|phone&#8220; global_colors_info=&#8220;{}&#8220;][\/et_pb_heading][et_pb_divider color=&#8220;#44A083&#8243; divider_weight=&#8220;1.5px&#8220; _builder_version=&#8220;4.27.0&#8243; _module_preset=&#8220;default&#8220; max_width=&#8220;560px&#8220; module_alignment=&#8220;center&#8220; custom_margin=&#8220;10px||0px||false|false&#8220; global_colors_info=&#8220;{}&#8220;][\/et_pb_divider][\/et_pb_column][\/et_pb_row][et_pb_row column_structure=&#8220;1_2,1_2&#8243; _builder_version=&#8220;4.27.0&#8243; _module_preset=&#8220;default&#8220; custom_margin=&#8220;||||false|false&#8220; custom_padding=&#8220;||||false|false&#8220; global_colors_info=&#8220;{}&#8220;][et_pb_column type=&#8220;1_2&#8243; _builder_version=&#8220;4.27.0&#8243; _module_preset=&#8220;default&#8220; global_colors_info=&#8220;{}&#8220;][et_pb_text _builder_version=&#8220;4.27.5&#8243; _module_preset=&#8220;default&#8220; header_3_font=&#8220;|700|||||||&#8220; global_colors_info=&#8220;{}&#8220;]<\/p>\n<h3>Das Dravet-Syndrom ist eine sehr belastende, genetisch bedingte Form von Epilepsie, die meist im S\u00e4uglingsalter auftritt und mit anhaltenden Krampfanf\u00e4llen und anderen, damit verbundenen Symptomen einhergeht. F\u00fcr die Patienten und ihre Angeh\u00f6rigen kann es eine emotionale Reise sein, sich mit den Symptomen des Dravet-Syndroms auseinanderzusetzen. <\/h3>\n<p>[\/et_pb_text][\/et_pb_column][et_pb_column type=&#8220;1_2&#8243; _builder_version=&#8220;4.27.0&#8243; _module_preset=&#8220;default&#8220; global_colors_info=&#8220;{}&#8220;][et_pb_text ul_item_indent=&#8220;35px&#8220; ul_item_indent_tablet=&#8220;30px&#8220; ul_item_indent_phone=&#8220;20px&#8220; ul_item_indent_last_edited=&#8220;on|phone&#8220; _builder_version=&#8220;4.27.5&#8243; _module_preset=&#8220;default&#8220; link_font=&#8220;||||on||||&#8220; link_text_color=&#8220;#44A083&#8243; header_3_font=&#8220;|700|||||||&#8220; custom_margin=&#8220;||0px||false|false&#8220; custom_padding=&#8220;||0px||false|false&#8220; hover_enabled=&#8220;0&#8243; global_colors_info=&#8220;{}&#8220; link_text_color__hover_enabled=&#8220;on|hover&#8220; link_text_color__hover=&#8220;#213A70&#8243; sticky_enabled=&#8220;0&#8243;]<\/p>\n<h3>Die <a href=\"https:\/\/dravet.de\/\" target=\"_blank\" rel=\"noopener\">Dravet Syndrome Foundation<\/a> nennt zum Beispiel die folgenden weiteren Symptome der Erkrankung:<\/h3>\n<ul>\n<li>verz\u00f6gerte Verhaltens- und k\u00f6rperliche Entwicklung<\/li>\n<li>Bewegungs- und Gleichgewichtsst\u00f6rungen<\/li>\n<li>verz\u00f6gerter Spracherwerb, Sprechprobleme und vieles andere mehr.<\/li>\n<\/ul>\n<p>[\/et_pb_text][\/et_pb_column][\/et_pb_row][\/et_pb_section][et_pb_section fb_built=&#8220;1&#8243; _builder_version=&#8220;4.27.0&#8243; _module_preset=&#8220;default&#8220; background_color=&#8220;#F6FAF6&#8243; global_colors_info=&#8220;{}&#8220;][et_pb_row _builder_version=&#8220;4.27.0&#8243; _module_preset=&#8220;default&#8220; custom_margin=&#8220;||||false|false&#8220; custom_padding=&#8220;10px||0px||false|false&#8220; global_colors_info=&#8220;{}&#8220;][et_pb_column type=&#8220;4_4&#8243; _builder_version=&#8220;4.27.0&#8243; _module_preset=&#8220;default&#8220; global_colors_info=&#8220;{}&#8220;][et_pb_text _builder_version=&#8220;4.27.5&#8243; _module_preset=&#8220;default&#8220; text_font=&#8220;||||||||&#8220; header_font=&#8220;||||||||&#8220; text_orientation=&#8220;center&#8220; custom_margin=&#8220;||||false|false&#8220; global_colors_info=&#8220;{}&#8220;]<\/p>\n<h2>Bei Erwachsenen kann das Dravet-Syndrom mit besonders gro\u00dfen Herausforderungen verbunden sein, da die Betroffenen eine besondere Versorgung und Verst\u00e4ndnis brauchen. Es ist wichtig, anzuerkennen, dass die Geschichte jedes Betroffenen einzigartig ist und dass es fundamental wichtig ist, die Unterst\u00fctzung einer Gemeinschaft zu suchen. <\/h2>\n<p>[\/et_pb_text][\/et_pb_column][\/et_pb_row][\/et_pb_section][et_pb_section fb_built=&#8220;1&#8243; _builder_version=&#8220;4.27.0&#8243; _module_preset=&#8220;default&#8220; background_color=&#8220;#FFFFFF&#8220; background_enable_image=&#8220;off&#8220; background_size=&#8220;contain&#8220; background_position=&#8220;top_center&#8220; background_vertical_offset=&#8220;-7%&#8220; custom_padding=&#8220;||||false|false&#8220; global_colors_info=&#8220;{}&#8220;][et_pb_row column_structure=&#8220;2_5,3_5&#8243; make_equal=&#8220;on&#8220; _builder_version=&#8220;4.27.0&#8243; _module_preset=&#8220;default&#8220; module_alignment=&#8220;center&#8220; custom_margin=&#8220;||||false|false&#8220; custom_css_main_element=&#8220;align-items: center;&#8220; global_colors_info=&#8220;{}&#8220;][et_pb_column type=&#8220;2_5&#8243; _builder_version=&#8220;4.27.0&#8243; _module_preset=&#8220;default&#8220; global_colors_info=&#8220;{}&#8220;][et_pb_image src=&#8220;https:\/\/deepdsstudy.global\/wp-content\/uploads\/2024\/09\/fish-seahorse-circle.png&#8220; title_text=&#8220;fish-seahorse-circle&#8220; _builder_version=&#8220;4.27.0&#8243; _module_preset=&#8220;default&#8220; max_width=&#8220;340px&#8220; module_alignment=&#8220;right&#8220; module_alignment_tablet=&#8220;center&#8220; module_alignment_phone=&#8220;center&#8220; module_alignment_last_edited=&#8220;on|tablet&#8220; global_colors_info=&#8220;{}&#8220;][\/et_pb_image][\/et_pb_column][et_pb_column type=&#8220;3_5&#8243; _builder_version=&#8220;4.27.0&#8243; _module_preset=&#8220;default&#8220; global_colors_info=&#8220;{}&#8220;][et_pb_text _builder_version=&#8220;4.27.5&#8243; _module_preset=&#8220;default&#8220; header_2_font=&#8220;|700|||||||&#8220; header_2_text_color=&#8220;#44A083&#8243; header_3_font=&#8220;|700|||||||&#8220; header_3_text_color=&#8220;#44A083&#8243; custom_margin=&#8220;||0px||false|false&#8220; global_colors_info=&#8220;{}&#8220;]<\/p>\n<h2>Das Leben mit Dravet-Syndrom kann sich manchmal \u00fcberfordernd anf\u00fchlen, doch betroffene Familien m\u00fcssen wissen, dass sie nicht allein sind.<\/h2>\n<p>[\/et_pb_text][et_pb_divider color=&#8220;#44A083&#8243; divider_weight=&#8220;1.5px&#8220; _builder_version=&#8220;4.27.0&#8243; _module_preset=&#8220;default&#8220; max_width=&#8220;99%&#8220; module_alignment=&#8220;left&#8220; custom_margin=&#8220;10px||0px||false|false&#8220; locked=&#8220;off&#8220; global_colors_info=&#8220;{}&#8220;][\/et_pb_divider][et_pb_text _builder_version=&#8220;4.27.5&#8243; _module_preset=&#8220;default&#8220; global_colors_info=&#8220;{}&#8220;]<\/p>\n<p>W\u00e4hrend die Wissenschaft die Erkrankung immer besser erforscht, w\u00e4chst zugleich die Gemeinschaft der Betroffenen und Betreuungspersonen, die vor \u00e4hnlichen Herausforderungen stehen. Neue Behandlungsans\u00e4tze werden erforscht, um die Lebensqualit\u00e4t von Kindern und Erwachsenen mit Dravet-Syndrom zu erh\u00f6hen. <\/p>\n<p>[\/et_pb_text][\/et_pb_column][\/et_pb_row][et_pb_row custom_padding_last_edited=&#8220;on|tablet&#8220; _builder_version=&#8220;4.27.0&#8243; _module_preset=&#8220;default&#8220; custom_padding_tablet=&#8220;0px||||false|false&#8220; custom_padding_phone=&#8220;0px||||false|false&#8220; global_colors_info=&#8220;{}&#8220;][et_pb_column type=&#8220;4_4&#8243; _builder_version=&#8220;4.27.0&#8243; _module_preset=&#8220;default&#8220; global_colors_info=&#8220;{}&#8220;][et_pb_text _builder_version=&#8220;4.27.5&#8243; _module_preset=&#8220;default&#8220; header_2_font=&#8220;|700|||||||&#8220; header_3_font=&#8220;|700|||||||&#8220; text_orientation=&#8220;center&#8220; custom_margin=&#8220;||0px||false|false&#8220; custom_padding=&#8220;||0px||false|false&#8220; global_colors_info=&#8220;{}&#8220;]<\/p>\n<h2>Gemeinsam k\u00f6nnen wir ein unterst\u00fctzendes Umfeld schaffen, in dem der Austausch von Erfahrungen und Ressourcen Familien die Kraft und die F\u00e4higkeit gibt, mit Zuversicht und Resilienz in die Zukunft zu gehen.<\/h2>\n<p>[\/et_pb_text][et_pb_button button_url=&#8220;\/de-de\/#eligibility&#8220; button_text=&#8220;An der Forschung zum Dravet-Syndrom mitwirken&#8220; button_alignment=&#8220;center&#8220; _builder_version=&#8220;4.27.0&#8243; _module_preset=&#8220;default&#8220; custom_button=&#8220;on&#8220; button_text_size=&#8220;16px&#8220; button_text_color=&#8220;#FFFFFF&#8220; button_bg_color=&#8220;#043673&#8243; button_border_width=&#8220;0px&#8220; button_border_radius=&#8220;30px&#8220; button_font=&#8220;&#8211;et_global_heading_font|700|||||||&#8220; button_use_icon=&#8220;off&#8220; custom_margin=&#8220;20px||20px||false|false&#8220; custom_padding=&#8220;10px|45px|10px|45px|true|true&#8220; global_colors_info=&#8220;{}&#8220; button_bg_color__hover=&#8220;#44A083&#8243; button_bg_color__hover_enabled=&#8220;on|hover&#8220; button_icon_color__hover=&#8220;#043673&#8243; button_icon_color__hover_enabled=&#8220;on|hover&#8220;][\/et_pb_button][\/et_pb_column][\/et_pb_row][\/et_pb_section][et_pb_section fb_built=&#8220;1&#8243; next_background_color=&#8220;#ffffff&#8220; _builder_version=&#8220;4.27.0&#8243; _module_preset=&#8220;default&#8220; background_color=&#8220;#213A70&#8243; custom_padding=&#8220;54px||120px||false|false&#8220; bottom_divider_style=&#8220;wave&#8220; bottom_divider_height=&#8220;50px&#8220; global_colors_info=&#8220;{}&#8220;][et_pb_row custom_padding_last_edited=&#8220;on|phone&#8220; _builder_version=&#8220;4.27.0&#8243; _module_preset=&#8220;default&#8220; custom_padding_tablet=&#8220;&#8220; custom_padding_phone=&#8220;&#8220; global_colors_info=&#8220;{}&#8220;][et_pb_column type=&#8220;4_4&#8243; _builder_version=&#8220;4.27.0&#8243; _module_preset=&#8220;default&#8220; global_colors_info=&#8220;{}&#8220;][et_pb_heading title=&#8220;\u00dcBER DAS PR\u00dcFPR\u00c4PARAT&#8220; _builder_version=&#8220;4.27.0&#8243; _module_preset=&#8220;default&#8220; title_level=&#8220;h2&#8243; title_font=&#8220;|700|||||||&#8220; title_text_align=&#8220;center&#8220; title_text_color=&#8220;#A9D5C3&#8243; title_font_size=&#8220;32px&#8220; custom_margin=&#8220;||10px||false|false&#8220; title_font_size_tablet=&#8220;32px&#8220; title_font_size_phone=&#8220;26px&#8220; title_font_size_last_edited=&#8220;on|tablet&#8220; global_colors_info=&#8220;{}&#8220;][\/et_pb_heading][et_pb_divider color=&#8220;#A9D5C3&#8243; divider_weight=&#8220;1.5px&#8220; _builder_version=&#8220;4.27.0&#8243; _module_preset=&#8220;default&#8220; max_width=&#8220;670px&#8220; module_alignment=&#8220;center&#8220; custom_margin=&#8220;10px||20px||false|false&#8220; global_colors_info=&#8220;{}&#8220;][\/et_pb_divider][et_pb_text _builder_version=&#8220;4.27.5&#8243; _module_preset=&#8220;default&#8220; header_2_font=&#8220;|700|||||||&#8220; header_2_text_color=&#8220;#FFFFFF&#8220; header_3_font=&#8220;|700|||||||&#8220; header_3_text_color=&#8220;#44A083&#8243; text_orientation=&#8220;center&#8220; custom_margin=&#8220;||0px||false|false&#8220; global_colors_info=&#8220;{}&#8220;]<\/p>\n<h2>In der klinischen Studie DEEp SEA wird untersucht, wie sicher das Pr\u00fcfpr\u00e4parat ist und wie wirksam es die Zahl der Krampfanf\u00e4lle bei Kindern und Erwachsenen mit Dravet-Syndrom verringern kann. <\/p>\n<p>Au\u00dferdem werden Schlaf- und Lebensqualit\u00e4t sowie der Schweregrad der Erkrankung gemessen.<\/h2>\n<p>[\/et_pb_text][\/et_pb_column][\/et_pb_row][et_pb_row column_structure=&#8220;3_5,2_5&#8243; make_equal=&#8220;on&#8220; _builder_version=&#8220;4.27.0&#8243; _module_preset=&#8220;default&#8220; custom_margin=&#8220;0px||||false|false&#8220; custom_padding=&#8220;0px||||false|false&#8220; custom_css_main_element=&#8220;align-items: center;&#8220; global_colors_info=&#8220;{}&#8220;][et_pb_column type=&#8220;3_5&#8243; _builder_version=&#8220;4.27.0&#8243; _module_preset=&#8220;default&#8220; global_colors_info=&#8220;{}&#8220;][et_pb_text _builder_version=&#8220;4.27.4&#8243; _module_preset=&#8220;default&#8220; text_text_color=&#8220;#FFFFFF&#8220; global_colors_info=&#8220;{}&#8220;]<\/p>\n<p>Das Pr\u00fcfpr\u00e4parat wurde zuvor bei 239 Personen untersucht, darunter einige mit Dravet-Syndrom. Es aktiviert einen bestimmten Rezeptor der Nervenzellen. Das ver\u00e4ndert das Verhalten der Zellen und hat bei einigen Menschen dazu beigetragen, die Krampfanf\u00e4lle zu verringern. <\/p>\n<p>\u201ePr\u00fcfpr\u00e4parat\u201c wird als Oberbegriff f\u00fcr das in der Erprobung befindliche Medikament oder das Placebo verwendet; beide L\u00f6sungen sehen gleich aus und schmecken gleich. Das Pr\u00fcfpr\u00e4parat ist eine Fl\u00fcssigkeit, die entweder oral eingenommen (also heruntergeschluckt) oder \u00fcber eine Ern\u00e4hrungssonde verabreicht wird.  <\/p>\n<p>[\/et_pb_text][et_pb_button button_url=&#8220;\/de-de\/#eligibility&#8220; button_text=&#8220;Wer kann teilnehmen?&#8220; button_alignment=&#8220;left&#8220; button_alignment_tablet=&#8220;center&#8220; button_alignment_phone=&#8220;center&#8220; button_alignment_last_edited=&#8220;on|tablet&#8220; _builder_version=&#8220;4.27.4&#8243; _module_preset=&#8220;default&#8220; custom_button=&#8220;on&#8220; button_text_size=&#8220;16px&#8220; button_text_color=&#8220;#FFFFFF&#8220; button_bg_color=&#8220;#44A083&#8243; button_border_width=&#8220;5px&#8220; button_border_radius=&#8220;30px&#8220; button_font=&#8220;&#8211;et_global_heading_font|700|||||||&#8220; button_use_icon=&#8220;off&#8220; custom_margin=&#8220;40px||||false|false&#8220; custom_padding=&#8220;10px|45px|10px|45px|true|true&#8220; global_colors_info=&#8220;{}&#8220; button_text_color__hover=&#8220;#00475B&#8220; button_text_color__hover_enabled=&#8220;on|desktop&#8220; button_bg_color__hover=&#8220;#A9D5C3&#8243; button_bg_color__hover_enabled=&#8220;on|hover&#8220; button_icon_color__hover=&#8220;#F4F8FA&#8220; button_icon_color__hover_enabled=&#8220;on|hover&#8220; custom_padding__hover=&#8220;|45px|||true|false&#8220; custom_padding__hover_enabled=&#8220;on|hover&#8220; button_border_color__hover_enabled=&#8220;on|hover&#8220; button_border_color__hover=&#8220;#FFFFFF&#8220;][\/et_pb_button][\/et_pb_column][et_pb_column type=&#8220;2_5&#8243; _builder_version=&#8220;4.27.0&#8243; _module_preset=&#8220;default&#8220; global_colors_info=&#8220;{}&#8220;][et_pb_image src=&#8220;https:\/\/deepdsstudy.global\/wp-content\/uploads\/2024\/09\/dolphin_check.png&#8220; title_text=&#8220;dolphin_check&#8220; align=&#8220;center&#8220; _builder_version=&#8220;4.27.0&#8243; _module_preset=&#8220;default&#8220; max_width_tablet=&#8220;280px&#8220; max_width_phone=&#8220;280px&#8220; max_width_last_edited=&#8220;on|tablet&#8220; module_alignment=&#8220;center&#8220; max_height=&#8220;310px&#8220; custom_margin=&#8220;||||false|false&#8220; custom_margin_tablet=&#8220;30px||||false|false&#8220; custom_margin_phone=&#8220;30px||||false|false&#8220; custom_margin_last_edited=&#8220;on|tablet&#8220; global_colors_info=&#8220;{}&#8220;][\/et_pb_image][\/et_pb_column][\/et_pb_row][\/et_pb_section][et_pb_section fb_built=&#8220;1&#8243; next_background_color=&#8220;#F4F8FA&#8220; _builder_version=&#8220;4.27.0&#8243; _module_preset=&#8220;default&#8220; bottom_divider_style=&#8220;wave2&#8243; bottom_divider_height=&#8220;50px&#8220; bottom_divider_flip=&#8220;horizontal&#8220; global_colors_info=&#8220;{}&#8220;][et_pb_row _builder_version=&#8220;4.27.0&#8243; _module_preset=&#8220;default&#8220; global_colors_info=&#8220;{}&#8220;][et_pb_column type=&#8220;4_4&#8243; _builder_version=&#8220;4.27.0&#8243; _module_preset=&#8220;default&#8220; global_colors_info=&#8220;{}&#8220;][et_pb_image src=&#8220;https:\/\/deepdsstudy.global\/wp-content\/uploads\/2024\/08\/cropped-DEEp_SEA-302_Icon-RGB.png&#8220; title_text=&#8220;cropped-DEEp_SEA-302_Icon-RGB.png&#8220; _builder_version=&#8220;4.27.0&#8243; _module_preset=&#8220;default&#8220; max_width=&#8220;100px&#8220; module_alignment=&#8220;center&#8220; global_colors_info=&#8220;{}&#8220;][\/et_pb_image][et_pb_heading title=&#8220;WARUM TEILNEHMEN?&#8220; _builder_version=&#8220;4.27.0&#8243; _module_preset=&#8220;default&#8220; title_font=&#8220;|700||on|||||&#8220; title_text_align=&#8220;center&#8220; custom_margin=&#8220;||0px||false|false&#8220; global_colors_info=&#8220;{}&#8220;][\/et_pb_heading][et_pb_heading title=&#8220;Die Teilnahme an einer klinischen Studie bedeutet eine gro\u00dfe Entscheidung, aber auch die M\u00f6glichkeit, mit vereinten Kr\u00e4ften den Fortschritt in der Behandlung des Dravet-Syndroms voranzutreiben.&#8220; _builder_version=&#8220;4.27.4&#8243; _module_preset=&#8220;default&#8220; title_level=&#8220;h2&#8243; title_font=&#8220;|700|||||||&#8220; title_text_align=&#8220;center&#8220; title_text_color=&#8220;#44A083&#8243; title_font_size=&#8220;26px&#8220; custom_margin=&#8220;||10px||false|false&#8220; title_font_size_tablet=&#8220;26px&#8220; title_font_size_phone=&#8220;22px&#8220; title_font_size_last_edited=&#8220;on|phone&#8220; global_colors_info=&#8220;{}&#8220;][\/et_pb_heading][et_pb_divider color=&#8220;#44A083&#8243; divider_weight=&#8220;1.5px&#8220; _builder_version=&#8220;4.27.0&#8243; _module_preset=&#8220;default&#8220; max_width=&#8220;90%&#8220; module_alignment=&#8220;center&#8220; custom_margin=&#8220;10px||20px||false|false&#8220; global_colors_info=&#8220;{}&#8220;][\/et_pb_divider][et_pb_text _builder_version=&#8220;4.27.5&#8243; _module_preset=&#8220;default&#8220; global_colors_info=&#8220;{}&#8220;]<\/p>\n<p>Durch die Teilnahme an der klinischen Forschung wird Ihre Angeh\u00f6rige\/Ihr Angeh\u00f6riger eine aktive Rolle in der Entwicklung von Behandlungsm\u00f6glichkeiten f\u00fcr das Dravet-Syndrom spielen und zum medizinischen Fortschritt f\u00fcr gegenw\u00e4rtige und zuk\u00fcnftige Generationen beitragen.<\/p>\n<p>Mit der Teilnahme an einer klinischen Studie ist kein nachgewiesener Nutzen verbunden. Die Teilnahme an der Studie DEEp SEA kann jedoch bei den Teilnehmenden, die der Pr\u00fcfpr\u00e4parat-Gruppe zugeteilt werden, die Anfallsh\u00e4ufigkeit verringern. Au\u00dferdem erhalten alle Teilnehmenden w\u00e4hrend der gesamten Studie eine durchg\u00e4ngige medizinische Betreuung und Untersuchungen sowie optionale Tests mit dem Ziel, Gen-Mutationen zu identifizieren, die mit dem Dravet-Syndrom in Verbindung stehen.  <\/p>\n<p>Die Entscheidung zur Teilnahme ist eine pers\u00f6nliche Angelegenheit und liegt ganz bei Ihnen und Ihrer\/Ihrem Angeh\u00f6rigen. Es ist wichtig, sich mit der Situation wohlzuf\u00fchlen und gut informiert zu sein, bevor Sie eine Entscheidung \u00fcber die Teilnahme an einer klinischen Studie trifft. Bitte besprechen Sie alle Fragen, die Sie haben, mit Ihrem Arzt.  <\/p>\n<p>[\/et_pb_text][et_pb_button button_url=&#8220;\/de-de\/#eligibility&#8220; button_text=&#8220;Finden Sie heraus, wie Ihre Angeh\u00f6rige\/Ihr Angeh\u00f6riger teilnehmen kann&#8220; button_alignment=&#8220;center&#8220; _builder_version=&#8220;4.27.0&#8243; _module_preset=&#8220;default&#8220; custom_button=&#8220;on&#8220; button_text_size=&#8220;18px&#8220; button_text_color=&#8220;#FFFFFF&#8220; button_bg_color=&#8220;#043673&#8243; button_border_width=&#8220;0px&#8220; button_border_radius=&#8220;30px&#8220; button_font=&#8220;&#8211;et_global_heading_font|700|||||||&#8220; button_use_icon=&#8220;off&#8220; custom_margin=&#8220;||40px||false|false&#8220; custom_padding=&#8220;10px|45px|10px|45px|true|true&#8220; global_colors_info=&#8220;{}&#8220; button_bg_color__hover=&#8220;#44A083&#8243; button_bg_color__hover_enabled=&#8220;on|hover&#8220; button_icon_color__hover=&#8220;#043673&#8243; button_icon_color__hover_enabled=&#8220;on|hover&#8220;][\/et_pb_button][\/et_pb_column][\/et_pb_row][\/et_pb_section]<\/p>\n","protected":false},"excerpt":{"rendered":"<p>Das Dravet-Syndrom ist eine sehr belastende, genetisch bedingte Form von Epilepsie, die meist im S\u00e4uglingsalter auftritt und mit anhaltenden Krampfanf\u00e4llen und anderen, damit verbundenen Symptomen einhergeht. F\u00fcr die Patienten und ihre Angeh\u00f6rigen kann es eine emotionale Reise sein, sich mit den Symptomen des Dravet-Syndroms auseinanderzusetzen. Die Dravet Syndrome Foundation nennt zum Beispiel die folgenden weiteren [&hellip;]<\/p>\n","protected":false},"author":2,"featured_media":0,"parent":0,"menu_order":0,"comment_status":"closed","ping_status":"closed","template":"","meta":{"_et_pb_use_builder":"on","_et_pb_old_content":"","_et_gb_content_width":"","footnotes":""},"class_list":["post-298","page","type-page","status-publish","hentry"],"_links":{"self":[{"href":"https:\/\/deepdsstudy.global\/de-de\/wp-json\/wp\/v2\/pages\/298","targetHints":{"allow":["GET"]}}],"collection":[{"href":"https:\/\/deepdsstudy.global\/de-de\/wp-json\/wp\/v2\/pages"}],"about":[{"href":"https:\/\/deepdsstudy.global\/de-de\/wp-json\/wp\/v2\/types\/page"}],"author":[{"embeddable":true,"href":"https:\/\/deepdsstudy.global\/de-de\/wp-json\/wp\/v2\/users\/2"}],"replies":[{"embeddable":true,"href":"https:\/\/deepdsstudy.global\/de-de\/wp-json\/wp\/v2\/comments?post=298"}],"version-history":[{"count":0,"href":"https:\/\/deepdsstudy.global\/de-de\/wp-json\/wp\/v2\/pages\/298\/revisions"}],"wp:attachment":[{"href":"https:\/\/deepdsstudy.global\/de-de\/wp-json\/wp\/v2\/media?parent=298"}],"curies":[{"name":"wp","href":"https:\/\/api.w.org\/{rel}","templated":true}]}}